{"id":52,"date":"2022-06-07T19:34:22","date_gmt":"2022-06-07T19:34:22","guid":{"rendered":"https:\/\/reklamni-zapalky.cz\/eshop\/?post_type=product&#038;p=52"},"modified":"2025-02-19T12:27:36","modified_gmt":"2025-02-19T12:27:36","slug":"kenwex-zapalky-ke-svickam-svicka-prouzek","status":"publish","type":"product","link":"https:\/\/reklamni-zapalky.cz\/eshop\/produkt\/kenwex-zapalky-ke-svickam-svicka-prouzek\/","title":{"rendered":"Kenwex z\u00e1palky ke sv\u00ed\u010dk\u00e1m &#8211; sv\u00ed\u010dka, prou\u017eek"},"content":{"rendered":"<h5><strong>Z\u00e1palky d\u00e9lky cca 9,5 cm vhodn\u00e9 pro zapalov\u00e1n\u00ed sv\u00ed\u010dek.<\/strong><\/h5>\n<h5><strong>Dv\u011b verze &#8211; barevn\u00e9 prou\u017eky nebo r\u016f\u017eov\u00e9 se sv\u00ed\u010dkou<\/strong><\/h5>\n<h5><strong>Rozm\u011br krabi\u010dky: 105 x 35 x 10 mm<\/strong><\/h5>\n<h5><strong>Po\u010det z\u00e1palek: cca 10 ks<\/strong><\/h5>\n<h5><strong>D\u00e9lka z\u00e1palek: cca 9,5 cm<\/strong><\/h5>\n<h5><strong>Pokud byste cht\u011bli z\u00e1palky Cigar se svou vlastn\u00ed grafikou, p\u0159ejd\u011bte na:<\/strong><\/h5>\n<h5><strong><a href=\"http:\/\/reklamni-zapalky.cz\/reklamni-zapalky\/cigar\/\">http:\/\/reklamni-zapalky.cz\/reklamni-zapalky\/cigar\/<\/a><\/strong><\/h5>\n<p>&nbsp;<\/p>\n<h5><strong>Bezpe\u010dnostn\u00ed z\u00e1palky \/ Chra\u0148te p\u0159ed d\u011btmi \/ Vyrobeno v EU \/ Norma EN 1783:1997:SAF.<\/strong><\/h5>\n","protected":false},"excerpt":{"rendered":"<p>Z\u00e1palky d\u00e9lky cca 9,5 cm vhodn\u00e9 pro zapalov\u00e1n\u00ed sv\u00ed\u010dek. Dv\u011b verze &#8211; barevn\u00e9 prou\u017eky nebo r\u016f\u017eov\u00e9 se sv\u00ed\u010dkou Rozm\u011br krabi\u010dky: 105 x 35 x 10 mm Po\u010det z\u00e1palek: cca 10 ks D\u00e9lka z\u00e1palek: cca 9,5 cm Pokud byste cht\u011bli z\u00e1palky Cigar se svou vlastn\u00ed grafikou, p\u0159ejd\u011bte na: http:\/\/reklamni-zapalky.cz\/reklamni-zapalky\/cigar\/ &nbsp; Bezpe\u010dnostn\u00ed z\u00e1palky \/ Chra\u0148te p\u0159ed d\u011btmi [&hellip;]<\/p>\n","protected":false},"featured_media":23442,"template":"","meta":[],"product_cat":[16],"product_tag":[33,36,32],"class_list":{"0":"post-52","1":"product","2":"type-product","3":"status-publish","4":"has-post-thumbnail","6":"product_cat-zapalky-klasicke-ve-skle","7":"product_tag-dlouhe","8":"product_tag-ke-svickam","9":"product_tag-zapalky","11":"first","12":"instock","13":"taxable","14":"shipping-taxable","15":"purchasable","16":"product-type-variable"},"jetpack_sharing_enabled":true,"_links":{"self":[{"href":"https:\/\/reklamni-zapalky.cz\/eshop\/wp-json\/wp\/v2\/product\/52","targetHints":{"allow":["GET"]}}],"collection":[{"href":"https:\/\/reklamni-zapalky.cz\/eshop\/wp-json\/wp\/v2\/product"}],"about":[{"href":"https:\/\/reklamni-zapalky.cz\/eshop\/wp-json\/wp\/v2\/types\/product"}],"wp:featuredmedia":[{"embeddable":true,"href":"https:\/\/reklamni-zapalky.cz\/eshop\/wp-json\/wp\/v2\/media\/23442"}],"wp:attachment":[{"href":"https:\/\/reklamni-zapalky.cz\/eshop\/wp-json\/wp\/v2\/media?parent=52"}],"wp:term":[{"taxonomy":"product_cat","embeddable":true,"href":"https:\/\/reklamni-zapalky.cz\/eshop\/wp-json\/wp\/v2\/product_cat?post=52"},{"taxonomy":"product_tag","embeddable":true,"href":"https:\/\/reklamni-zapalky.cz\/eshop\/wp-json\/wp\/v2\/product_tag?post=52"}],"curies":[{"name":"wp","href":"https:\/\/api.w.org\/{rel}","templated":true}]}}