{"id":23980,"date":"2024-11-19T20:08:58","date_gmt":"2024-11-19T20:08:58","guid":{"rendered":"https:\/\/reklamni-zapalky.cz\/eshop\/?post_type=product&#038;p=23980"},"modified":"2025-11-03T10:52:43","modified_gmt":"2025-11-03T10:52:43","slug":"rostouci-tuzka-sprout-salvej","status":"publish","type":"product","link":"https:\/\/reklamni-zapalky.cz\/eshop\/produkt\/rostouci-tuzka-sprout-salvej\/","title":{"rendered":"Rostouc\u00ed tu\u017eka Sprout &#8211; \u0160ALV\u011aJ"},"content":{"rendered":"<h5><strong>Rostouc\u00ed tu\u017eky Sprout jsou ekologick\u00e9, kr\u00e1sn\u011b von\u00ed a maj\u00ed funkci nav\u00edc &#8211; rostou!\u00a0<\/strong><\/h5>\n<h5><strong>Aby ze sem\u00ednek vykl\u00ed\u010dily a vyrostly velk\u00e9 a kr\u00e1sn\u00e9 rostliny je zapot\u0159eb\u00ed aktivn\u00ed \u00fasil\u00ed, p\u00e9\u010de a trp\u011blivost. Ka\u017ed\u00e1 tu\u017eka SPROUT obsahuje nejm\u00e9n\u011b 5 sem\u00ednek dle typu bylinky. Sem\u00ednka jsou bez pesticid\u016f.<\/strong><\/h5>\n<h5><strong>Nezapome\u0148te, \u017ee bazalka je jedin\u00e1 z \u201ebylinkov\u00fdch tu\u017eek\u201c, kter\u00e9 prosp\u00edv\u00e1 p\u011bstov\u00e1n\u00ed uvnit\u0159. Proto v\u017edy doporu\u010dujeme, abyste bylinky p\u0159enesli ven na zahradu, do sklen\u00edku nebo do kv\u011btin\u00e1\u010de, ihned pot\u00e9 co za\u010dnou r\u016fst.\u00a0<\/strong><\/h5>\n<h5><strong>Tu\u017eky Sprout se vyr\u00e1b\u00ed v Minnesot\u011b v USA. Jejich t\u011blo je z cedru a tuha z grafitu a j\u00edlu a neobsahuje \u017e\u00e1dn\u00e9 olovo. Jsou zcela p\u0159\u00edrodn\u00ed a nep\u0159edstavuj\u00ed \u017e\u00e1dn\u00e9 riziko pro rostliny, spodn\u00ed vodu ani pro \u010dlov\u011bka.\u00a0<\/strong><\/h5>\n<h5><strong>Tu\u017eky z\u00edskaly ji\u017e \u0159adu mezin\u00e1rodn\u00edch ocen\u011bn\u00ed.<\/strong><\/h5>\n","protected":false},"excerpt":{"rendered":"<h5><strong>Tu\u017eky, kter\u00e9 cht\u011bj\u00ed r\u016fst!!!<\/strong><\/h5>\n<h5><strong>Ostrouhej &#8211; Pi\u0161 &#8211; &#8211; Zasa\u010f &#8211; Zalij &#8211; Skl\u00edzej!\u00a0<\/strong><\/h5>\n<h5><strong>D\u00e9lka tu\u017eky: 19 cm.<\/strong><\/h5>\n<h5><strong>D\u0159evo: cedr<\/strong><\/h5>\n<h5><strong>Tuha: grafit a j\u00edl (bez obsahu olova)<\/strong><\/h5>\n<h5><strong>Balen\u00ed: tu\u017eky jsou nebalen\u00e9, dod\u00e1ny voln\u011b<\/strong><\/h5>\n<h5><strong>\u00daprava tu\u017eky: neo\u0159ezan\u00e1<\/strong><\/h5>\n<h5><strong>Vy\u0161\u0161\u00ed mno\u017estv\u00ed na popt\u00e1n\u00ed.<\/strong><\/h5>\n","protected":false},"featured_media":23518,"template":"","meta":[],"product_cat":[22],"product_tag":[78,77,169,76],"class_list":{"0":"post-23980","1":"product","2":"type-product","3":"status-publish","4":"has-post-thumbnail","6":"product_cat-rostouci-tuzky-sprout","7":"product_tag-bylinky","8":"product_tag-rostouci","9":"product_tag-salvej","10":"product_tag-tuzka","12":"first","13":"instock","14":"taxable","15":"shipping-taxable","16":"purchasable","17":"product-type-simple"},"jetpack_sharing_enabled":true,"_links":{"self":[{"href":"https:\/\/reklamni-zapalky.cz\/eshop\/wp-json\/wp\/v2\/product\/23980","targetHints":{"allow":["GET"]}}],"collection":[{"href":"https:\/\/reklamni-zapalky.cz\/eshop\/wp-json\/wp\/v2\/product"}],"about":[{"href":"https:\/\/reklamni-zapalky.cz\/eshop\/wp-json\/wp\/v2\/types\/product"}],"wp:featuredmedia":[{"embeddable":true,"href":"https:\/\/reklamni-zapalky.cz\/eshop\/wp-json\/wp\/v2\/media\/23518"}],"wp:attachment":[{"href":"https:\/\/reklamni-zapalky.cz\/eshop\/wp-json\/wp\/v2\/media?parent=23980"}],"wp:term":[{"taxonomy":"product_cat","embeddable":true,"href":"https:\/\/reklamni-zapalky.cz\/eshop\/wp-json\/wp\/v2\/product_cat?post=23980"},{"taxonomy":"product_tag","embeddable":true,"href":"https:\/\/reklamni-zapalky.cz\/eshop\/wp-json\/wp\/v2\/product_tag?post=23980"}],"curies":[{"name":"wp","href":"https:\/\/api.w.org\/{rel}","templated":true}]}}