{"id":23849,"date":"2023-05-31T11:05:40","date_gmt":"2023-05-31T11:05:40","guid":{"rendered":"http:\/\/reklamni-zapalky.cz\/eshop\/?post_type=product&#038;p=23849"},"modified":"2023-05-31T11:05:41","modified_gmt":"2023-05-31T11:05:41","slug":"carneol-talir-plytky-transparentni","status":"publish","type":"product","link":"https:\/\/reklamni-zapalky.cz\/eshop\/produkt\/carneol-talir-plytky-transparentni\/","title":{"rendered":"Carneol tal\u00ed\u0159 plytk\u00fd, transparentn\u00ed"},"content":{"rendered":"<p>Tal\u00ed\u0159 Carneol plytk\u00fd<\/p>\n<p>Barva: transparentn\u00ed<\/p>\n<p>Rozm\u011br: 31 x 1 cm<\/p>\n<p>Okraje jsou zdobeny vespod vypoukl\u00fdmi te\u010dkami.<\/p>\n<p>Ru\u010dn\u00ed pr\u00e1ce &#8211; ka\u017ed\u00fd tal\u00ed\u0159 je origin\u00e1l.<\/p>\n","protected":false},"excerpt":{"rendered":"<p>Ru\u010dn\u011b vyr\u00e1b\u011bn\u00e9 sklo ma\u010farsk\u00e9 spole\u010dnosti Carneol. Ka\u017ed\u00fd kousek je origin\u00e1l.<\/p>\n","protected":false},"featured_media":23851,"template":"","meta":[],"product_cat":[145],"product_tag":[141,140,160],"class_list":{"0":"post-23849","1":"product","2":"type-product","3":"status-publish","4":"has-post-thumbnail","6":"product_cat-carneol-designove-sklo-vyprodej","7":"product_tag-carneol","8":"product_tag-sklo","9":"product_tag-talir","11":"first","12":"instock","13":"taxable","14":"shipping-taxable","15":"purchasable","16":"product-type-simple"},"jetpack_sharing_enabled":true,"_links":{"self":[{"href":"https:\/\/reklamni-zapalky.cz\/eshop\/wp-json\/wp\/v2\/product\/23849","targetHints":{"allow":["GET"]}}],"collection":[{"href":"https:\/\/reklamni-zapalky.cz\/eshop\/wp-json\/wp\/v2\/product"}],"about":[{"href":"https:\/\/reklamni-zapalky.cz\/eshop\/wp-json\/wp\/v2\/types\/product"}],"wp:featuredmedia":[{"embeddable":true,"href":"https:\/\/reklamni-zapalky.cz\/eshop\/wp-json\/wp\/v2\/media\/23851"}],"wp:attachment":[{"href":"https:\/\/reklamni-zapalky.cz\/eshop\/wp-json\/wp\/v2\/media?parent=23849"}],"wp:term":[{"taxonomy":"product_cat","embeddable":true,"href":"https:\/\/reklamni-zapalky.cz\/eshop\/wp-json\/wp\/v2\/product_cat?post=23849"},{"taxonomy":"product_tag","embeddable":true,"href":"https:\/\/reklamni-zapalky.cz\/eshop\/wp-json\/wp\/v2\/product_tag?post=23849"}],"curies":[{"name":"wp","href":"https:\/\/api.w.org\/{rel}","templated":true}]}}