{"id":23845,"date":"2023-05-31T10:55:14","date_gmt":"2023-05-31T10:55:14","guid":{"rendered":"http:\/\/reklamni-zapalky.cz\/eshop\/?post_type=product&#038;p=23845"},"modified":"2023-12-06T12:22:40","modified_gmt":"2023-12-06T12:22:40","slug":"carneol-talir-hluboky-transparentni","status":"publish","type":"product","link":"https:\/\/reklamni-zapalky.cz\/eshop\/produkt\/carneol-talir-hluboky-transparentni\/","title":{"rendered":"Carneol tal\u00ed\u0159 hlubok\u00fd, transparentn\u00ed"},"content":{"rendered":"<p>Tal\u00ed\u0159 Carneol hlubok\u00fd<\/p>\n<p>Barva: transparentn\u00ed<\/p>\n<p>Rozm\u011br: 26 x 4 cm<\/p>\n<p>Okraje jsou zdobeny vespod vypoukl\u00fdmi te\u010dkami.<\/p>\n<p>Ru\u010dn\u00ed pr\u00e1ce &#8211; ka\u017ed\u00fd tal\u00ed\u0159 je origin\u00e1l.<\/p>\n","protected":false},"excerpt":{"rendered":"<div id=\"description\" class=\"tab-pane active st_open \" role=\"tabpanel\">\n<div class=\"tab-pane-body\">\n<div class=\"product-description\">\n<div class=\"style_content\">\n<p>Ru\u010dn\u011b vyr\u00e1b\u011bn\u00e9 sklo ma\u010farsk\u00e9 spole\u010dnosti Carneol. Ka\u017ed\u00fd kousek je origin\u00e1l.<\/p>\n<\/div>\n<\/div>\n<\/div>\n<\/div>\n<div id=\"product-details\" class=\"tab-pane \" style=\"box-sizing: inherit; display: block; border-top: none; border-right: none; border-bottom: 1px solid #e5e5e5; border-left: none; border-image: initial; padding: 0px; color: #777777; font-family: Arial, Helvetica, sans-serif; font-size: 12px; font-style: normal; font-variant-ligatures: normal; font-variant-caps: normal; font-weight: 400; letter-spacing: normal; orphans: 2; text-align: start; text-indent: 0px; text-transform: none; white-space: normal; widows: 2; word-spacing: 0px; -webkit-text-stroke-width: 0px; background-color: #ffffff; text-decoration-thickness: initial; text-decoration-style: initial; text-decoration-color: initial;\" role=\"tabpanel\" data-product=\"{&quot;id_shop_default&quot;:&quot;1&quot;,&quot;id_manufacturer&quot;:&quot;0&quot;,&quot;id_supplier&quot;:&quot;0&quot;,&quot;reference&quot;:&quot;&quot;,&quot;is_virtual&quot;:&quot;0&quot;,&quot;delivery_in_stock&quot;:&quot;&quot;,&quot;delivery_out_stock&quot;:&quot;&quot;,&quot;id_category_default&quot;:&quot;381&quot;,&quot;on_sale&quot;:&quot;1&quot;,&quot;online_only&quot;:&quot;0&quot;,&quot;ecotax&quot;:0,&quot;minimal_quantity&quot;:&quot;1&quot;,&quot;low_stock_threshold&quot;:null,&quot;low_stock_alert&quot;:&quot;0&quot;,&quot;price&quot;:&quot;99\\u00a0K\\u010d&quot;,&quot;unity&quot;:&quot;&quot;,&quot;unit_price_ratio&quot;:&quot;0.000000&quot;,&quot;additional_shipping_cost&quot;:&quot;0.00&quot;,&quot;customizable&quot;:&quot;0&quot;,&quot;text_fields&quot;:&quot;0&quot;,&quot;uploadable_files&quot;:&quot;0&quot;,&quot;redirect_type&quot;:&quot;301-category&quot;,&quot;id_type_redirected&quot;:&quot;0&quot;,&quot;available_for_order&quot;:&quot;1&quot;,&quot;available_date&quot;:&quot;0000-00-00&quot;,&quot;show_condition&quot;:&quot;0&quot;,&quot;condition&quot;:&quot;new&quot;,&quot;show_price&quot;:&quot;1&quot;,&quot;indexed&quot;:&quot;1&quot;,&quot;visibility&quot;:&quot;both&quot;,&quot;cache_default_attribute&quot;:&quot;0&quot;,&quot;advanced_stock_management&quot;:&quot;0&quot;,&quot;date_add&quot;:&quot;2021-11-10 10:21:43&quot;,&quot;date_upd&quot;:&quot;2021-11-10 10:28:16&quot;,&quot;pack_stock_type&quot;:&quot;3&quot;,&quot;meta_description&quot;:&quot;Ru\\u010dn\\u011b vyr\\u00e1b\\u011bn\\u00e9 sklo, Carneol.&quot;,&quot;meta_keywords&quot;:&quot;&quot;,&quot;meta_title&quot;:&quot;&quot;,&quot;link_rewrite&quot;:&quot;carneol-talir-hluboky-transparentni&quot;,&quot;name&quot;:&quot;Carneol tal\\u00ed\\u0159 hlubok\\u00fd, transparentn\\u00ed&quot;,&quot;description&quot;:&quot;&lt;p&gt;Ru\\u010dn\\u011b vyr\\u00e1b\\u011bn\\u00e9 sklo ma\\u010farsk\\u00e9 spole\\u010dnosti Carneol. Ka\\u017ed\\u00fd kousek je origin\\u00e1l.\\u00a0&lt;\\\/p&gt;&quot;,&quot;description_short&quot;:&quot;&lt;p&gt;Tal\\u00ed\\u0159 Carneol hlubok\\u00fd&lt;\\\/p&gt;\\n&lt;p&gt;Barva: transparentn\\u00ed&lt;\\\/p&gt;\\n&lt;p&gt;Rozm\\u011br: 26 x 4 cm&lt;\\\/p&gt;\\n&lt;p&gt;Okraje jsou zdobeny vespod vypoukl\\u00fdmi te\\u010dkami.&lt;\\\/p&gt;\\n&lt;p&gt;Ru\\u010dn\\u00ed pr\\u00e1ce - ka\\u017ed\\u00fd tal\\u00ed\\u0159 je origin\\u00e1l.&lt;\\\/p&gt;&quot;,&quot;available_now&quot;:&quot;&quot;,&quot;available_later&quot;:&quot;&quot;,&quot;id&quot;:23462,&quot;id_product&quot;:23462,&quot;out_of_stock&quot;:1,&quot;new&quot;:0,&quot;id_product_attribute&quot;:&quot;0&quot;,&quot;quantity_wanted&quot;:1,&quot;extraContent&quot;:[{&quot;title&quot;:null,&quot;content&quot;:{&quot;description&quot;:&quot;&quot;,&quot;tabs&quot;:[]},&quot;attr&quot;:{&quot;id&quot;:&quot;&quot;,&quot;class&quot;:&quot;&quot;},&quot;moduleName&quot;:&quot;steasycontent&quot;},{&quot;title&quot;:&quot;Reviews&quot;,&quot;content&quot;:&quot;&lt;section class=\\&quot;pccomment_block\\&quot;&gt;\\n &lt;div class=\\&quot;\\&quot; role=\\&quot;alert\\&quot; data-alert=\\&quot;warning\\&quot;&gt;\\n \\u017d\\u00e1dn\\u00fd koment\\u00e1\\u0159\\n &lt;\\\/div&gt;\\n\\n&lt;\\\/section&gt;&quot;,&quot;attr&quot;:{&quot;id&quot;:&quot;&quot;,&quot;class&quot;:&quot;&quot;},&quot;moduleName&quot;:&quot;stproductcomments&quot;},{&quot;title&quot;:null,&quot;content&quot;:{&quot;prev&quot;:{&quot;name&quot;:&quot;Carneol v\\u00e1za 34 x 13 cm, \\u010dernost\\u0159\\u00edbrn\\u00e1&quot;,&quot;url&quot;:&quot;https:\\\/\\\/www.kendesign.cz\\\/carneol-designove-sklo\\\/23457-carneol-vaza-34-x-13-cm-cernostribrna.html&quot;,&quot;small_default&quot;:{&quot;width&quot;:&quot;45&quot;,&quot;height&quot;:&quot;45&quot;},&quot;cover&quot;:&quot;https:\\\/\\\/www.kendesign.cz\\\/46626-small_default\\\/carneol-vaza-34-x-13-cm-cernostribrna.jpg&quot;},&quot;next&quot;:{&quot;name&quot;:&quot;Carneol tal\\u00ed\\u0159 plytk\\u00fd, transparentn\\u00ed&quot;,&quot;url&quot;:&quot;https:\\\/\\\/www.kendesign.cz\\\/carneol-designove-sklo\\\/23463-carneol-talir-plytky-transparentni.html&quot;,&quot;small_default&quot;:{&quot;width&quot;:&quot;45&quot;,&quot;height&quot;:&quot;45&quot;},&quot;cover&quot;:&quot;https:\\\/\\\/www.kendesign.cz\\\/46670-small_default\\\/carneol-talir-plytky-transparentni.jpg&quot;}},&quot;attr&quot;:{&quot;id&quot;:&quot;&quot;,&quot;class&quot;:&quot;&quot;},&quot;moduleName&quot;:&quot;stproductlinknav&quot;},{&quot;title&quot;:null,&quot;content&quot;:false,&quot;attr&quot;:{&quot;id&quot;:&quot;&quot;,&quot;class&quot;:&quot;&quot;},&quot;moduleName&quot;:&quot;ststickers&quot;},{&quot;title&quot;:null,&quot;content&quot;:{&quot;videos&quot;:[],&quot;size_charts&quot;:[{&quot;id_st_video&quot;:&quot;1&quot;,&quot;type&quot;:&quot;1&quot;,&quot;url&quot;:&quot;&quot;,&quot;ratio&quot;:&quot;0&quot;,&quot;location&quot;:&quot;0&quot;,&quot;id_category&quot;:&quot;0&quot;,&quot;id_manufacturer&quot;:&quot;0&quot;,&quot;id_products&quot;:&quot;&quot;,&quot;active&quot;:&quot;1&quot;,&quot;hide_on_mobile&quot;:&quot;0&quot;,&quot;video_position&quot;:&quot;11&quot;,&quot;offset_x&quot;:&quot;&quot;,&quot;offset_y&quot;:&quot;&quot;,&quot;id_lang&quot;:&quot;1&quot;,&quot;title&quot;:&quot;Size chart&quot;,&quot;content&quot;:&quot;&lt;h6 class=\\&quot;page_heading\\&quot;&gt;Women's clothing size&lt;\\\/h6&gt;\\n &lt;table class=\\&quot;table table-striped\\&quot;&gt;\\n &lt;thead&gt;\\n &lt;tr&gt;&lt;th&gt;Size&lt;\\\/th&gt;&lt;th&gt;XS&lt;\\\/th&gt;&lt;th&gt;S&lt;\\\/th&gt;&lt;th&gt;M&lt;\\\/th&gt;&lt;th&gt;L&lt;\\\/th&gt;&lt;\\\/tr&gt;\\n &lt;\\\/thead&gt;\\n &lt;tbody&gt;\\n &lt;tr&gt;&lt;th scope=\\&quot;row\\&quot;&gt;Euro&lt;\\\/th&gt;\\n &lt;td&gt;32\\\/34&lt;\\\/td&gt;\\n &lt;td&gt;36&lt;\\\/td&gt;\\n &lt;td&gt;38&lt;\\\/td&gt;\\n &lt;td&gt;40&lt;\\\/td&gt;\\n &lt;\\\/tr&gt;\\n &lt;tr&gt;&lt;th scope=\\&quot;row\\&quot;&gt;USA&lt;\\\/th&gt;\\n &lt;td&gt;0\\\/2&lt;\\\/td&gt;\\n &lt;td&gt;4&lt;\\\/td&gt;\\n &lt;td&gt;6&lt;\\\/td&gt;\\n &lt;td&gt;8&lt;\\\/td&gt;\\n &lt;\\\/tr&gt;\\n &lt;tr&gt;&lt;th scope=\\&quot;row\\&quot;&gt;Bust(in)&lt;\\\/th&gt;\\n &lt;td&gt;31-32&lt;\\\/td&gt;\\n &lt;td&gt;33&lt;\\\/td&gt;\\n &lt;td&gt;34&lt;\\\/td&gt;\\n &lt;td&gt;36&lt;\\\/td&gt;\\n &lt;\\\/tr&gt;\\n &lt;tr&gt;&lt;th scope=\\&quot;row\\&quot;&gt;Bust(cm)&lt;\\\/th&gt;\\n &lt;td&gt;80.5-82.5&lt;\\\/td&gt;\\n &lt;td&gt;84.5&lt;\\\/td&gt;\\n &lt;td&gt;87&lt;\\\/td&gt;\\n &lt;td&gt;92&lt;\\\/td&gt;\\n &lt;\\\/tr&gt;\\n &lt;tr&gt;&lt;th scope=\\&quot;row\\&quot;&gt;Waist(in)&lt;\\\/th&gt;\\n &lt;td&gt;24-25&lt;\\\/td&gt;\\n &lt;td&gt;26&lt;\\\/td&gt;\\n &lt;td&gt;27&lt;\\\/td&gt;\\n &lt;td&gt;29&lt;\\\/td&gt;\\n &lt;\\\/tr&gt;\\n &lt;tr&gt;&lt;th scope=\\&quot;row\\&quot;&gt;Waist(cm)&lt;\\\/th&gt;\\n &lt;td&gt;62.5-64.5&lt;\\\/td&gt;\\n &lt;td&gt;66.5&lt;\\\/td&gt;\\n &lt;td&gt;69&lt;\\\/td&gt;\\n &lt;td&gt;74&lt;\\\/td&gt;\\n &lt;\\\/tr&gt;\\n &lt;tr&gt;&lt;th scope=\\&quot;row\\&quot;&gt;Hips(in)&lt;\\\/th&gt;\\n &lt;td&gt;34-35&lt;\\\/td&gt;\\n &lt;td&gt;36&lt;\\\/td&gt;\\n &lt;td&gt;37&lt;\\\/td&gt;\\n &lt;td&gt;39&lt;\\\/td&gt;\\n &lt;\\\/tr&gt;\\n &lt;tr&gt;&lt;th scope=\\&quot;row\\&quot;&gt;Hips(cm)&lt;\\\/th&gt;\\n &lt;td&gt;87.5-89.5&lt;\\\/td&gt;\\n &lt;td&gt;91.5&lt;\\\/td&gt;\\n &lt;td&gt;94&lt;\\\/td&gt;\\n &lt;td&gt;99&lt;\\\/td&gt;\\n &lt;\\\/tr&gt;\\n &lt;\\\/tbody&gt;\\n &lt;\\\/table&gt;\\n &lt;div class=\\&quot;mar_b6 font-weight-bold\\&quot;&gt;How To Measure Your Bust&lt;\\\/div&gt;\\n &lt;p&gt;With your arms relaxed at your sides, measure around the fullest part of your chest.&lt;\\\/p&gt;\\n &lt;div class=\\&quot;mar_b6 font-weight-bold\\&quot;&gt;How To Measure Your Waist&lt;\\\/div&gt;\\n &lt;p&gt;Measure around the narrowest part of your natural waist, generally around the belly button. To ensure a comfortable fit, keep one finger between the measuring tape and your body.&lt;\\\/p&gt;\\n &quot;}]},&quot;attr&quot;:{&quot;id&quot;:&quot;&quot;,&quot;class&quot;:&quot;&quot;},&quot;moduleName&quot;:&quot;stvideo&quot;}],&quot;allow_oosp&quot;:1,&quot;category&quot;:&quot;carneol-designove-sklo&quot;,&quot;category_name&quot;:&quot;Carneol - designov\\u00e9 sklo&quot;,&quot;link&quot;:&quot;https:\\\/\\\/www.kendesign.cz\\\/carneol-designove-sklo\\\/23462-carneol-talir-hluboky-transparentni.html&quot;,&quot;attribute_price&quot;:0,&quot;price_tax_exc&quot;:81.818182,&quot;price_without_reduction&quot;:99,&quot;reduction&quot;:0,&quot;specific_prices&quot;:[],&quot;quantity&quot;:3,&quot;quantity_all_versions&quot;:3,&quot;id_image&quot;:&quot;cs-default&quot;,&quot;features&quot;:[],&quot;attachments&quot;:[],&quot;virtual&quot;:0,&quot;pack&quot;:0,&quot;packItems&quot;:[],&quot;nopackprice&quot;:0,&quot;customization_required&quot;:false,&quot;rate&quot;:21,&quot;tax_name&quot;:&quot;DPH CZ 21%&quot;,&quot;ecotax_rate&quot;:0,&quot;unit_price&quot;:&quot;&quot;,&quot;customizations&quot;:{&quot;fields&quot;:[]},&quot;id_customization&quot;:0,&quot;is_customizable&quot;:false,&quot;show_quantities&quot;:true,&quot;quantity_label&quot;:&quot;ks&quot;,&quot;quantity_discounts&quot;:[],&quot;customer_group_discount&quot;:0,&quot;images&quot;:[{&quot;bySize&quot;:{&quot;small_default&quot;:{&quot;url&quot;:&quot;https:\\\/\\\/www.kendesign.cz\\\/46663-small_default\\\/carneol-talir-hluboky-transparentni.jpg&quot;,&quot;width&quot;:45,&quot;height&quot;:45},&quot;thumb_default&quot;:{&quot;url&quot;:&quot;https:\\\/\\\/www.kendesign.cz\\\/46663-thumb_default\\\/carneol-talir-hluboky-transparentni.jpg&quot;,&quot;width&quot;:56,&quot;height&quot;:64},&quot;thumb_scene&quot;:{&quot;url&quot;:&quot;https:\\\/\\\/www.kendesign.cz\\\/46663-thumb_scene\\\/carneol-talir-hluboky-transparentni.jpg&quot;,&quot;width&quot;:56,&quot;height&quot;:64},&quot;cart_default&quot;:{&quot;url&quot;:&quot;https:\\\/\\\/www.kendesign.cz\\\/46663-cart_default\\\/carneol-talir-hluboky-transparentni.jpg&quot;,&quot;width&quot;:80,&quot;height&quot;:80},&quot;medium_default&quot;:{&quot;url&quot;:&quot;https:\\\/\\\/www.kendesign.cz\\\/46663-medium_default\\\/carneol-talir-hluboky-transparentni.jpg&quot;,&quot;width&quot;:80,&quot;height&quot;:80},&quot;medium&quot;:{&quot;url&quot;:&quot;https:\\\/\\\/www.kendesign.cz\\\/46663-medium\\\/carneol-talir-hluboky-transparentni.jpg&quot;,&quot;width&quot;:120,&quot;height&quot;:138},&quot;home_default&quot;:{&quot;url&quot;:&quot;https:\\\/\\\/www.kendesign.cz\\\/46663-home_default\\\/carneol-talir-hluboky-transparentni.jpg&quot;,&quot;width&quot;:272,&quot;height&quot;:272},&quot;home&quot;:{&quot;url&quot;:&quot;https:\\\/\\\/www.kendesign.cz\\\/46663-home\\\/carneol-talir-hluboky-transparentni.jpg&quot;,&quot;width&quot;:273,&quot;height&quot;:312},&quot;large_default&quot;:{&quot;url&quot;:&quot;https:\\\/\\\/www.kendesign.cz\\\/46663-large_default\\\/carneol-talir-hluboky-transparentni.jpg&quot;,&quot;width&quot;:304,&quot;height&quot;:304},&quot;large&quot;:{&quot;url&quot;:&quot;https:\\\/\\\/www.kendesign.cz\\\/46663-large\\\/carneol-talir-hluboky-transparentni.jpg&quot;,&quot;width&quot;:368,&quot;height&quot;:420},&quot;thickbox_default&quot;:{&quot;url&quot;:&quot;https:\\\/\\\/www.kendesign.cz\\\/46663-thickbox_default\\\/carneol-talir-hluboky-transparentni.jpg&quot;,&quot;width&quot;:600,&quot;height&quot;:600},&quot;thickbox&quot;:{&quot;url&quot;:&quot;https:\\\/\\\/www.kendesign.cz\\\/46663-thickbox\\\/carneol-talir-hluboky-transparentni.jpg&quot;,&quot;width&quot;:700,&quot;height&quot;:800},&quot;superlarge_default&quot;:{&quot;url&quot;:&quot;https:\\\/\\\/www.kendesign.cz\\\/46663-superlarge_default\\\/carneol-talir-hluboky-transparentni.jpg&quot;,&quot;width&quot;:1200,&quot;height&quot;:1200}},&quot;small&quot;:{&quot;url&quot;:&quot;https:\\\/\\\/www.kendesign.cz\\\/46663-small_default\\\/carneol-talir-hluboky-transparentni.jpg&quot;,&quot;width&quot;:45,&quot;height&quot;:45},&quot;medium&quot;:{&quot;url&quot;:&quot;https:\\\/\\\/www.kendesign.cz\\\/46663-home_default\\\/carneol-talir-hluboky-transparentni.jpg&quot;,&quot;width&quot;:272,&quot;height&quot;:272},&quot;large&quot;:{&quot;url&quot;:&quot;https:\\\/\\\/www.kendesign.cz\\\/46663-superlarge_default\\\/carneol-talir-hluboky-transparentni.jpg&quot;,&quot;width&quot;:1200,&quot;height&quot;:1200},&quot;legend&quot;:&quot;&quot;,&quot;cover&quot;:null,&quot;id_image&quot;:&quot;46663&quot;,&quot;position&quot;:&quot;1&quot;,&quot;associatedVariants&quot;:[]},{&quot;bySize&quot;:{&quot;small_default&quot;:{&quot;url&quot;:&quot;https:\\\/\\\/www.kendesign.cz\\\/46664-small_default\\\/carneol-talir-hluboky-transparentni.jpg&quot;,&quot;width&quot;:45,&quot;height&quot;:45},&quot;thumb_default&quot;:{&quot;url&quot;:&quot;https:\\\/\\\/www.kendesign.cz\\\/46664-thumb_default\\\/carneol-talir-hluboky-transparentni.jpg&quot;,&quot;width&quot;:56,&quot;height&quot;:64},&quot;thumb_scene&quot;:{&quot;url&quot;:&quot;https:\\\/\\\/www.kendesign.cz\\\/46664-thumb_scene\\\/carneol-talir-hluboky-transparentni.jpg&quot;,&quot;width&quot;:56,&quot;height&quot;:64},&quot;cart_default&quot;:{&quot;url&quot;:&quot;https:\\\/\\\/www.kendesign.cz\\\/46664-cart_default\\\/carneol-talir-hluboky-transparentni.jpg&quot;,&quot;width&quot;:80,&quot;height&quot;:80},&quot;medium_default&quot;:{&quot;url&quot;:&quot;https:\\\/\\\/www.kendesign.cz\\\/46664-medium_default\\\/carneol-talir-hluboky-transparentni.jpg&quot;,&quot;width&quot;:80,&quot;height&quot;:80},&quot;medium&quot;:{&quot;url&quot;:&quot;https:\\\/\\\/www.kendesign.cz\\\/46664-medium\\\/carneol-talir-hluboky-transparentni.jpg&quot;,&quot;width&quot;:120,&quot;height&quot;:138},&quot;home_default&quot;:{&quot;url&quot;:&quot;https:\\\/\\\/www.kendesign.cz\\\/46664-home_default\\\/carneol-talir-hluboky-transparentni.jpg&quot;,&quot;width&quot;:272,&quot;height&quot;:272},&quot;home&quot;:{&quot;url&quot;:&quot;https:\\\/\\\/www.kendesign.cz\\\/46664-home\\\/carneol-talir-hluboky-transparentni.jpg&quot;,&quot;width&quot;:273,&quot;height&quot;:312},&quot;large_default&quot;:{&quot;url&quot;:&quot;https:\\\/\\\/www.kendesign.cz\\\/46664-large_default\\\/carneol-talir-hluboky-transparentni.jpg&quot;,&quot;width&quot;:304,&quot;height&quot;:304},&quot;large&quot;:{&quot;url&quot;:&quot;https:\\\/\\\/www.kendesign.cz\\\/46664-large\\\/carneol-talir-hluboky-transparentni.jpg&quot;,&quot;width&quot;:368,&quot;height&quot;:420},&quot;thickbox_default&quot;:{&quot;url&quot;:&quot;https:\\\/\\\/www.kendesign.cz\\\/46664-thickbox_default\\\/carneol-talir-hluboky-transparentni.jpg&quot;,&quot;width&quot;:600,&quot;height&quot;:600},&quot;thickbox&quot;:{&quot;url&quot;:&quot;https:\\\/\\\/www.kendesign.cz\\\/46664-thickbox\\\/carneol-talir-hluboky-transparentni.jpg&quot;,&quot;width&quot;:700,&quot;height&quot;:800},&quot;superlarge_default&quot;:{&quot;url&quot;:&quot;https:\\\/\\\/www.kendesign.cz\\\/46664-superlarge_default\\\/carneol-talir-hluboky-transparentni.jpg&quot;,&quot;width&quot;:1200,&quot;height&quot;:1200}},&quot;small&quot;:{&quot;url&quot;:&quot;https:\\\/\\\/www.kendesign.cz\\\/46664-small_default\\\/carneol-talir-hluboky-transparentni.jpg&quot;,&quot;width&quot;:45,&quot;height&quot;:45},&quot;medium&quot;:{&quot;url&quot;:&quot;https:\\\/\\\/www.kendesign.cz\\\/46664-home_default\\\/carneol-talir-hluboky-transparentni.jpg&quot;,&quot;width&quot;:272,&quot;height&quot;:272},&quot;large&quot;:{&quot;url&quot;:&quot;https:\\\/\\\/www.kendesign.cz\\\/46664-superlarge_default\\\/carneol-talir-hluboky-transparentni.jpg&quot;,&quot;width&quot;:1200,&quot;height&quot;:1200},&quot;legend&quot;:&quot;&quot;,&quot;cover&quot;:&quot;1&quot;,&quot;id_image&quot;:&quot;46664&quot;,&quot;position&quot;:&quot;2&quot;,&quot;associatedVariants&quot;:[]},{&quot;bySize&quot;:{&quot;small_default&quot;:{&quot;url&quot;:&quot;https:\\\/\\\/www.kendesign.cz\\\/46665-small_default\\\/carneol-talir-hluboky-transparentni.jpg&quot;,&quot;width&quot;:45,&quot;height&quot;:45},&quot;thumb_default&quot;:{&quot;url&quot;:&quot;https:\\\/\\\/www.kendesign.cz\\\/46665-thumb_default\\\/carneol-talir-hluboky-transparentni.jpg&quot;,&quot;width&quot;:56,&quot;height&quot;:64},&quot;thumb_scene&quot;:{&quot;url&quot;:&quot;https:\\\/\\\/www.kendesign.cz\\\/46665-thumb_scene\\\/carneol-talir-hluboky-transparentni.jpg&quot;,&quot;width&quot;:56,&quot;height&quot;:64},&quot;cart_default&quot;:{&quot;url&quot;:&quot;https:\\\/\\\/www.kendesign.cz\\\/46665-cart_default\\\/carneol-talir-hluboky-transparentni.jpg&quot;,&quot;width&quot;:80,&quot;height&quot;:80},&quot;medium_default&quot;:{&quot;url&quot;:&quot;https:\\\/\\\/www.kendesign.cz\\\/46665-medium_default\\\/carneol-talir-hluboky-transparentni.jpg&quot;,&quot;width&quot;:80,&quot;height&quot;:80},&quot;medium&quot;:{&quot;url&quot;:&quot;https:\\\/\\\/www.kendesign.cz\\\/46665-medium\\\/carneol-talir-hluboky-transparentni.jpg&quot;,&quot;width&quot;:120,&quot;height&quot;:138},&quot;home_default&quot;:{&quot;url&quot;:&quot;https:\\\/\\\/www.kendesign.cz\\\/46665-home_default\\\/carneol-talir-hluboky-transparentni.jpg&quot;,&quot;width&quot;:272,&quot;height&quot;:272},&quot;home&quot;:{&quot;url&quot;:&quot;https:\\\/\\\/www.kendesign.cz\\\/46665-home\\\/carneol-talir-hluboky-transparentni.jpg&quot;,&quot;width&quot;:273,&quot;height&quot;:312},&quot;large_default&quot;:{&quot;url&quot;:&quot;https:\\\/\\\/www.kendesign.cz\\\/46665-large_default\\\/carneol-talir-hluboky-transparentni.jpg&quot;,&quot;width&quot;:304,&quot;height&quot;:304},&quot;large&quot;:{&quot;url&quot;:&quot;https:\\\/\\\/www.kendesign.cz\\\/46665-large\\\/carneol-talir-hluboky-transparentni.jpg&quot;,&quot;width&quot;:368,&quot;height&quot;:420},&quot;thickbox_default&quot;:{&quot;url&quot;:&quot;https:\\\/\\\/www.kendesign.cz\\\/46665-thickbox_default\\\/carneol-talir-hluboky-transparentni.jpg&quot;,&quot;width&quot;:600,&quot;height&quot;:600},&quot;thickbox&quot;:{&quot;url&quot;:&quot;https:\\\/\\\/www.kendesign.cz\\\/46665-thickbox\\\/carneol-talir-hluboky-transparentni.jpg&quot;,&quot;width&quot;:700,&quot;height&quot;:800},&quot;superlarge_default&quot;:{&quot;url&quot;:&quot;https:\\\/\\\/www.kendesign.cz\\\/46665-superlarge_default\\\/carneol-talir-hluboky-transparentni.jpg&quot;,&quot;width&quot;:1200,&quot;height&quot;:1200}},&quot;small&quot;:{&quot;url&quot;:&quot;https:\\\/\\\/www.kendesign.cz\\\/46665-small_default\\\/carneol-talir-hluboky-transparentni.jpg&quot;,&quot;width&quot;:45,&quot;height&quot;:45},&quot;medium&quot;:{&quot;url&quot;:&quot;https:\\\/\\\/www.kendesign.cz\\\/46665-home_default\\\/carneol-talir-hluboky-transparentni.jpg&quot;,&quot;width&quot;:272,&quot;height&quot;:272},&quot;large&quot;:{&quot;url&quot;:&quot;https:\\\/\\\/www.kendesign.cz\\\/46665-superlarge_default\\\/carneol-talir-hluboky-transparentni.jpg&quot;,&quot;width&quot;:1200,&quot;height&quot;:1200},&quot;legend&quot;:&quot;&quot;,&quot;cover&quot;:null,&quot;id_image&quot;:&quot;46665&quot;,&quot;position&quot;:&quot;3&quot;,&quot;associatedVariants&quot;:[]}],&quot;cover&quot;:{&quot;bySize&quot;:{&quot;small_default&quot;:{&quot;url&quot;:&quot;https:\\\/\\\/www.kendesign.cz\\\/46664-small_default\\\/carneol-talir-hluboky-transparentni.jpg&quot;,&quot;width&quot;:45,&quot;height&quot;:45},&quot;thumb_default&quot;:{&quot;url&quot;:&quot;https:\\\/\\\/www.kendesign.cz\\\/46664-thumb_default\\\/carneol-talir-hluboky-transparentni.jpg&quot;,&quot;width&quot;:56,&quot;height&quot;:64},&quot;thumb_scene&quot;:{&quot;url&quot;:&quot;https:\\\/\\\/www.kendesign.cz\\\/46664-thumb_scene\\\/carneol-talir-hluboky-transparentni.jpg&quot;,&quot;width&quot;:56,&quot;height&quot;:64},&quot;cart_default&quot;:{&quot;url&quot;:&quot;https:\\\/\\\/www.kendesign.cz\\\/46664-cart_default\\\/carneol-talir-hluboky-transparentni.jpg&quot;,&quot;width&quot;:80,&quot;height&quot;:80},&quot;medium_default&quot;:{&quot;url&quot;:&quot;https:\\\/\\\/www.kendesign.cz\\\/46664-medium_default\\\/carneol-talir-hluboky-transparentni.jpg&quot;,&quot;width&quot;:80,&quot;height&quot;:80},&quot;medium&quot;:{&quot;url&quot;:&quot;https:\\\/\\\/www.kendesign.cz\\\/46664-medium\\\/carneol-talir-hluboky-transparentni.jpg&quot;,&quot;width&quot;:120,&quot;height&quot;:138},&quot;home_default&quot;:{&quot;url&quot;:&quot;https:\\\/\\\/www.kendesign.cz\\\/46664-home_default\\\/carneol-talir-hluboky-transparentni.jpg&quot;,&quot;width&quot;:272,&quot;height&quot;:272},&quot;home&quot;:{&quot;url&quot;:&quot;https:\\\/\\\/www.kendesign.cz\\\/46664-home\\\/carneol-talir-hluboky-transparentni.jpg&quot;,&quot;width&quot;:273,&quot;height&quot;:312},&quot;large_default&quot;:{&quot;url&quot;:&quot;https:\\\/\\\/www.kendesign.cz\\\/46664-large_default\\\/carneol-talir-hluboky-transparentni.jpg&quot;,&quot;width&quot;:304,&quot;height&quot;:304},&quot;large&quot;:{&quot;url&quot;:&quot;https:\\\/\\\/www.kendesign.cz\\\/46664-large\\\/carneol-talir-hluboky-transparentni.jpg&quot;,&quot;width&quot;:368,&quot;height&quot;:420},&quot;thickbox_default&quot;:{&quot;url&quot;:&quot;https:\\\/\\\/www.kendesign.cz\\\/46664-thickbox_default\\\/carneol-talir-hluboky-transparentni.jpg&quot;,&quot;width&quot;:600,&quot;height&quot;:600},&quot;thickbox&quot;:{&quot;url&quot;:&quot;https:\\\/\\\/www.kendesign.cz\\\/46664-thickbox\\\/carneol-talir-hluboky-transparentni.jpg&quot;,&quot;width&quot;:700,&quot;height&quot;:800},&quot;superlarge_default&quot;:{&quot;url&quot;:&quot;https:\\\/\\\/www.kendesign.cz\\\/46664-superlarge_default\\\/carneol-talir-hluboky-transparentni.jpg&quot;,&quot;width&quot;:1200,&quot;height&quot;:1200}},&quot;small&quot;:{&quot;url&quot;:&quot;https:\\\/\\\/www.kendesign.cz\\\/46664-small_default\\\/carneol-talir-hluboky-transparentni.jpg&quot;,&quot;width&quot;:45,&quot;height&quot;:45},&quot;medium&quot;:{&quot;url&quot;:&quot;https:\\\/\\\/www.kendesign.cz\\\/46664-home_default\\\/carneol-talir-hluboky-transparentni.jpg&quot;,&quot;width&quot;:272,&quot;height&quot;:272},&quot;large&quot;:{&quot;url&quot;:&quot;https:\\\/\\\/www.kendesign.cz\\\/46664-superlarge_default\\\/carneol-talir-hluboky-transparentni.jpg&quot;,&quot;width&quot;:1200,&quot;height&quot;:1200},&quot;legend&quot;:&quot;&quot;,&quot;cover&quot;:&quot;1&quot;,&quot;id_image&quot;:&quot;46664&quot;,&quot;position&quot;:&quot;2&quot;,&quot;associatedVariants&quot;:[]},&quot;has_discount&quot;:false,&quot;discount_type&quot;:null,&quot;discount_percentage&quot;:null,&quot;discount_percentage_absolute&quot;:null,&quot;discount_amount&quot;:null,&quot;discount_amount_to_display&quot;:null,&quot;price_amount&quot;:99,&quot;unit_price_full&quot;:&quot;&quot;,&quot;show_availability&quot;:true,&quot;availability_date&quot;:null,&quot;availability_message&quot;:&quot;Skladem&quot;,&quot;availability&quot;:&quot;available&quot;}\">\n<div class=\"mobile_tab_title\"><\/div>\n<\/div>\n","protected":false},"featured_media":23848,"template":"","meta":[],"product_cat":[145],"product_tag":[159,140],"class_list":{"0":"post-23845","1":"product","2":"type-product","3":"status-publish","4":"has-post-thumbnail","6":"product_cat-carneol-designove-sklo-vyprodej","7":"product_tag-carneol-talir","8":"product_tag-sklo","10":"first","11":"instock","12":"taxable","13":"shipping-taxable","14":"purchasable","15":"product-type-simple"},"jetpack_sharing_enabled":true,"_links":{"self":[{"href":"https:\/\/reklamni-zapalky.cz\/eshop\/wp-json\/wp\/v2\/product\/23845","targetHints":{"allow":["GET"]}}],"collection":[{"href":"https:\/\/reklamni-zapalky.cz\/eshop\/wp-json\/wp\/v2\/product"}],"about":[{"href":"https:\/\/reklamni-zapalky.cz\/eshop\/wp-json\/wp\/v2\/types\/product"}],"wp:featuredmedia":[{"embeddable":true,"href":"https:\/\/reklamni-zapalky.cz\/eshop\/wp-json\/wp\/v2\/media\/23848"}],"wp:attachment":[{"href":"https:\/\/reklamni-zapalky.cz\/eshop\/wp-json\/wp\/v2\/media?parent=23845"}],"wp:term":[{"taxonomy":"product_cat","embeddable":true,"href":"https:\/\/reklamni-zapalky.cz\/eshop\/wp-json\/wp\/v2\/product_cat?post=23845"},{"taxonomy":"product_tag","embeddable":true,"href":"https:\/\/reklamni-zapalky.cz\/eshop\/wp-json\/wp\/v2\/product_tag?post=23845"}],"curies":[{"name":"wp","href":"https:\/\/api.w.org\/{rel}","templated":true}]}}