{"id":23829,"date":"2023-05-31T10:33:54","date_gmt":"2023-05-31T10:33:54","guid":{"rendered":"http:\/\/reklamni-zapalky.cz\/eshop\/?post_type=product&#038;p=23829"},"modified":"2023-05-31T10:33:54","modified_gmt":"2023-05-31T10:33:54","slug":"carneol-vaza-30-x-13-x-5-cm-piskovana","status":"publish","type":"product","link":"https:\/\/reklamni-zapalky.cz\/eshop\/produkt\/carneol-vaza-30-x-13-x-5-cm-piskovana\/","title":{"rendered":"Carneol v\u00e1za 30 x 13 x 5 cm, p\u00edskovan\u00e1"},"content":{"rendered":"<p>V\u00e1za Carneol, sklen\u011bn\u00e1<\/p>\n<p>Barva: p\u00edskovan\u00e1<\/p>\n<p>Rozm\u011br: 30 x 13 x 5 cm<\/p>\n","protected":false},"excerpt":{"rendered":"<p>Ru\u010dn\u011b vyr\u00e1b\u011bn\u00e9 sklo ma\u010farsk\u00e9 spole\u010dnosti Carneol. Ka\u017ed\u00fd kousek je origin\u00e1l.<\/p>\n","protected":false},"featured_media":23831,"template":"","meta":[],"product_cat":[145],"product_tag":[141,140,156],"class_list":{"0":"post-23829","1":"product","2":"type-product","3":"status-publish","4":"has-post-thumbnail","6":"product_cat-carneol-designove-sklo-vyprodej","7":"product_tag-carneol","8":"product_tag-sklo","9":"product_tag-tac","11":"first","12":"instock","13":"taxable","14":"shipping-taxable","15":"purchasable","16":"product-type-simple"},"jetpack_sharing_enabled":true,"_links":{"self":[{"href":"https:\/\/reklamni-zapalky.cz\/eshop\/wp-json\/wp\/v2\/product\/23829","targetHints":{"allow":["GET"]}}],"collection":[{"href":"https:\/\/reklamni-zapalky.cz\/eshop\/wp-json\/wp\/v2\/product"}],"about":[{"href":"https:\/\/reklamni-zapalky.cz\/eshop\/wp-json\/wp\/v2\/types\/product"}],"wp:featuredmedia":[{"embeddable":true,"href":"https:\/\/reklamni-zapalky.cz\/eshop\/wp-json\/wp\/v2\/media\/23831"}],"wp:attachment":[{"href":"https:\/\/reklamni-zapalky.cz\/eshop\/wp-json\/wp\/v2\/media?parent=23829"}],"wp:term":[{"taxonomy":"product_cat","embeddable":true,"href":"https:\/\/reklamni-zapalky.cz\/eshop\/wp-json\/wp\/v2\/product_cat?post=23829"},{"taxonomy":"product_tag","embeddable":true,"href":"https:\/\/reklamni-zapalky.cz\/eshop\/wp-json\/wp\/v2\/product_tag?post=23829"}],"curies":[{"name":"wp","href":"https:\/\/api.w.org\/{rel}","templated":true}]}}