{"id":23788,"date":"2023-05-30T09:00:04","date_gmt":"2023-05-30T09:00:04","guid":{"rendered":"http:\/\/reklamni-zapalky.cz\/eshop\/?post_type=product&#038;p=23788"},"modified":"2025-10-28T12:29:08","modified_gmt":"2025-10-28T12:29:08","slug":"carneol-svicen-adventni-36-x-13-bordo","status":"publish","type":"product","link":"https:\/\/reklamni-zapalky.cz\/eshop\/produkt\/carneol-svicen-adventni-36-x-13-bordo\/","title":{"rendered":"Carneol sv\u00edcen adventn\u00ed 36 x 13, bord\u00f3"},"content":{"rendered":"<p>Adventn\u00ed sv\u00edcen Carneol<\/p>\n<p>Barva: transparentn\u00ed + bord\u00f3 konce<\/p>\n<p>Rozm\u011br: 36 x 13 cm<\/p>\n","protected":false},"excerpt":{"rendered":"<p>Ru\u010dn\u011b vyr\u00e1b\u011bn\u00e9 sklo ma\u010farsk\u00e9 spole\u010dnosti Carneol. Ka\u017ed\u00fd kousek je origin\u00e1l.<\/p>\n","protected":false},"featured_media":23789,"template":"","meta":[],"product_cat":[145],"product_tag":[153,150,141,140,152],"class_list":{"0":"post-23788","1":"product","2":"type-product","3":"status-publish","4":"has-post-thumbnail","6":"product_cat-carneol-designove-sklo-vyprodej","7":"product_tag-advent","8":"product_tag-adventni","9":"product_tag-carneol","10":"product_tag-sklo","11":"product_tag-svice","13":"first","14":"instock","15":"taxable","16":"shipping-taxable","17":"purchasable","18":"product-type-simple"},"jetpack_sharing_enabled":true,"_links":{"self":[{"href":"https:\/\/reklamni-zapalky.cz\/eshop\/wp-json\/wp\/v2\/product\/23788","targetHints":{"allow":["GET"]}}],"collection":[{"href":"https:\/\/reklamni-zapalky.cz\/eshop\/wp-json\/wp\/v2\/product"}],"about":[{"href":"https:\/\/reklamni-zapalky.cz\/eshop\/wp-json\/wp\/v2\/types\/product"}],"wp:featuredmedia":[{"embeddable":true,"href":"https:\/\/reklamni-zapalky.cz\/eshop\/wp-json\/wp\/v2\/media\/23789"}],"wp:attachment":[{"href":"https:\/\/reklamni-zapalky.cz\/eshop\/wp-json\/wp\/v2\/media?parent=23788"}],"wp:term":[{"taxonomy":"product_cat","embeddable":true,"href":"https:\/\/reklamni-zapalky.cz\/eshop\/wp-json\/wp\/v2\/product_cat?post=23788"},{"taxonomy":"product_tag","embeddable":true,"href":"https:\/\/reklamni-zapalky.cz\/eshop\/wp-json\/wp\/v2\/product_tag?post=23788"}],"curies":[{"name":"wp","href":"https:\/\/api.w.org\/{rel}","templated":true}]}}