{"id":23782,"date":"2023-05-30T08:53:00","date_gmt":"2023-05-30T08:53:00","guid":{"rendered":"http:\/\/reklamni-zapalky.cz\/eshop\/?post_type=product&#038;p=23782"},"modified":"2023-05-30T08:53:01","modified_gmt":"2023-05-30T08:53:01","slug":"miska-13-x-13-cm-modra-kvetina","status":"publish","type":"product","link":"https:\/\/reklamni-zapalky.cz\/eshop\/produkt\/miska-13-x-13-cm-modra-kvetina\/","title":{"rendered":"Miska 13 x 13 cm, modr\u00e1, kv\u011btina"},"content":{"rendered":"<p>Miska Carneol<\/p>\n<p>Barva: modr\u00e1 + transparentn\u00ed<\/p>\n<p>Vzor: kv\u011btina<\/p>\n<p>Rozm\u011br: 13 x 13 cm<\/p>\n","protected":false},"excerpt":{"rendered":"<p>Ru\u010dn\u011b vyr\u00e1b\u011bn\u00e9 sklo ma\u010farsk\u00e9 spole\u010dnosti Carneol. Ka\u017ed\u00fd kousek je origin\u00e1l.<\/p>\n","protected":false},"featured_media":23783,"template":"","meta":[],"product_cat":[145],"product_tag":[141,148,140],"class_list":{"0":"post-23782","1":"product","2":"type-product","3":"status-publish","4":"has-post-thumbnail","6":"product_cat-carneol-designove-sklo-vyprodej","7":"product_tag-carneol","8":"product_tag-miska","9":"product_tag-sklo","11":"first","12":"instock","13":"taxable","14":"shipping-taxable","15":"purchasable","16":"product-type-simple"},"jetpack_sharing_enabled":true,"_links":{"self":[{"href":"https:\/\/reklamni-zapalky.cz\/eshop\/wp-json\/wp\/v2\/product\/23782","targetHints":{"allow":["GET"]}}],"collection":[{"href":"https:\/\/reklamni-zapalky.cz\/eshop\/wp-json\/wp\/v2\/product"}],"about":[{"href":"https:\/\/reklamni-zapalky.cz\/eshop\/wp-json\/wp\/v2\/types\/product"}],"wp:featuredmedia":[{"embeddable":true,"href":"https:\/\/reklamni-zapalky.cz\/eshop\/wp-json\/wp\/v2\/media\/23783"}],"wp:attachment":[{"href":"https:\/\/reklamni-zapalky.cz\/eshop\/wp-json\/wp\/v2\/media?parent=23782"}],"wp:term":[{"taxonomy":"product_cat","embeddable":true,"href":"https:\/\/reklamni-zapalky.cz\/eshop\/wp-json\/wp\/v2\/product_cat?post=23782"},{"taxonomy":"product_tag","embeddable":true,"href":"https:\/\/reklamni-zapalky.cz\/eshop\/wp-json\/wp\/v2\/product_tag?post=23782"}],"curies":[{"name":"wp","href":"https:\/\/api.w.org\/{rel}","templated":true}]}}