{"id":23748,"date":"2023-05-30T08:20:48","date_gmt":"2023-05-30T08:20:48","guid":{"rendered":"http:\/\/reklamni-zapalky.cz\/eshop\/?post_type=product&#038;p=23748"},"modified":"2023-05-30T08:20:49","modified_gmt":"2023-05-30T08:20:49","slug":"carneol-miska-13-x-13-cm-oranzova","status":"publish","type":"product","link":"https:\/\/reklamni-zapalky.cz\/eshop\/produkt\/carneol-miska-13-x-13-cm-oranzova\/","title":{"rendered":"Carneol miska 13 x 13 cm, oran\u017eov\u00e1"},"content":{"rendered":"<p>Miska Carneol<\/p>\n<p>Barva: oran\u017eov\u00e1<\/p>\n<p>Rozm\u011br: 13 x 13 cm<\/p>\n","protected":false},"excerpt":{"rendered":"<p>Ru\u010dn\u011b vyr\u00e1b\u011bn\u00e9 sklo ma\u010farsk\u00e9 spole\u010dnosti Carneol. Ka\u017ed\u00fd kousek je origin\u00e1l.<\/p>\n","protected":false},"featured_media":23750,"template":"","meta":[],"product_cat":[145],"product_tag":[141,147,148,140,149],"class_list":{"0":"post-23748","1":"product","2":"type-product","3":"status-publish","4":"has-post-thumbnail","6":"product_cat-carneol-designove-sklo-vyprodej","7":"product_tag-carneol","8":"product_tag-designove","9":"product_tag-miska","10":"product_tag-sklo","11":"product_tag-vyprodej","13":"first","14":"instock","15":"taxable","16":"shipping-taxable","17":"purchasable","18":"product-type-simple"},"jetpack_sharing_enabled":true,"_links":{"self":[{"href":"https:\/\/reklamni-zapalky.cz\/eshop\/wp-json\/wp\/v2\/product\/23748","targetHints":{"allow":["GET"]}}],"collection":[{"href":"https:\/\/reklamni-zapalky.cz\/eshop\/wp-json\/wp\/v2\/product"}],"about":[{"href":"https:\/\/reklamni-zapalky.cz\/eshop\/wp-json\/wp\/v2\/types\/product"}],"wp:featuredmedia":[{"embeddable":true,"href":"https:\/\/reklamni-zapalky.cz\/eshop\/wp-json\/wp\/v2\/media\/23750"}],"wp:attachment":[{"href":"https:\/\/reklamni-zapalky.cz\/eshop\/wp-json\/wp\/v2\/media?parent=23748"}],"wp:term":[{"taxonomy":"product_cat","embeddable":true,"href":"https:\/\/reklamni-zapalky.cz\/eshop\/wp-json\/wp\/v2\/product_cat?post=23748"},{"taxonomy":"product_tag","embeddable":true,"href":"https:\/\/reklamni-zapalky.cz\/eshop\/wp-json\/wp\/v2\/product_tag?post=23748"}],"curies":[{"name":"wp","href":"https:\/\/api.w.org\/{rel}","templated":true}]}}