{"id":23746,"date":"2023-05-30T08:18:45","date_gmt":"2023-05-30T08:18:45","guid":{"rendered":"http:\/\/reklamni-zapalky.cz\/eshop\/?post_type=product&#038;p=23746"},"modified":"2023-05-30T08:18:45","modified_gmt":"2023-05-30T08:18:45","slug":"carneol-miska-13-x-13-cm-bila","status":"publish","type":"product","link":"https:\/\/reklamni-zapalky.cz\/eshop\/produkt\/carneol-miska-13-x-13-cm-bila\/","title":{"rendered":"Carneol miska 13 x 13 cm, b\u00edl\u00e1"},"content":{"rendered":"<p>Miska Carneol<\/p>\n<p>Barva: b\u00edl\u00e1, netransparentn\u00ed<\/p>\n<p>Rozm\u011br: 13 x 13 cm<\/p>\n","protected":false},"excerpt":{"rendered":"<p>Ru\u010dn\u011b vyr\u00e1b\u011bn\u00e9 sklo ma\u010farsk\u00e9 spole\u010dnosti Carneol. Ka\u017ed\u00fd kousek je origin\u00e1l.<\/p>\n","protected":false},"featured_media":23747,"template":"","meta":[],"product_cat":[145],"product_tag":[141,147,146,140],"class_list":{"0":"post-23746","1":"product","2":"type-product","3":"status-publish","4":"has-post-thumbnail","6":"product_cat-carneol-designove-sklo-vyprodej","7":"product_tag-carneol","8":"product_tag-designove","9":"product_tag-miskla","10":"product_tag-sklo","12":"first","13":"instock","14":"taxable","15":"shipping-taxable","16":"purchasable","17":"product-type-simple"},"jetpack_sharing_enabled":true,"_links":{"self":[{"href":"https:\/\/reklamni-zapalky.cz\/eshop\/wp-json\/wp\/v2\/product\/23746","targetHints":{"allow":["GET"]}}],"collection":[{"href":"https:\/\/reklamni-zapalky.cz\/eshop\/wp-json\/wp\/v2\/product"}],"about":[{"href":"https:\/\/reklamni-zapalky.cz\/eshop\/wp-json\/wp\/v2\/types\/product"}],"wp:featuredmedia":[{"embeddable":true,"href":"https:\/\/reklamni-zapalky.cz\/eshop\/wp-json\/wp\/v2\/media\/23747"}],"wp:attachment":[{"href":"https:\/\/reklamni-zapalky.cz\/eshop\/wp-json\/wp\/v2\/media?parent=23746"}],"wp:term":[{"taxonomy":"product_cat","embeddable":true,"href":"https:\/\/reklamni-zapalky.cz\/eshop\/wp-json\/wp\/v2\/product_cat?post=23746"},{"taxonomy":"product_tag","embeddable":true,"href":"https:\/\/reklamni-zapalky.cz\/eshop\/wp-json\/wp\/v2\/product_tag?post=23746"}],"curies":[{"name":"wp","href":"https:\/\/api.w.org\/{rel}","templated":true}]}}