{"id":23621,"date":"2023-05-25T10:31:49","date_gmt":"2023-05-25T10:31:49","guid":{"rendered":"http:\/\/reklamni-zapalky.cz\/eshop\/?post_type=product&#038;p=23621"},"modified":"2023-05-25T10:31:49","modified_gmt":"2023-05-25T10:31:49","slug":"rostouci-pohlednice-svatba","status":"publish","type":"product","link":"https:\/\/reklamni-zapalky.cz\/eshop\/produkt\/rostouci-pohlednice-svatba\/","title":{"rendered":"Rostouc\u00ed pohlednice &#8211; Svatba"},"content":{"rendered":"<p>Rostouc\u00ed pohlednice jako pozdrav z dovolen\u00e9, p\u0159\u00e1n\u00ed, pozv\u00e1nka nebo jen v\u00e1\u0161 suven\u00fdr.<\/p>\n<p>Motiv: svatba.<\/p>\n<p>Rozm\u011br pohlednice: 150 x 100 x 9 mm.<\/p>\n","protected":false},"excerpt":{"rendered":"<p>Jak to funguje:<\/p>\n<p>&#8211;\u00a0\u00a0\u00a0\u00a0\u00a0 Odstra\u0148te te\u010dkovan\u00fd pap\u00edrov\u00fd kryt na p\u0159edn\u00ed plo\u0161e pohlednice<\/p>\n<p>&#8211;\u00a0\u00a0\u00a0\u00a0\u00a0 L\u017ei\u010dkou nebo kap\u00e1tkem \u201epolijte\u201c ra\u0161elinu ka\u017ed\u00fd den, dokud nep\u0159es\u00e1hne \u00a0\u00a0minim\u00e1ln\u011b 2 cm od okraje<\/p>\n<p>&#8211;\u00a0\u00a0\u00a0\u00a0\u00a0 Kdy\u017e je ra\u0161elina dost zvlhl\u00e1, zatla\u010dte sem\u00ednka dovnit\u0159 tak, aby byla m\u00edrn\u011b pokryt\u00e1 zeminou<\/p>\n<p>&#8211;\u00a0\u00a0\u00a0\u00a0\u00a0 Pohlednici m\u011bjte na slunn\u00e9m m\u00edst\u011b, aby sem\u00ednka m\u011bla dostatek slune\u010dn\u00edho svitu<\/p>\n<p>&#8211;\u00a0\u00a0\u00a0\u00a0\u00a0 Po n\u011bkolika dnech ji\u017e objev\u00edte sazenici, kter\u00e1 m\u016f\u017ee r\u016fst na pohlednici 20 \u2013 30 dn\u00ed. M\u016f\u017eete ji samoz\u0159ejm\u011b p\u0159esadit do kv\u011btin\u00e1\u010de (doporu\u010duje se p\u0159i p\u0159esazov\u00e1n\u00ed odstranit ochrannou s\u00edtnici, aby se podpo\u0159il dal\u0161\u00ed r\u016fst ko\u0159en\u016f).<\/p>\n","protected":false},"featured_media":23623,"template":"","meta":[],"product_cat":[127],"product_tag":[113,129,132,134],"class_list":{"0":"post-23621","1":"product","2":"type-product","3":"status-publish","4":"has-post-thumbnail","6":"product_cat-rostouci-pohlednice","7":"product_tag-darek","8":"product_tag-pohlednice","9":"product_tag-rostouci-pohlednice-eko","10":"product_tag-svatba","12":"first","13":"instock","14":"taxable","15":"shipping-taxable","16":"purchasable","17":"product-type-variable"},"jetpack_sharing_enabled":true,"_links":{"self":[{"href":"https:\/\/reklamni-zapalky.cz\/eshop\/wp-json\/wp\/v2\/product\/23621","targetHints":{"allow":["GET"]}}],"collection":[{"href":"https:\/\/reklamni-zapalky.cz\/eshop\/wp-json\/wp\/v2\/product"}],"about":[{"href":"https:\/\/reklamni-zapalky.cz\/eshop\/wp-json\/wp\/v2\/types\/product"}],"wp:featuredmedia":[{"embeddable":true,"href":"https:\/\/reklamni-zapalky.cz\/eshop\/wp-json\/wp\/v2\/media\/23623"}],"wp:attachment":[{"href":"https:\/\/reklamni-zapalky.cz\/eshop\/wp-json\/wp\/v2\/media?parent=23621"}],"wp:term":[{"taxonomy":"product_cat","embeddable":true,"href":"https:\/\/reklamni-zapalky.cz\/eshop\/wp-json\/wp\/v2\/product_cat?post=23621"},{"taxonomy":"product_tag","embeddable":true,"href":"https:\/\/reklamni-zapalky.cz\/eshop\/wp-json\/wp\/v2\/product_tag?post=23621"}],"curies":[{"name":"wp","href":"https:\/\/api.w.org\/{rel}","templated":true}]}}