{"id":23571,"date":"2023-05-25T08:32:03","date_gmt":"2023-05-25T08:32:03","guid":{"rendered":"http:\/\/reklamni-zapalky.cz\/eshop\/?post_type=product&#038;p=23571"},"modified":"2023-12-06T12:46:11","modified_gmt":"2023-12-06T12:46:11","slug":"golfovy-micek-privesek","status":"publish","type":"product","link":"https:\/\/reklamni-zapalky.cz\/eshop\/produkt\/golfovy-micek-privesek\/","title":{"rendered":"Golfov\u00fd m\u00ed\u010dek, p\u0159\u00edv\u011b\u0161ek"},"content":{"rendered":"<p>Golfov\u00fd p\u0159\u00edv\u011b\u0161ek nap\u0159. na kl\u00ed\u010de.<\/p>\n<p>M\u00ed\u010dek odpov\u00edd\u00e1 velikosti golfov\u00e9ho m\u00ed\u010dku.<\/p>\n","protected":false},"excerpt":{"rendered":"<p>Golfov\u00fd p\u0159\u00edv\u011b\u0161ek nap\u0159. na kl\u00ed\u010de. M\u00ed\u010dek odpov\u00edd\u00e1 velikosti golfov\u00e9ho m\u00ed\u010dku.<\/p>\n","protected":false},"featured_media":23564,"template":"","meta":[],"product_cat":[108],"product_tag":[113,112,115,114],"class_list":{"0":"post-23571","1":"product","2":"type-product","3":"status-publish","4":"has-post-thumbnail","6":"product_cat-golfove-privesky","7":"product_tag-darek","8":"product_tag-golf","9":"product_tag-golfovy","10":"product_tag-golfovy-privesek","12":"first","13":"instock","14":"taxable","15":"shipping-taxable","16":"purchasable","17":"product-type-simple"},"jetpack_sharing_enabled":true,"_links":{"self":[{"href":"https:\/\/reklamni-zapalky.cz\/eshop\/wp-json\/wp\/v2\/product\/23571","targetHints":{"allow":["GET"]}}],"collection":[{"href":"https:\/\/reklamni-zapalky.cz\/eshop\/wp-json\/wp\/v2\/product"}],"about":[{"href":"https:\/\/reklamni-zapalky.cz\/eshop\/wp-json\/wp\/v2\/types\/product"}],"wp:featuredmedia":[{"embeddable":true,"href":"https:\/\/reklamni-zapalky.cz\/eshop\/wp-json\/wp\/v2\/media\/23564"}],"wp:attachment":[{"href":"https:\/\/reklamni-zapalky.cz\/eshop\/wp-json\/wp\/v2\/media?parent=23571"}],"wp:term":[{"taxonomy":"product_cat","embeddable":true,"href":"https:\/\/reklamni-zapalky.cz\/eshop\/wp-json\/wp\/v2\/product_cat?post=23571"},{"taxonomy":"product_tag","embeddable":true,"href":"https:\/\/reklamni-zapalky.cz\/eshop\/wp-json\/wp\/v2\/product_tag?post=23571"}],"curies":[{"name":"wp","href":"https:\/\/api.w.org\/{rel}","templated":true}]}}