{"id":23565,"date":"2023-05-24T11:56:09","date_gmt":"2023-05-24T11:56:09","guid":{"rendered":"http:\/\/reklamni-zapalky.cz\/eshop\/?post_type=product&#038;p=23565"},"modified":"2023-05-25T09:06:35","modified_gmt":"2023-05-25T09:06:35","slug":"golfova-klicenka-plocha-kovova","status":"publish","type":"product","link":"https:\/\/reklamni-zapalky.cz\/eshop\/produkt\/golfova-klicenka-plocha-kovova\/","title":{"rendered":"Golfov\u00e1 kl\u00ed\u010denka, ploch\u00e1, kovov\u00e1"},"content":{"rendered":"<p>Kovov\u00fd golfov\u00fd p\u0159\u00edv\u011b\u0161ek &#8211; vypichov\u00e1tko.<\/p>\n<p>Velikost &#8211; 65 mm + krou\u017eek x 30 mm<\/p>\n<p>Barva golfov\u00e9ho p\u0159\u00edv\u011b\u0161ku &#8211; starozlat\u00e1, st\u0159\u00edbrn\u00e1, starom\u011bd\u011bn\u00e1<\/p>\n","protected":false},"excerpt":{"rendered":"<p>Dopl\u0148te svou golfovou v\u00fdbavu o stylov\u00fd p\u0159\u00edv\u011b\u0161ek.<\/p>\n","protected":false},"featured_media":23567,"template":"","meta":[],"product_cat":[108],"product_tag":[109,110,111],"class_list":{"0":"post-23565","1":"product","2":"type-product","3":"status-publish","4":"has-post-thumbnail","6":"product_cat-golfove-privesky","7":"product_tag-golf-golfovy-darek","8":"product_tag-klicenka","9":"product_tag-privesek","11":"first","12":"instock","13":"sold-individually","14":"taxable","15":"shipping-taxable","16":"purchasable","17":"product-type-variable"},"jetpack_sharing_enabled":true,"_links":{"self":[{"href":"https:\/\/reklamni-zapalky.cz\/eshop\/wp-json\/wp\/v2\/product\/23565","targetHints":{"allow":["GET"]}}],"collection":[{"href":"https:\/\/reklamni-zapalky.cz\/eshop\/wp-json\/wp\/v2\/product"}],"about":[{"href":"https:\/\/reklamni-zapalky.cz\/eshop\/wp-json\/wp\/v2\/types\/product"}],"wp:featuredmedia":[{"embeddable":true,"href":"https:\/\/reklamni-zapalky.cz\/eshop\/wp-json\/wp\/v2\/media\/23567"}],"wp:attachment":[{"href":"https:\/\/reklamni-zapalky.cz\/eshop\/wp-json\/wp\/v2\/media?parent=23565"}],"wp:term":[{"taxonomy":"product_cat","embeddable":true,"href":"https:\/\/reklamni-zapalky.cz\/eshop\/wp-json\/wp\/v2\/product_cat?post=23565"},{"taxonomy":"product_tag","embeddable":true,"href":"https:\/\/reklamni-zapalky.cz\/eshop\/wp-json\/wp\/v2\/product_tag?post=23565"}],"curies":[{"name":"wp","href":"https:\/\/api.w.org\/{rel}","templated":true}]}}