{"id":205,"date":"2022-06-07T19:34:22","date_gmt":"2022-06-07T19:34:22","guid":{"rendered":"https:\/\/reklamni-zapalky.cz\/eshop\/?post_type=product&#038;p=205"},"modified":"2024-11-18T10:30:06","modified_gmt":"2024-11-18T10:30:06","slug":"kenwex-zapalky-ke-svickam-ruzove","status":"publish","type":"product","link":"https:\/\/reklamni-zapalky.cz\/eshop\/produkt\/kenwex-zapalky-ke-svickam-ruzove\/","title":{"rendered":"Kenwex z\u00e1palky ke sv\u00ed\u010dk\u00e1m, r\u016f\u017eov\u00e9"},"content":{"rendered":"<h5><strong>Z\u00e1palky vhodn\u00e9 pro zapalov\u00e1n\u00ed sv\u00ed\u010dek, doutn\u00edk\u016f a d\u00fdmkov\u00e9ho tab\u00e1ku.<\/strong><\/h5>\n<h5><strong><span style=\"color: #000000;\">Rozm\u011br krabi\u010dky: 105 x 35 x 10 mm<\/span><\/strong><\/h5>\n<h5><strong><span style=\"color: #000000;\">Po\u010det z\u00e1palek: 12 ks<\/span><\/strong><\/h5>\n<h5><strong><span style=\"color: #000000;\">D\u00e9lka z\u00e1palek: cca 9,5 cm<\/span><\/strong><\/h5>\n<h5><\/h5>\n<h5><strong>Bezpe\u010dnostn\u00ed z\u00e1palky \/ Chra\u0148te p\u0159ed d\u011btmi \/ Vyrobeno v EU \/ Norma EN 1783:1997:SAF.<\/strong><\/h5>\n","protected":false},"excerpt":{"rendered":"<p>Z\u00e1palky vhodn\u00e9 pro zapalov\u00e1n\u00ed sv\u00ed\u010dek, doutn\u00edk\u016f a d\u00fdmkov\u00e9ho tab\u00e1ku. Rozm\u011br krabi\u010dky: 105 x 35 x 10 mm Po\u010det z\u00e1palek: 12 ks D\u00e9lka z\u00e1palek: cca 9,5 cm Bezpe\u010dnostn\u00ed z\u00e1palky \/ Chra\u0148te p\u0159ed d\u011btmi \/ Vyrobeno v EU \/ Norma EN 1783:1997:SAF.<\/p>\n","protected":false},"featured_media":23445,"template":"","meta":[],"product_cat":[16],"product_tag":[37,38,32],"class_list":{"0":"post-205","1":"product","2":"type-product","3":"status-publish","4":"has-post-thumbnail","6":"product_cat-zapalky-klasicke-ve-skle","7":"product_tag-cigar","8":"product_tag-krbove","9":"product_tag-zapalky","11":"first","12":"instock","13":"taxable","14":"shipping-taxable","15":"purchasable","16":"product-type-simple"},"jetpack_sharing_enabled":true,"_links":{"self":[{"href":"https:\/\/reklamni-zapalky.cz\/eshop\/wp-json\/wp\/v2\/product\/205","targetHints":{"allow":["GET"]}}],"collection":[{"href":"https:\/\/reklamni-zapalky.cz\/eshop\/wp-json\/wp\/v2\/product"}],"about":[{"href":"https:\/\/reklamni-zapalky.cz\/eshop\/wp-json\/wp\/v2\/types\/product"}],"wp:featuredmedia":[{"embeddable":true,"href":"https:\/\/reklamni-zapalky.cz\/eshop\/wp-json\/wp\/v2\/media\/23445"}],"wp:attachment":[{"href":"https:\/\/reklamni-zapalky.cz\/eshop\/wp-json\/wp\/v2\/media?parent=205"}],"wp:term":[{"taxonomy":"product_cat","embeddable":true,"href":"https:\/\/reklamni-zapalky.cz\/eshop\/wp-json\/wp\/v2\/product_cat?post=205"},{"taxonomy":"product_tag","embeddable":true,"href":"https:\/\/reklamni-zapalky.cz\/eshop\/wp-json\/wp\/v2\/product_tag?post=205"}],"curies":[{"name":"wp","href":"https:\/\/api.w.org\/{rel}","templated":true}]}}