{"id":19054,"date":"2022-06-07T19:34:22","date_gmt":"2022-06-07T19:34:22","guid":{"rendered":"https:\/\/reklamni-zapalky.cz\/eshop\/?post_type=product&#038;p=19054"},"modified":"2025-10-08T05:27:04","modified_gmt":"2025-10-08T05:27:04","slug":"kenwex-podpalovac-mr-fire-kostka-15","status":"publish","type":"product","link":"https:\/\/reklamni-zapalky.cz\/eshop\/produkt\/kenwex-podpalovac-mr-fire-kostka-15\/","title":{"rendered":"Kenwex podpalova\u010d Mr. FIRE, kostka 15"},"content":{"rendered":"<h5><strong>Mr. Fire kostka 15 &#8211; ekologick\u00fd podpalova\u010d gril\u016f, krb\u016f, kamen a ohni\u0161\u0165.<\/strong><\/h5>\n<h5><strong>Jednodu\u0161e nal\u00e1mejte kosti\u010dky a zapalte krb \u010di gril. Bez z\u00e1pachu, ekologick\u00fd.<\/strong><\/h5>\n<h5><strong>Rozm\u011bry podpalova\u010de: 145 x 85 x 13 mm<\/strong><\/h5>\n<h5><strong>Po\u010det kostek: 15 ks<\/strong><\/h5>\n<p>&nbsp;<\/p>\n<h5><strong>Bezpe\u010dnostn\u00ed z\u00e1palky \/ Chra\u0148te p\u0159ed d\u011btmi \/ Vyrobeno v EU \/ Norma EN 1783:1997:SAF.<\/strong><\/h5>\n","protected":false},"excerpt":{"rendered":"<p>Mr. Fire kostka 15 &#8211; ekologick\u00fd podpalova\u010d gril\u016f, krb\u016f, kamen a ohni\u0161\u0165. Jednodu\u0161e nal\u00e1mejte kosti\u010dky a zapalte krb \u010di gril. Bez z\u00e1pachu, ekologick\u00fd. Rozm\u011bry podpalova\u010de: 145 x 85 x 13 mm Po\u010det kostek: 15 ks &nbsp; Bezpe\u010dnostn\u00ed z\u00e1palky \/ Chra\u0148te p\u0159ed d\u011btmi \/ Vyrobeno v EU \/ Norma EN 1783:1997:SAF.<\/p>\n","protected":false},"featured_media":23434,"template":"","meta":[],"product_cat":[18],"product_tag":[57,58,56,55,32],"class_list":{"0":"post-19054","1":"product","2":"type-product","3":"status-publish","4":"has-post-thumbnail","6":"product_cat-podpalovace","7":"product_tag-kostka","8":"product_tag-mr-fire","9":"product_tag-pevny","10":"product_tag-podpalovac","11":"product_tag-zapalky","13":"first","14":"instock","15":"taxable","16":"shipping-taxable","17":"purchasable","18":"product-type-simple"},"jetpack_sharing_enabled":true,"_links":{"self":[{"href":"https:\/\/reklamni-zapalky.cz\/eshop\/wp-json\/wp\/v2\/product\/19054","targetHints":{"allow":["GET"]}}],"collection":[{"href":"https:\/\/reklamni-zapalky.cz\/eshop\/wp-json\/wp\/v2\/product"}],"about":[{"href":"https:\/\/reklamni-zapalky.cz\/eshop\/wp-json\/wp\/v2\/types\/product"}],"wp:featuredmedia":[{"embeddable":true,"href":"https:\/\/reklamni-zapalky.cz\/eshop\/wp-json\/wp\/v2\/media\/23434"}],"wp:attachment":[{"href":"https:\/\/reklamni-zapalky.cz\/eshop\/wp-json\/wp\/v2\/media?parent=19054"}],"wp:term":[{"taxonomy":"product_cat","embeddable":true,"href":"https:\/\/reklamni-zapalky.cz\/eshop\/wp-json\/wp\/v2\/product_cat?post=19054"},{"taxonomy":"product_tag","embeddable":true,"href":"https:\/\/reklamni-zapalky.cz\/eshop\/wp-json\/wp\/v2\/product_tag?post=19054"}],"curies":[{"name":"wp","href":"https:\/\/api.w.org\/{rel}","templated":true}]}}