{"id":122,"date":"2022-06-07T19:21:52","date_gmt":"2022-06-07T19:21:52","guid":{"rendered":"https:\/\/reklamni-zapalky.cz\/eshop\/produkt\/produkt-16\/"},"modified":"2026-01-23T20:31:24","modified_gmt":"2026-01-23T20:31:24","slug":"kenwex-zapalky-cowboy-v-plastove-doze-52-ks","status":"publish","type":"product","link":"https:\/\/reklamni-zapalky.cz\/eshop\/produkt\/kenwex-zapalky-cowboy-v-plastove-doze-52-ks\/","title":{"rendered":"Kenwex z\u00e1palky Cowboy v plastov\u00e9 d\u00f3ze, 52 ks"},"content":{"rendered":"<div class=\"product_name_wrap flex_container flex_start\">\n<div class=\"flex_child\">\n<h5 class=\"product_name\"><strong><span style=\"font-size: 16px;\">Z\u00e1palky Cowboy nab\u00edz\u00edme v praktick\u00e9m balen\u00ed po 52 ks, <\/span>plastov\u00e1 d\u00f3za zdarma!<\/strong><\/h5>\n<\/div>\n<\/div>\n<div class=\"product-information\">\n<div id=\"product-description-short-23478\" class=\"product-description-short mb-3 \">\n<h5><strong>Z\u00e1palky Cowboy lze zap\u00e1lit \u0161ktnut\u00edm o jak\u00fdkoliv tvrd\u00fd p\u0159edm\u011bt.<\/strong><\/h5>\n<h5><strong>V nab\u00eddce m\u00e1me sm\u011bs 24 grafik s cowboyskou, p\u0159\u00edrodn\u00ed a army t\u00e9matikou.<\/strong><\/h5>\n<h5><strong>Rozm\u011br krabi\u010dky: 53 x 36 x 16 mm<\/strong><\/h5>\n<h5><strong>Po\u010det z\u00e1palek v krabi\u010dce: cca 40 ks<\/strong><\/h5>\n<h5><strong>Rozm\u011br d\u00f3zy: cca 140 x 150 mm<\/strong><\/h5>\n<p>&nbsp;<\/p>\n<\/div>\n<\/div>\n<h5><strong>Bezpe\u010dnostn\u00ed z\u00e1palky \/ Chra\u0148te p\u0159ed d\u011btmi \/ Vyrobeno v EU \/ Norma EN 1783:1997:SAF.<\/strong><\/h5>\n<p>&nbsp;<\/p>\n","protected":false},"excerpt":{"rendered":"<p>Z\u00e1palky Cowboy nab\u00edz\u00edme v praktick\u00e9m balen\u00ed po 52 ks, plastov\u00e1 d\u00f3za zdarma! Z\u00e1palky Cowboy lze zap\u00e1lit \u0161ktnut\u00edm o jak\u00fdkoliv tvrd\u00fd p\u0159edm\u011bt. V nab\u00eddce m\u00e1me sm\u011bs 24 grafik s cowboyskou, p\u0159\u00edrodn\u00ed a army t\u00e9matikou. Rozm\u011br krabi\u010dky: 53 x 36 x 16 mm Po\u010det z\u00e1palek v krabi\u010dce: cca 40 ks Rozm\u011br d\u00f3zy: cca 140 x 150 mm [&hellip;]<\/p>\n","protected":false},"featured_media":23459,"template":"","meta":[],"product_cat":[17],"product_tag":[45,48,49,32],"class_list":{"0":"post-122","1":"product","2":"type-product","3":"status-publish","4":"has-post-thumbnail","6":"product_cat-zapalky-specialni-cowboy","7":"product_tag-cowboy","8":"product_tag-doza","9":"product_tag-samoskrtaci","10":"product_tag-zapalky","12":"first","13":"instock","14":"taxable","15":"shipping-taxable","16":"purchasable","17":"product-type-simple"},"jetpack_sharing_enabled":true,"_links":{"self":[{"href":"https:\/\/reklamni-zapalky.cz\/eshop\/wp-json\/wp\/v2\/product\/122","targetHints":{"allow":["GET"]}}],"collection":[{"href":"https:\/\/reklamni-zapalky.cz\/eshop\/wp-json\/wp\/v2\/product"}],"about":[{"href":"https:\/\/reklamni-zapalky.cz\/eshop\/wp-json\/wp\/v2\/types\/product"}],"wp:featuredmedia":[{"embeddable":true,"href":"https:\/\/reklamni-zapalky.cz\/eshop\/wp-json\/wp\/v2\/media\/23459"}],"wp:attachment":[{"href":"https:\/\/reklamni-zapalky.cz\/eshop\/wp-json\/wp\/v2\/media?parent=122"}],"wp:term":[{"taxonomy":"product_cat","embeddable":true,"href":"https:\/\/reklamni-zapalky.cz\/eshop\/wp-json\/wp\/v2\/product_cat?post=122"},{"taxonomy":"product_tag","embeddable":true,"href":"https:\/\/reklamni-zapalky.cz\/eshop\/wp-json\/wp\/v2\/product_tag?post=122"}],"curies":[{"name":"wp","href":"https:\/\/api.w.org\/{rel}","templated":true}]}}