{"id":119,"date":"2022-06-07T19:21:51","date_gmt":"2022-06-07T19:21:51","guid":{"rendered":"https:\/\/reklamni-zapalky.cz\/eshop\/produkt\/produkt-13\/"},"modified":"2026-04-07T10:06:19","modified_gmt":"2026-04-07T10:06:19","slug":"kenwex-zapalky-krbove-10-dlouhe","status":"publish","type":"product","link":"https:\/\/reklamni-zapalky.cz\/eshop\/produkt\/kenwex-zapalky-krbove-10-dlouhe\/","title":{"rendered":"Kenwex z\u00e1palky krbov\u00e9 10, dlouh\u00e9"},"content":{"rendered":"<h5><strong>Krbov\u00e9 dlouh\u00e9 z\u00e1palky 10 &#8211; vhodn\u00e9 pro zapalov\u00e1n\u00ed sv\u00ed\u010dek, krb\u016f, grill\u016f.<\/strong><\/h5>\n<h5><strong>Rozm\u011br krabi\u010dky: 203 x 35 x 13 mm<\/strong><\/h5>\n<h5><strong>Po\u010det z\u00e1palek: cca 10ks<\/strong><\/h5>\n<h5><strong>D\u00e9lka z\u00e1palek: 20 cm<\/strong><\/h5>\n<h5><strong>Pokud byste cht\u011bli z\u00e1palky Krbov\u00e9 10 se svou vlastn\u00ed grafikou, p\u0159ejd\u011bte na:<\/strong><\/h5>\n<h5><strong><a href=\"http:\/\/reklamni-zapalky.cz\/reklamni-zapalky\/krbove-zapalky-10\/\">http:\/\/reklamni-zapalky.cz\/reklamni-zapalky\/krbove-zapalky-10\/<\/a><\/strong><\/h5>\n<h5><\/h5>\n<h5><strong>Bezpe\u010dnostn\u00ed z\u00e1palky \/ Chra\u0148te p\u0159ed d\u011btmi \/ Vyrobeno v EU \/ Norma EN 1783:1997:SAF.<\/strong><\/h5>\n","protected":false},"excerpt":{"rendered":"<p>Krbov\u00e9 dlouh\u00e9 z\u00e1palky 10 &#8211; vhodn\u00e9 pro zapalov\u00e1n\u00ed sv\u00ed\u010dek, krb\u016f, grill\u016f. Rozm\u011br krabi\u010dky: 203 x 35 x 13 mm Po\u010det z\u00e1palek: cca 10ks D\u00e9lka z\u00e1palek: 20 cm Pokud byste cht\u011bli z\u00e1palky Krbov\u00e9 10 se svou vlastn\u00ed grafikou, p\u0159ejd\u011bte na: http:\/\/reklamni-zapalky.cz\/reklamni-zapalky\/krbove-zapalky-10\/ Bezpe\u010dnostn\u00ed z\u00e1palky \/ Chra\u0148te p\u0159ed d\u011btmi \/ Vyrobeno v EU \/ Norma EN 1783:1997:SAF.<\/p>\n","protected":false},"featured_media":23469,"template":"","meta":[],"product_cat":[20],"product_tag":[33,38,71,32],"class_list":{"0":"post-119","1":"product","2":"type-product","3":"status-publish","4":"has-post-thumbnail","6":"product_cat-krbove-zapalky","7":"product_tag-dlouhe","8":"product_tag-krbove","9":"product_tag-krbove-10","10":"product_tag-zapalky","12":"first","13":"instock","14":"taxable","15":"shipping-taxable","16":"purchasable","17":"product-type-simple"},"jetpack_sharing_enabled":true,"_links":{"self":[{"href":"https:\/\/reklamni-zapalky.cz\/eshop\/wp-json\/wp\/v2\/product\/119","targetHints":{"allow":["GET"]}}],"collection":[{"href":"https:\/\/reklamni-zapalky.cz\/eshop\/wp-json\/wp\/v2\/product"}],"about":[{"href":"https:\/\/reklamni-zapalky.cz\/eshop\/wp-json\/wp\/v2\/types\/product"}],"wp:featuredmedia":[{"embeddable":true,"href":"https:\/\/reklamni-zapalky.cz\/eshop\/wp-json\/wp\/v2\/media\/23469"}],"wp:attachment":[{"href":"https:\/\/reklamni-zapalky.cz\/eshop\/wp-json\/wp\/v2\/media?parent=119"}],"wp:term":[{"taxonomy":"product_cat","embeddable":true,"href":"https:\/\/reklamni-zapalky.cz\/eshop\/wp-json\/wp\/v2\/product_cat?post=119"},{"taxonomy":"product_tag","embeddable":true,"href":"https:\/\/reklamni-zapalky.cz\/eshop\/wp-json\/wp\/v2\/product_tag?post=119"}],"curies":[{"name":"wp","href":"https:\/\/api.w.org\/{rel}","templated":true}]}}