{"id":112,"date":"2022-06-07T19:21:51","date_gmt":"2022-06-07T19:21:51","guid":{"rendered":"https:\/\/reklamni-zapalky.cz\/eshop\/produkt\/produkt-6\/"},"modified":"2024-11-12T19:05:43","modified_gmt":"2024-11-12T19:05:43","slug":"kenwex-svicka-venkovni-folium","status":"publish","type":"product","link":"https:\/\/reklamni-zapalky.cz\/eshop\/produkt\/kenwex-svicka-venkovni-folium\/","title":{"rendered":"Kenwex sv\u00ed\u010dka venkovn\u00ed &#8211; folium"},"content":{"rendered":"<h5><strong>Venkovn\u00ed sv\u00ed\u010dka folium vhodn\u00e1 na zahrady.\u00a0<\/strong><\/h5>\n<h5><strong>Rozm\u011br sv\u00ed\u010dky: 100 x 35 mm<\/strong><\/h5>\n<h5><strong>Doba ho\u0159en\u00ed: 3 &#8211; 4 hodiny<\/strong><\/h5>\n<h5><\/h5>\n<h5><strong>Venkovn\u00ed sv\u00ed\u010dka Folium je pouze pro venkovn\u00ed pou\u017eit\u00ed. Sv\u00ed\u010dka je ve aluminov\u00e9 f\u00f3lii, plave na vod\u011b.<\/strong><\/h5>\n<h5><strong>Dodr\u017eujte n\u00e1vod pou\u017eit\u00ed uveden na sv\u00ed\u010dce.<\/strong><\/h5>\n","protected":false},"excerpt":{"rendered":"<p>Venkovn\u00ed sv\u00ed\u010dka folium vhodn\u00e1 na zahrady.\u00a0 Rozm\u011br sv\u00ed\u010dky: 100 x 35 mm Doba ho\u0159en\u00ed: 3 &#8211; 4 hodiny Venkovn\u00ed sv\u00ed\u010dka Folium je pouze pro venkovn\u00ed pou\u017eit\u00ed. Sv\u00ed\u010dka je ve aluminov\u00e9 f\u00f3lii, plave na vod\u011b. Dodr\u017eujte n\u00e1vod pou\u017eit\u00ed uveden na sv\u00ed\u010dce.<\/p>\n","protected":false},"featured_media":23437,"template":"","meta":[],"product_cat":[21],"product_tag":[74,73,75],"class_list":{"0":"post-112","1":"product","2":"type-product","3":"status-publish","4":"has-post-thumbnail","6":"product_cat-venkovni-svicky","7":"product_tag-folium","8":"product_tag-svika","9":"product_tag-venkovni","11":"first","12":"instock","13":"taxable","14":"shipping-taxable","15":"purchasable","16":"product-type-simple"},"jetpack_sharing_enabled":true,"_links":{"self":[{"href":"https:\/\/reklamni-zapalky.cz\/eshop\/wp-json\/wp\/v2\/product\/112","targetHints":{"allow":["GET"]}}],"collection":[{"href":"https:\/\/reklamni-zapalky.cz\/eshop\/wp-json\/wp\/v2\/product"}],"about":[{"href":"https:\/\/reklamni-zapalky.cz\/eshop\/wp-json\/wp\/v2\/types\/product"}],"wp:featuredmedia":[{"embeddable":true,"href":"https:\/\/reklamni-zapalky.cz\/eshop\/wp-json\/wp\/v2\/media\/23437"}],"wp:attachment":[{"href":"https:\/\/reklamni-zapalky.cz\/eshop\/wp-json\/wp\/v2\/media?parent=112"}],"wp:term":[{"taxonomy":"product_cat","embeddable":true,"href":"https:\/\/reklamni-zapalky.cz\/eshop\/wp-json\/wp\/v2\/product_cat?post=112"},{"taxonomy":"product_tag","embeddable":true,"href":"https:\/\/reklamni-zapalky.cz\/eshop\/wp-json\/wp\/v2\/product_tag?post=112"}],"curies":[{"name":"wp","href":"https:\/\/api.w.org\/{rel}","templated":true}]}}