{"id":711,"date":"2019-03-11T13:09:06","date_gmt":"2019-03-11T13:09:06","guid":{"rendered":"http:\/\/krbove-zapalky-podpalovace.cz\/?post_type=product&#038;p=711"},"modified":"2023-06-26T11:07:24","modified_gmt":"2023-06-26T11:07:24","slug":"zapalky-gigant-1x10","status":"publish","type":"product","link":"https:\/\/reklamni-zapalky.cz\/en\/reklamni-zapalky\/knizeckove-zapalky\/zapalky-gigant-1x10\/","title":{"rendered":"z\u00e1palky Gigant 1&#215;10"},"content":{"rendered":"<p>Kn\u00ed\u017ee\u010dkov\u00e9 trhac\u00ed z\u00e1palky nab\u00edz\u00ed \u0161irokou \u0159adu proveden\u00ed, kter\u00e9 se li\u0161\u00ed v po\u010dtu z\u00e1palek v h\u0159eb\u00ednku.<\/p>","protected":false},"excerpt":{"rendered":"<p>Z\u00e1palky Gigant nab\u00edz\u00ed \u0161irok\u00fd prostor k potisku, jak na vn\u011bj\u0161\u00ed, tak vnit\u0159n\u00ed plochu.<\/p>","protected":false},"featured_media":714,"template":"","meta":[],"product_brand":[],"product_cat":[17,24],"product_tag":[140,60,57,98,61,41],"class_list":{"0":"post-711","1":"product","2":"type-product","3":"status-publish","4":"has-post-thumbnail","6":"product_cat-reklamni-zapalky","7":"product_cat-knizeckove-zapalky","8":"product_tag-gigant","9":"product_tag-knizeckove","10":"product_tag-reklamni","11":"product_tag-sirky","12":"product_tag-trhaci","13":"product_tag-zapalky","15":"first","16":"instock","17":"sold-individually","18":"shipping-taxable","19":"purchasable","20":"product-type-simple"},"_links":{"self":[{"href":"https:\/\/reklamni-zapalky.cz\/en\/wp-json\/wp\/v2\/product\/711","targetHints":{"allow":["GET"]}}],"collection":[{"href":"https:\/\/reklamni-zapalky.cz\/en\/wp-json\/wp\/v2\/product"}],"about":[{"href":"https:\/\/reklamni-zapalky.cz\/en\/wp-json\/wp\/v2\/types\/product"}],"wp:featuredmedia":[{"embeddable":true,"href":"https:\/\/reklamni-zapalky.cz\/en\/wp-json\/wp\/v2\/media\/714"}],"wp:attachment":[{"href":"https:\/\/reklamni-zapalky.cz\/en\/wp-json\/wp\/v2\/media?parent=711"}],"wp:term":[{"taxonomy":"product_brand","embeddable":true,"href":"https:\/\/reklamni-zapalky.cz\/en\/wp-json\/wp\/v2\/product_brand?post=711"},{"taxonomy":"product_cat","embeddable":true,"href":"https:\/\/reklamni-zapalky.cz\/en\/wp-json\/wp\/v2\/product_cat?post=711"},{"taxonomy":"product_tag","embeddable":true,"href":"https:\/\/reklamni-zapalky.cz\/en\/wp-json\/wp\/v2\/product_tag?post=711"}],"curies":[{"name":"wp","href":"https:\/\/api.w.org\/{rel}","templated":true}]}}