{"id":709,"date":"2019-03-11T13:03:02","date_gmt":"2019-03-11T13:03:02","guid":{"rendered":"http:\/\/krbove-zapalky-podpalovace.cz\/?post_type=product&#038;p=709"},"modified":"2023-06-26T11:10:00","modified_gmt":"2023-06-26T11:10:00","slug":"zapalky-minigigant","status":"publish","type":"product","link":"https:\/\/reklamni-zapalky.cz\/en\/reklamni-zapalky\/knizeckove-zapalky\/zapalky-minigigant\/","title":{"rendered":"z\u00e1palky Minigigant"},"content":{"rendered":"<p>Kn\u00ed\u017ee\u010dkov\u00e9 trhac\u00ed z\u00e1palky nab\u00edz\u00ed \u0161irokou \u0159adu proveden\u00ed, kter\u00e9 se li\u0161\u00ed v po\u010dtu z\u00e1palek v h\u0159eb\u00ednku.<\/p>","protected":false},"excerpt":{"rendered":"<p>Z\u00e1palky Minigigant jsou men\u0161\u00ed verz\u00ed klasick\u00fdch Gigant\u016f. K potisku lze vyu\u017e\u00edt jak vn\u011bj\u0161\u00ed, tak vnit\u0159n\u00ed plochu. Jedn\u00e1 se o trhac\u00ed del\u0161\u00ed z\u00e1palky.<\/p>","protected":false},"featured_media":710,"template":"","meta":[],"product_brand":[],"product_cat":[17,24],"product_tag":[60,57,262,67,98,61,41],"class_list":{"0":"post-709","1":"product","2":"type-product","3":"status-publish","4":"has-post-thumbnail","6":"product_cat-reklamni-zapalky","7":"product_cat-knizeckove-zapalky","8":"product_tag-knizeckove","9":"product_tag-reklamni","10":"product_tag-s-logem","11":"product_tag-s-potiskem","12":"product_tag-sirky","13":"product_tag-trhaci","14":"product_tag-zapalky","16":"first","17":"instock","18":"sold-individually","19":"shipping-taxable","20":"purchasable","21":"product-type-simple"},"_links":{"self":[{"href":"https:\/\/reklamni-zapalky.cz\/en\/wp-json\/wp\/v2\/product\/709","targetHints":{"allow":["GET"]}}],"collection":[{"href":"https:\/\/reklamni-zapalky.cz\/en\/wp-json\/wp\/v2\/product"}],"about":[{"href":"https:\/\/reklamni-zapalky.cz\/en\/wp-json\/wp\/v2\/types\/product"}],"wp:featuredmedia":[{"embeddable":true,"href":"https:\/\/reklamni-zapalky.cz\/en\/wp-json\/wp\/v2\/media\/710"}],"wp:attachment":[{"href":"https:\/\/reklamni-zapalky.cz\/en\/wp-json\/wp\/v2\/media?parent=709"}],"wp:term":[{"taxonomy":"product_brand","embeddable":true,"href":"https:\/\/reklamni-zapalky.cz\/en\/wp-json\/wp\/v2\/product_brand?post=709"},{"taxonomy":"product_cat","embeddable":true,"href":"https:\/\/reklamni-zapalky.cz\/en\/wp-json\/wp\/v2\/product_cat?post=709"},{"taxonomy":"product_tag","embeddable":true,"href":"https:\/\/reklamni-zapalky.cz\/en\/wp-json\/wp\/v2\/product_tag?post=709"}],"curies":[{"name":"wp","href":"https:\/\/api.w.org\/{rel}","templated":true}]}}