{"id":708,"date":"2019-03-11T12:55:09","date_gmt":"2019-03-11T12:55:09","guid":{"rendered":"http:\/\/krbove-zapalky-podpalovace.cz\/?post_type=product&#038;p=708"},"modified":"2023-06-27T12:01:36","modified_gmt":"2023-06-27T12:01:36","slug":"zapalky-roller-oval-a","status":"publish","type":"product","link":"https:\/\/reklamni-zapalky.cz\/en\/reklamni-zapalky\/rollery\/zapalky-roller-oval-a\/","title":{"rendered":"z\u00e1palky Roller oval A"},"content":{"rendered":"<p>Z\u00e1palky Roller nab\u00edz\u00edme v n\u011bkolika velikostn\u00edch proveden\u00edch. Rozd\u00edl je jak ve v\u00fd\u0161ce, tak v \u0161\u00ed\u0159ce t\u011bchto netypick\u00fdch z\u00e1palek.<\/p>","protected":false},"excerpt":{"rendered":"<p>Roller v ov\u00e1ln\u00e9m tubusu pat\u0159\u00ed k dal\u0161\u00edm speci\u00e1ln\u00edm z\u00e1palkov\u00fdm krabi\u010dk\u00e1m. Touto rozhodn\u011b p\u0159ekvap\u00edte!<\/p>","protected":false},"featured_media":676,"template":"","meta":[],"product_brand":[],"product_cat":[17,126],"product_tag":[136,139,127,128],"class_list":{"0":"post-708","1":"product","2":"type-product","3":"status-publish","4":"has-post-thumbnail","6":"product_cat-reklamni-zapalky","7":"product_cat-rollery","8":"product_tag-kulate","9":"product_tag-oval","10":"product_tag-roller","11":"product_tag-tubus","13":"first","14":"instock","15":"sold-individually","16":"shipping-taxable","17":"purchasable","18":"product-type-simple"},"_links":{"self":[{"href":"https:\/\/reklamni-zapalky.cz\/en\/wp-json\/wp\/v2\/product\/708","targetHints":{"allow":["GET"]}}],"collection":[{"href":"https:\/\/reklamni-zapalky.cz\/en\/wp-json\/wp\/v2\/product"}],"about":[{"href":"https:\/\/reklamni-zapalky.cz\/en\/wp-json\/wp\/v2\/types\/product"}],"wp:featuredmedia":[{"embeddable":true,"href":"https:\/\/reklamni-zapalky.cz\/en\/wp-json\/wp\/v2\/media\/676"}],"wp:attachment":[{"href":"https:\/\/reklamni-zapalky.cz\/en\/wp-json\/wp\/v2\/media?parent=708"}],"wp:term":[{"taxonomy":"product_brand","embeddable":true,"href":"https:\/\/reklamni-zapalky.cz\/en\/wp-json\/wp\/v2\/product_brand?post=708"},{"taxonomy":"product_cat","embeddable":true,"href":"https:\/\/reklamni-zapalky.cz\/en\/wp-json\/wp\/v2\/product_cat?post=708"},{"taxonomy":"product_tag","embeddable":true,"href":"https:\/\/reklamni-zapalky.cz\/en\/wp-json\/wp\/v2\/product_tag?post=708"}],"curies":[{"name":"wp","href":"https:\/\/api.w.org\/{rel}","templated":true}]}}