{"id":707,"date":"2019-03-11T12:51:47","date_gmt":"2019-03-11T12:51:47","guid":{"rendered":"http:\/\/krbove-zapalky-podpalovace.cz\/?post_type=product&#038;p=707"},"modified":"2023-06-27T12:02:28","modified_gmt":"2023-06-27T12:02:28","slug":"roller-32a-zapalky","status":"publish","type":"product","link":"https:\/\/reklamni-zapalky.cz\/en\/reklamni-zapalky\/rollery\/roller-32a-zapalky\/","title":{"rendered":"z\u00e1palky Roller 32A"},"content":{"rendered":"<p>Z\u00e1palky Roller nab\u00edz\u00edme v n\u011bkolika velikostn\u00edch proveden\u00edch. Rozd\u00edl je jak ve v\u00fd\u0161ce, tak v \u0161\u00ed\u0159ce t\u011bchto netypick\u00fdch z\u00e1palek.<\/p>","protected":false},"excerpt":{"rendered":"<p>Roller 32A obsahuje p\u0159ibli\u017en\u011b 50 ks z\u00e1palek.<\/p>","protected":false},"featured_media":680,"template":"","meta":[],"product_brand":[],"product_cat":[17,126],"product_tag":[138,136,127,128],"class_list":{"0":"post-707","1":"product","2":"type-product","3":"status-publish","4":"has-post-thumbnail","6":"product_cat-reklamni-zapalky","7":"product_cat-rollery","8":"product_tag-32a","9":"product_tag-kulate","10":"product_tag-roller","11":"product_tag-tubus","13":"first","14":"instock","15":"sold-individually","16":"shipping-taxable","17":"purchasable","18":"product-type-simple"},"_links":{"self":[{"href":"https:\/\/reklamni-zapalky.cz\/en\/wp-json\/wp\/v2\/product\/707","targetHints":{"allow":["GET"]}}],"collection":[{"href":"https:\/\/reklamni-zapalky.cz\/en\/wp-json\/wp\/v2\/product"}],"about":[{"href":"https:\/\/reklamni-zapalky.cz\/en\/wp-json\/wp\/v2\/types\/product"}],"wp:featuredmedia":[{"embeddable":true,"href":"https:\/\/reklamni-zapalky.cz\/en\/wp-json\/wp\/v2\/media\/680"}],"wp:attachment":[{"href":"https:\/\/reklamni-zapalky.cz\/en\/wp-json\/wp\/v2\/media?parent=707"}],"wp:term":[{"taxonomy":"product_brand","embeddable":true,"href":"https:\/\/reklamni-zapalky.cz\/en\/wp-json\/wp\/v2\/product_brand?post=707"},{"taxonomy":"product_cat","embeddable":true,"href":"https:\/\/reklamni-zapalky.cz\/en\/wp-json\/wp\/v2\/product_cat?post=707"},{"taxonomy":"product_tag","embeddable":true,"href":"https:\/\/reklamni-zapalky.cz\/en\/wp-json\/wp\/v2\/product_tag?post=707"}],"curies":[{"name":"wp","href":"https:\/\/api.w.org\/{rel}","templated":true}]}}