{"id":706,"date":"2019-03-11T12:45:04","date_gmt":"2019-03-11T12:45:04","guid":{"rendered":"http:\/\/krbove-zapalky-podpalovace.cz\/?post_type=product&#038;p=706"},"modified":"2023-06-27T12:03:55","modified_gmt":"2023-06-27T12:03:55","slug":"zapalky-roller-25a","status":"publish","type":"product","link":"https:\/\/reklamni-zapalky.cz\/en\/reklamni-zapalky\/rollery\/zapalky-roller-25a\/","title":{"rendered":"z\u00e1palky Roller 25A"},"content":{"rendered":"<p>Z\u00e1palky Roller nab\u00edz\u00edme v n\u011bkolika velikostn\u00edch proveden\u00edch. Rozd\u00edl je jak ve v\u00fd\u0161ce, tak v \u0161\u00ed\u0159ce t\u011bchto netypick\u00fdch z\u00e1palek.<\/p>","protected":false},"excerpt":{"rendered":"<p>Roller 25A m\u00e1 ji\u017e v\u011bt\u0161\u00ed typ tubusu. M\u016f\u017ee poslou\u017eit jako mil\u00fd d\u00e1rek nebo suven\u00fdr z cest.<\/p>","protected":false},"featured_media":679,"template":"","meta":[],"product_brand":[],"product_cat":[17,126],"product_tag":[137,136,127,128],"class_list":{"0":"post-706","1":"product","2":"type-product","3":"status-publish","4":"has-post-thumbnail","6":"product_cat-reklamni-zapalky","7":"product_cat-rollery","8":"product_tag-25a","9":"product_tag-kulate","10":"product_tag-roller","11":"product_tag-tubus","13":"first","14":"instock","15":"sold-individually","16":"shipping-taxable","17":"purchasable","18":"product-type-simple"},"_links":{"self":[{"href":"https:\/\/reklamni-zapalky.cz\/en\/wp-json\/wp\/v2\/product\/706","targetHints":{"allow":["GET"]}}],"collection":[{"href":"https:\/\/reklamni-zapalky.cz\/en\/wp-json\/wp\/v2\/product"}],"about":[{"href":"https:\/\/reklamni-zapalky.cz\/en\/wp-json\/wp\/v2\/types\/product"}],"wp:featuredmedia":[{"embeddable":true,"href":"https:\/\/reklamni-zapalky.cz\/en\/wp-json\/wp\/v2\/media\/679"}],"wp:attachment":[{"href":"https:\/\/reklamni-zapalky.cz\/en\/wp-json\/wp\/v2\/media?parent=706"}],"wp:term":[{"taxonomy":"product_brand","embeddable":true,"href":"https:\/\/reklamni-zapalky.cz\/en\/wp-json\/wp\/v2\/product_brand?post=706"},{"taxonomy":"product_cat","embeddable":true,"href":"https:\/\/reklamni-zapalky.cz\/en\/wp-json\/wp\/v2\/product_cat?post=706"},{"taxonomy":"product_tag","embeddable":true,"href":"https:\/\/reklamni-zapalky.cz\/en\/wp-json\/wp\/v2\/product_tag?post=706"}],"curies":[{"name":"wp","href":"https:\/\/api.w.org\/{rel}","templated":true}]}}