{"id":670,"date":"2019-03-11T11:20:47","date_gmt":"2019-03-11T11:20:47","guid":{"rendered":"http:\/\/krbove-zapalky-podpalovace.cz\/?post_type=product&#038;p=670"},"modified":"2023-06-27T12:07:42","modified_gmt":"2023-06-27T12:07:42","slug":"zapalky-roller-rtenka","status":"publish","type":"product","link":"https:\/\/reklamni-zapalky.cz\/en\/reklamni-zapalky\/rollery\/zapalky-roller-rtenka\/","title":{"rendered":"z\u00e1palky Roller rt\u011bnka"},"content":{"rendered":"<p>Z\u00e1palky Roller nab\u00edz\u00edme v n\u011bkolika velikostn\u00edch proveden\u00edch. Rozd\u00edl je jak ve v\u00fd\u0161ce, tak v \u0161\u00ed\u0159ce t\u011bchto netypick\u00fdch z\u00e1palek.<\/p>","protected":false},"excerpt":{"rendered":"<p>Z\u00e1palky Roller rt\u011bnka jsou jedny z nejobl\u00edben\u011bj\u0161\u00edch roller\u016f. Vhodn\u00e9 jsou jako drobn\u00fd netypick\u00fd d\u00e1rek jak pro mu\u017ee, tak \u017eeny.<\/p>","protected":false},"featured_media":681,"template":"","meta":[],"product_brand":[],"product_cat":[17,126],"product_tag":[45,127,129,128],"class_list":{"0":"post-670","1":"product","2":"type-product","3":"status-publish","4":"has-post-thumbnail","6":"product_cat-reklamni-zapalky","7":"product_cat-rollery","8":"product_tag-reklamni-zapalky","9":"product_tag-roller","10":"product_tag-rtenka","11":"product_tag-tubus","13":"first","14":"instock","15":"sold-individually","16":"shipping-taxable","17":"purchasable","18":"product-type-simple"},"_links":{"self":[{"href":"https:\/\/reklamni-zapalky.cz\/en\/wp-json\/wp\/v2\/product\/670","targetHints":{"allow":["GET"]}}],"collection":[{"href":"https:\/\/reklamni-zapalky.cz\/en\/wp-json\/wp\/v2\/product"}],"about":[{"href":"https:\/\/reklamni-zapalky.cz\/en\/wp-json\/wp\/v2\/types\/product"}],"wp:featuredmedia":[{"embeddable":true,"href":"https:\/\/reklamni-zapalky.cz\/en\/wp-json\/wp\/v2\/media\/681"}],"wp:attachment":[{"href":"https:\/\/reklamni-zapalky.cz\/en\/wp-json\/wp\/v2\/media?parent=670"}],"wp:term":[{"taxonomy":"product_brand","embeddable":true,"href":"https:\/\/reklamni-zapalky.cz\/en\/wp-json\/wp\/v2\/product_brand?post=670"},{"taxonomy":"product_cat","embeddable":true,"href":"https:\/\/reklamni-zapalky.cz\/en\/wp-json\/wp\/v2\/product_cat?post=670"},{"taxonomy":"product_tag","embeddable":true,"href":"https:\/\/reklamni-zapalky.cz\/en\/wp-json\/wp\/v2\/product_tag?post=670"}],"curies":[{"name":"wp","href":"https:\/\/api.w.org\/{rel}","templated":true}]}}