{"id":659,"date":"2019-03-08T12:27:48","date_gmt":"2019-03-08T12:27:48","guid":{"rendered":"http:\/\/krbove-zapalky-podpalovace.cz\/?post_type=product&#038;p=659"},"modified":"2022-09-20T09:04:50","modified_gmt":"2022-09-20T09:04:50","slug":"reklamni-rostouci-tuzka-s-vypalenym-logem","status":"publish","type":"product","link":"https:\/\/reklamni-zapalky.cz\/en\/eko\/reklamni-rostouci-tuzky\/reklamni-rostouci-tuzka-s-vypalenym-logem\/","title":{"rendered":"Reklamn\u00ed rostouc\u00ed tu\u017eka s vyp\u00e1len\u00fdm logem"},"content":{"rendered":"<p>Sprout jsou tu\u017eky a pastelky, kter\u00e9 cht\u011bj\u00ed r\u016fst!!! Ka\u017ed\u00e1 tu\u017eka obsahuje nejm\u00e9n\u011b 5 sem\u00ednek dle typu bylinky. Sem\u00ednka jsou bez pesticid\u016f a nep\u0159edstavuj\u00ed \u017e\u00e1dn\u00e9 riziko pro rostliny, spodn\u00ed vodu ani pro \u010dlov\u011bka. Tu\u017eky z\u00edskaly ji\u017e \u0159adu mezin\u00e1rodn\u00edch ocen\u011bn\u00ed.<\/p>\n<p>&nbsp;<\/p>","protected":false},"excerpt":{"rendered":"<p>Reklamn\u00ed rostouc\u00ed tu\u017eky Sprout jsou ekologick\u00e9, kr\u00e1sn\u011b von\u00ed a nav\u00edc &#8211; rostou! Dopl\u0148te ka\u017edou tu\u017eku sv\u00fdm logem, kter\u00e9 je vyp\u00e1leno p\u0159\u00edmo do d\u0159\u00edvka tu\u017eky a z\u00edsk\u00e1te tak neokoukan\u00fd reklamn\u00ed p\u0159edm\u011bt, kter\u00fd ka\u017ed\u00e9mu z\u016fstane a\u017e do sklizn\u011b \u00farody.<\/p>","protected":false},"featured_media":1691,"template":"","meta":[],"product_brand":[],"product_cat":[38],"product_tag":[124,57,120,121,119,125],"class_list":{"0":"post-659","1":"product","2":"type-product","3":"status-publish","4":"has-post-thumbnail","6":"product_cat-reklamni-rostouci-tuzky","7":"product_tag-logo","8":"product_tag-reklamni","9":"product_tag-rostouci","10":"product_tag-sprout","11":"product_tag-tuzka","12":"product_tag-vypalene","14":"first","15":"instock","16":"sold-individually","17":"shipping-taxable","18":"purchasable","19":"product-type-simple"},"_links":{"self":[{"href":"https:\/\/reklamni-zapalky.cz\/en\/wp-json\/wp\/v2\/product\/659","targetHints":{"allow":["GET"]}}],"collection":[{"href":"https:\/\/reklamni-zapalky.cz\/en\/wp-json\/wp\/v2\/product"}],"about":[{"href":"https:\/\/reklamni-zapalky.cz\/en\/wp-json\/wp\/v2\/types\/product"}],"wp:featuredmedia":[{"embeddable":true,"href":"https:\/\/reklamni-zapalky.cz\/en\/wp-json\/wp\/v2\/media\/1691"}],"wp:attachment":[{"href":"https:\/\/reklamni-zapalky.cz\/en\/wp-json\/wp\/v2\/media?parent=659"}],"wp:term":[{"taxonomy":"product_brand","embeddable":true,"href":"https:\/\/reklamni-zapalky.cz\/en\/wp-json\/wp\/v2\/product_brand?post=659"},{"taxonomy":"product_cat","embeddable":true,"href":"https:\/\/reklamni-zapalky.cz\/en\/wp-json\/wp\/v2\/product_cat?post=659"},{"taxonomy":"product_tag","embeddable":true,"href":"https:\/\/reklamni-zapalky.cz\/en\/wp-json\/wp\/v2\/product_tag?post=659"}],"curies":[{"name":"wp","href":"https:\/\/api.w.org\/{rel}","templated":true}]}}