{"id":656,"date":"2019-03-08T12:10:02","date_gmt":"2019-03-08T12:10:02","guid":{"rendered":"http:\/\/krbove-zapalky-podpalovace.cz\/?post_type=product&#038;p=656"},"modified":"2022-09-20T09:03:25","modified_gmt":"2022-09-20T09:03:25","slug":"reklamni-rostouci-tuzka-v-karticce","status":"publish","type":"product","link":"https:\/\/reklamni-zapalky.cz\/en\/eko\/reklamni-rostouci-tuzky\/reklamni-rostouci-tuzka-v-karticce\/","title":{"rendered":"Reklamn\u00ed rostouc\u00ed tu\u017eka v karti\u010dce"},"content":{"rendered":"<p>Sprout jsou tu\u017eky a pastelky, kter\u00e9 cht\u011bj\u00ed r\u016fst!!! Ka\u017ed\u00e1 tu\u017eka obsahuje nejm\u00e9n\u011b 5 sem\u00ednek dle typu bylinky. Sem\u00ednka jsou bez pesticid\u016f a nep\u0159edstavuj\u00ed \u017e\u00e1dn\u00e9 riziko pro rostliny, spodn\u00ed vodu ani pro \u010dlov\u011bka. Tu\u017eky z\u00edskaly ji\u017e \u0159adu mezin\u00e1rodn\u00edch ocen\u011bn\u00ed.<\/p>\n<p>&nbsp;<\/p>","protected":false},"excerpt":{"rendered":"<p>Reklamn\u00ed rostouc\u00ed tu\u017eky Sprout jsou ekologick\u00e9, kr\u00e1sn\u011b von\u00ed a nav\u00edc &#8211; rostou! Vlo\u017ete je do reklamn\u00edch karti\u010dek s va\u0161\u00edm potiskem, kter\u00fd m\u016f\u017ee b\u00fdt jednostrann\u00fd nebo oboustrann\u00fd. Karti\u010dky m\u016f\u017eou slou\u017eit jako PFko, pozv\u00e1nka, d\u00e1rek nebo jen p\u0159\u00edjemn\u00fd reklamn\u00ed p\u0159edm\u011bt.<\/p>","protected":false},"featured_media":1688,"template":"","meta":[],"product_brand":[],"product_cat":[38],"product_tag":[122,123,57,120,121,119],"class_list":{"0":"post-656","1":"product","2":"type-product","3":"status-publish","4":"has-post-thumbnail","6":"product_cat-reklamni-rostouci-tuzky","7":"product_tag-karticka","8":"product_tag-potisk","9":"product_tag-reklamni","10":"product_tag-rostouci","11":"product_tag-sprout","12":"product_tag-tuzka","14":"first","15":"instock","16":"featured","17":"sold-individually","18":"shipping-taxable","19":"purchasable","20":"product-type-simple"},"_links":{"self":[{"href":"https:\/\/reklamni-zapalky.cz\/en\/wp-json\/wp\/v2\/product\/656","targetHints":{"allow":["GET"]}}],"collection":[{"href":"https:\/\/reklamni-zapalky.cz\/en\/wp-json\/wp\/v2\/product"}],"about":[{"href":"https:\/\/reklamni-zapalky.cz\/en\/wp-json\/wp\/v2\/types\/product"}],"wp:featuredmedia":[{"embeddable":true,"href":"https:\/\/reklamni-zapalky.cz\/en\/wp-json\/wp\/v2\/media\/1688"}],"wp:attachment":[{"href":"https:\/\/reklamni-zapalky.cz\/en\/wp-json\/wp\/v2\/media?parent=656"}],"wp:term":[{"taxonomy":"product_brand","embeddable":true,"href":"https:\/\/reklamni-zapalky.cz\/en\/wp-json\/wp\/v2\/product_brand?post=656"},{"taxonomy":"product_cat","embeddable":true,"href":"https:\/\/reklamni-zapalky.cz\/en\/wp-json\/wp\/v2\/product_cat?post=656"},{"taxonomy":"product_tag","embeddable":true,"href":"https:\/\/reklamni-zapalky.cz\/en\/wp-json\/wp\/v2\/product_tag?post=656"}],"curies":[{"name":"wp","href":"https:\/\/api.w.org\/{rel}","templated":true}]}}