{"id":433,"date":"2019-02-25T17:57:38","date_gmt":"2019-02-25T17:57:38","guid":{"rendered":"http:\/\/krbove-zapalky-podpalovace.cz\/?post_type=product&#038;p=433"},"modified":"2023-06-27T11:48:18","modified_gmt":"2023-06-27T11:48:18","slug":"zapalky-krbove-10","status":"publish","type":"product","link":"https:\/\/reklamni-zapalky.cz\/en\/reklamni-zapalky\/krbove-zapalky\/zapalky-krbove-10\/","title":{"rendered":"z\u00e1palky Krbov\u00e9 10"},"content":{"rendered":"<p>Z\u00e1palky ke krbu, k zap\u00e1len\u00ed sv\u00ed\u010dek \u010di z\u00e1palky grilovac\u00ed.<\/p>","protected":false},"excerpt":{"rendered":"<p>Krbov\u00e9 z\u00e1palky jsou ide\u00e1ln\u00ed pro milovn\u00edky dom\u00e1c\u00ed pohody u krbu.<\/p>","protected":false},"featured_media":435,"template":"","meta":[],"product_brand":[],"product_cat":[17,26],"product_tag":[73,45,41],"class_list":{"0":"post-433","1":"product","2":"type-product","3":"status-publish","4":"has-post-thumbnail","6":"product_cat-reklamni-zapalky","7":"product_cat-krbove-zapalky","8":"product_tag-krbove","9":"product_tag-reklamni-zapalky","10":"product_tag-zapalky","12":"first","13":"instock","14":"featured","15":"sold-individually","16":"shipping-taxable","17":"purchasable","18":"product-type-simple"},"_links":{"self":[{"href":"https:\/\/reklamni-zapalky.cz\/en\/wp-json\/wp\/v2\/product\/433","targetHints":{"allow":["GET"]}}],"collection":[{"href":"https:\/\/reklamni-zapalky.cz\/en\/wp-json\/wp\/v2\/product"}],"about":[{"href":"https:\/\/reklamni-zapalky.cz\/en\/wp-json\/wp\/v2\/types\/product"}],"wp:featuredmedia":[{"embeddable":true,"href":"https:\/\/reklamni-zapalky.cz\/en\/wp-json\/wp\/v2\/media\/435"}],"wp:attachment":[{"href":"https:\/\/reklamni-zapalky.cz\/en\/wp-json\/wp\/v2\/media?parent=433"}],"wp:term":[{"taxonomy":"product_brand","embeddable":true,"href":"https:\/\/reklamni-zapalky.cz\/en\/wp-json\/wp\/v2\/product_brand?post=433"},{"taxonomy":"product_cat","embeddable":true,"href":"https:\/\/reklamni-zapalky.cz\/en\/wp-json\/wp\/v2\/product_cat?post=433"},{"taxonomy":"product_tag","embeddable":true,"href":"https:\/\/reklamni-zapalky.cz\/en\/wp-json\/wp\/v2\/product_tag?post=433"}],"curies":[{"name":"wp","href":"https:\/\/api.w.org\/{rel}","templated":true}]}}