{"id":416,"date":"2019-02-21T21:24:15","date_gmt":"2019-02-21T21:24:15","guid":{"rendered":"http:\/\/krbove-zapalky-podpalovace.cz\/?post_type=product&#038;p=416"},"modified":"2023-06-28T10:17:38","modified_gmt":"2023-06-28T10:17:38","slug":"reklamni-pilnicek-velky-v-karticce","status":"publish","type":"product","link":"https:\/\/reklamni-zapalky.cz\/en\/reklamni-pilniky\/pilnicky-v-karticce\/reklamni-pilnicek-velky-v-karticce\/","title":{"rendered":"reklamn\u00ed Piln\u00ed\u010dek Velk\u00fd v karti\u010dce"},"content":{"rendered":"<p>Pap\u00edrov\u00e9 reklamn\u00ed piln\u00ed\u010dky v karti\u010dce s potiskem v\u00e1m nab\u00edz\u00edme ve t\u0159ech velikostech &#8211; mini, st\u0159edn\u00ed a velk\u00e1 karti\u010dka.<\/p>","protected":false},"excerpt":{"rendered":"<p>Piln\u00ed\u010dek velk\u00fd v pap\u00edrov\u00e9 karti\u010dce je ide\u00e1ln\u00edm d\u00e1rkem jak PFko k nov\u00e9mu roku nebo reklamn\u00ed p\u0159edm\u011bt.\u00a0Velk\u00fd piln\u00edk v pap\u00edrov\u00e9 karti\u010dce nab\u00edz\u00edme ji\u017e od n\u00e1kladu 50 ks a potisk karti\u010dky m\u016f\u017ee b\u00fdt jednostrann\u00fd nebo oboustrann\u00fd.<\/p>","protected":false},"featured_media":1430,"template":"","meta":[],"product_brand":[],"product_cat":[19,65],"product_tag":[66,241,57,67,70,69],"class_list":{"0":"post-416","1":"product","2":"type-product","3":"status-publish","4":"has-post-thumbnail","6":"product_cat-reklamni-pilniky","7":"product_cat-pilnicky-v-karticce","8":"product_tag-pilnicek","9":"product_tag-pilnik","10":"product_tag-reklamni","11":"product_tag-s-potiskem","12":"product_tag-v-karticce","13":"product_tag-velky","15":"first","16":"instock","17":"sold-individually","18":"shipping-taxable","19":"purchasable","20":"product-type-simple"},"_links":{"self":[{"href":"https:\/\/reklamni-zapalky.cz\/en\/wp-json\/wp\/v2\/product\/416","targetHints":{"allow":["GET"]}}],"collection":[{"href":"https:\/\/reklamni-zapalky.cz\/en\/wp-json\/wp\/v2\/product"}],"about":[{"href":"https:\/\/reklamni-zapalky.cz\/en\/wp-json\/wp\/v2\/types\/product"}],"wp:featuredmedia":[{"embeddable":true,"href":"https:\/\/reklamni-zapalky.cz\/en\/wp-json\/wp\/v2\/media\/1430"}],"wp:attachment":[{"href":"https:\/\/reklamni-zapalky.cz\/en\/wp-json\/wp\/v2\/media?parent=416"}],"wp:term":[{"taxonomy":"product_brand","embeddable":true,"href":"https:\/\/reklamni-zapalky.cz\/en\/wp-json\/wp\/v2\/product_brand?post=416"},{"taxonomy":"product_cat","embeddable":true,"href":"https:\/\/reklamni-zapalky.cz\/en\/wp-json\/wp\/v2\/product_cat?post=416"},{"taxonomy":"product_tag","embeddable":true,"href":"https:\/\/reklamni-zapalky.cz\/en\/wp-json\/wp\/v2\/product_tag?post=416"}],"curies":[{"name":"wp","href":"https:\/\/api.w.org\/{rel}","templated":true}]}}