{"id":415,"date":"2019-02-21T21:19:34","date_gmt":"2019-02-21T21:19:34","guid":{"rendered":"http:\/\/krbove-zapalky-podpalovace.cz\/?post_type=product&#038;p=415"},"modified":"2023-06-28T10:18:21","modified_gmt":"2023-06-28T10:18:21","slug":"reklamni-pilnicek-stredni-v-karticce","status":"publish","type":"product","link":"https:\/\/reklamni-zapalky.cz\/en\/reklamni-pilniky\/pilnicky-v-karticce\/reklamni-pilnicek-stredni-v-karticce\/","title":{"rendered":"reklamn\u00ed Piln\u00ed\u010dek St\u0159edn\u00ed v karti\u010dce"},"content":{"rendered":"<p>Pap\u00edrov\u00e9 reklamn\u00ed piln\u00ed\u010dky v karti\u010dce s potiskem v\u00e1m nab\u00edz\u00edme ve t\u0159ech velikostech &#8211; mini, st\u0159edn\u00ed a velk\u00e1 karti\u010dka.<\/p>","protected":false},"excerpt":{"rendered":"<p>Piln\u00ed\u010dek st\u0159edn\u00ed v pap\u00edrov\u00e9 karti\u010dce m\u016f\u017ee slou\u017eit jako upom\u00ednkov\u00fd d\u00e1rek pro svatebn\u00ed hosty nebo netradi\u010dn\u00ed pozv\u00e1nka. Potisk na karti\u010dce je mo\u017en\u00fd jednostrann\u00fd nebo oboustrann\u00fd.<\/p>","protected":false},"featured_media":1428,"template":"","meta":[],"product_brand":[],"product_cat":[19,65],"product_tag":[248,66,241,57,68,70],"class_list":{"0":"post-415","1":"product","2":"type-product","3":"status-publish","4":"has-post-thumbnail","6":"product_cat-reklamni-pilniky","7":"product_cat-pilnicky-v-karticce","8":"product_tag-papirovy","9":"product_tag-pilnicek","10":"product_tag-pilnik","11":"product_tag-reklamni","12":"product_tag-stredni","13":"product_tag-v-karticce","15":"first","16":"instock","17":"featured","18":"sold-individually","19":"shipping-taxable","20":"purchasable","21":"product-type-simple"},"_links":{"self":[{"href":"https:\/\/reklamni-zapalky.cz\/en\/wp-json\/wp\/v2\/product\/415","targetHints":{"allow":["GET"]}}],"collection":[{"href":"https:\/\/reklamni-zapalky.cz\/en\/wp-json\/wp\/v2\/product"}],"about":[{"href":"https:\/\/reklamni-zapalky.cz\/en\/wp-json\/wp\/v2\/types\/product"}],"wp:featuredmedia":[{"embeddable":true,"href":"https:\/\/reklamni-zapalky.cz\/en\/wp-json\/wp\/v2\/media\/1428"}],"wp:attachment":[{"href":"https:\/\/reklamni-zapalky.cz\/en\/wp-json\/wp\/v2\/media?parent=415"}],"wp:term":[{"taxonomy":"product_brand","embeddable":true,"href":"https:\/\/reklamni-zapalky.cz\/en\/wp-json\/wp\/v2\/product_brand?post=415"},{"taxonomy":"product_cat","embeddable":true,"href":"https:\/\/reklamni-zapalky.cz\/en\/wp-json\/wp\/v2\/product_cat?post=415"},{"taxonomy":"product_tag","embeddable":true,"href":"https:\/\/reklamni-zapalky.cz\/en\/wp-json\/wp\/v2\/product_tag?post=415"}],"curies":[{"name":"wp","href":"https:\/\/api.w.org\/{rel}","templated":true}]}}