{"id":409,"date":"2019-02-21T21:11:10","date_gmt":"2019-02-21T21:11:10","guid":{"rendered":"http:\/\/krbove-zapalky-podpalovace.cz\/?post_type=product&#038;p=409"},"modified":"2023-06-28T10:20:02","modified_gmt":"2023-06-28T10:20:02","slug":"reklamni-pilnicek-mini-v-karticce","status":"publish","type":"product","link":"https:\/\/reklamni-zapalky.cz\/en\/reklamni-pilniky\/pilnicky-v-karticce\/reklamni-pilnicek-mini-v-karticce\/","title":{"rendered":"reklamn\u00ed Piln\u00ed\u010dek Mini v karti\u010dce"},"content":{"rendered":"<p>Pap\u00edrov\u00e9 reklamn\u00ed piln\u00ed\u010dky v karti\u010dce s potiskem v\u00e1m nab\u00edz\u00edme ve t\u0159ech velikostech &#8211; mini, st\u0159edn\u00ed a velk\u00e1 karti\u010dka.<\/p>","protected":false},"excerpt":{"rendered":"<p>Piln\u00ed\u010dek mini v pap\u00edrov\u00e9 karti\u010dce je vhodn\u00fdm d\u00e1rkem pro ty, kte\u0159\u00ed pot\u0159ebuj\u00ed nap\u0159. jen 50 ks t\u011bchto produkt\u016f. V\u00fdhodou je kr\u00e1tk\u00e1 doba dod\u00e1n\u00ed a mo\u017enosti kombinace barev piln\u00ed\u010dku v karti\u010dce. Karti\u010dka m\u016f\u017ee b\u00fdt poti\u0161t\u011bna jednostrann\u011b nebo oboustrann\u011b.<\/p>","protected":false},"featured_media":1431,"template":"","meta":[],"product_brand":[],"product_cat":[19,65],"product_tag":[58,66,241,123,57,70],"class_list":{"0":"post-409","1":"product","2":"type-product","3":"status-publish","4":"has-post-thumbnail","6":"product_cat-reklamni-pilniky","7":"product_cat-pilnicky-v-karticce","8":"product_tag-mini","9":"product_tag-pilnicek","10":"product_tag-pilnik","11":"product_tag-potisk","12":"product_tag-reklamni","13":"product_tag-v-karticce","15":"first","16":"instock","17":"sold-individually","18":"shipping-taxable","19":"purchasable","20":"product-type-simple"},"_links":{"self":[{"href":"https:\/\/reklamni-zapalky.cz\/en\/wp-json\/wp\/v2\/product\/409","targetHints":{"allow":["GET"]}}],"collection":[{"href":"https:\/\/reklamni-zapalky.cz\/en\/wp-json\/wp\/v2\/product"}],"about":[{"href":"https:\/\/reklamni-zapalky.cz\/en\/wp-json\/wp\/v2\/types\/product"}],"wp:featuredmedia":[{"embeddable":true,"href":"https:\/\/reklamni-zapalky.cz\/en\/wp-json\/wp\/v2\/media\/1431"}],"wp:attachment":[{"href":"https:\/\/reklamni-zapalky.cz\/en\/wp-json\/wp\/v2\/media?parent=409"}],"wp:term":[{"taxonomy":"product_brand","embeddable":true,"href":"https:\/\/reklamni-zapalky.cz\/en\/wp-json\/wp\/v2\/product_brand?post=409"},{"taxonomy":"product_cat","embeddable":true,"href":"https:\/\/reklamni-zapalky.cz\/en\/wp-json\/wp\/v2\/product_cat?post=409"},{"taxonomy":"product_tag","embeddable":true,"href":"https:\/\/reklamni-zapalky.cz\/en\/wp-json\/wp\/v2\/product_tag?post=409"}],"curies":[{"name":"wp","href":"https:\/\/api.w.org\/{rel}","templated":true}]}}