{"id":391,"date":"2019-02-21T20:51:09","date_gmt":"2019-02-21T20:51:09","guid":{"rendered":"http:\/\/krbove-zapalky-podpalovace.cz\/?post_type=product&#038;p=391"},"modified":"2020-03-06T08:06:08","modified_gmt":"2020-03-06T08:06:08","slug":"stredni-pilnik-s-potiskem","status":"publish","type":"product","link":"https:\/\/reklamni-zapalky.cz\/en\/reklamni-pilniky\/pilnicky-s-primym-potiskem\/stredni-pilnik-s-potiskem\/","title":{"rendered":"St\u0159edn\u00ed piln\u00edk s potiskem \/ bez potisku"},"content":{"rendered":"<p>Pap\u00edrov\u00e9 reklamn\u00ed piln\u00ed\u010dky v\u00e1m nab\u00edz\u00edme ve t\u0159ech velikostech &#8211; mini, st\u0159edn\u00ed a velk\u00fd. Brusn\u00e1 plocha je z obou stran.<\/p>","protected":false},"excerpt":{"rendered":"<p>Reklamn\u00ed piln\u00ed\u010dek St\u0159edn\u00ed nab\u00edz\u00ed jako ostatn\u00ed piln\u00ed\u010dky brusnou plochu z obou stran a kvalitn\u00ed potisk.<\/p>\n<p>Piln\u00ed\u010dky si u n\u00e1s m\u016f\u017eete koupit tak\u00e9 bez reklamn\u00edho potisku, jedna strana je b\u00edl\u00e1, druh\u00e1 v\u017edy barevn\u00e9 podle dan\u00e9 nab\u00eddky.<\/p>","protected":false},"featured_media":396,"template":"","meta":[],"product_brand":[],"product_cat":[19,64],"product_tag":[66,67,68],"class_list":{"0":"post-391","1":"product","2":"type-product","3":"status-publish","4":"has-post-thumbnail","6":"product_cat-reklamni-pilniky","7":"product_cat-pilnicky-s-primym-potiskem","8":"product_tag-pilnicek","9":"product_tag-s-potiskem","10":"product_tag-stredni","12":"first","13":"instock","14":"featured","15":"sold-individually","16":"shipping-taxable","17":"purchasable","18":"product-type-simple"},"_links":{"self":[{"href":"https:\/\/reklamni-zapalky.cz\/en\/wp-json\/wp\/v2\/product\/391","targetHints":{"allow":["GET"]}}],"collection":[{"href":"https:\/\/reklamni-zapalky.cz\/en\/wp-json\/wp\/v2\/product"}],"about":[{"href":"https:\/\/reklamni-zapalky.cz\/en\/wp-json\/wp\/v2\/types\/product"}],"wp:featuredmedia":[{"embeddable":true,"href":"https:\/\/reklamni-zapalky.cz\/en\/wp-json\/wp\/v2\/media\/396"}],"wp:attachment":[{"href":"https:\/\/reklamni-zapalky.cz\/en\/wp-json\/wp\/v2\/media?parent=391"}],"wp:term":[{"taxonomy":"product_brand","embeddable":true,"href":"https:\/\/reklamni-zapalky.cz\/en\/wp-json\/wp\/v2\/product_brand?post=391"},{"taxonomy":"product_cat","embeddable":true,"href":"https:\/\/reklamni-zapalky.cz\/en\/wp-json\/wp\/v2\/product_cat?post=391"},{"taxonomy":"product_tag","embeddable":true,"href":"https:\/\/reklamni-zapalky.cz\/en\/wp-json\/wp\/v2\/product_tag?post=391"}],"curies":[{"name":"wp","href":"https:\/\/api.w.org\/{rel}","templated":true}]}}