{"id":367,"date":"2019-02-20T13:18:03","date_gmt":"2019-02-20T13:18:03","guid":{"rendered":"http:\/\/krbove-zapalky-podpalovace.cz\/?post_type=product&#038;p=367"},"modified":"2023-06-26T11:13:24","modified_gmt":"2023-06-26T11:13:24","slug":"zapalky-kreditni-karta","status":"publish","type":"product","link":"https:\/\/reklamni-zapalky.cz\/en\/reklamni-zapalky\/knizeckove-zapalky\/zapalky-kreditni-karta\/","title":{"rendered":"z\u00e1palky Kreditn\u00ed karta"},"content":{"rendered":"<p>Z\u00e1palky Kreditn\u00ed karta jsou kn\u00ed\u017ee\u010dkov\u00e9 z\u00e1palky tvaru kreditky.<\/p>","protected":false},"excerpt":{"rendered":"<p>Z\u00e1palky Kreditn\u00ed karta s obl\u00fdmi rohy se ka\u017ed\u00e9mu vejdou do pen\u011b\u017eenky a jsou tak v\u017edy po ruce.<\/p>","protected":false},"featured_media":370,"template":"","meta":[],"product_brand":[],"product_cat":[17,24],"product_tag":[60,57,98,61,41],"class_list":{"0":"post-367","1":"product","2":"type-product","3":"status-publish","4":"has-post-thumbnail","6":"product_cat-reklamni-zapalky","7":"product_cat-knizeckove-zapalky","8":"product_tag-knizeckove","9":"product_tag-reklamni","10":"product_tag-sirky","11":"product_tag-trhaci","12":"product_tag-zapalky","14":"first","15":"instock","16":"sold-individually","17":"shipping-taxable","18":"purchasable","19":"product-type-simple"},"_links":{"self":[{"href":"https:\/\/reklamni-zapalky.cz\/en\/wp-json\/wp\/v2\/product\/367","targetHints":{"allow":["GET"]}}],"collection":[{"href":"https:\/\/reklamni-zapalky.cz\/en\/wp-json\/wp\/v2\/product"}],"about":[{"href":"https:\/\/reklamni-zapalky.cz\/en\/wp-json\/wp\/v2\/types\/product"}],"wp:featuredmedia":[{"embeddable":true,"href":"https:\/\/reklamni-zapalky.cz\/en\/wp-json\/wp\/v2\/media\/370"}],"wp:attachment":[{"href":"https:\/\/reklamni-zapalky.cz\/en\/wp-json\/wp\/v2\/media?parent=367"}],"wp:term":[{"taxonomy":"product_brand","embeddable":true,"href":"https:\/\/reklamni-zapalky.cz\/en\/wp-json\/wp\/v2\/product_brand?post=367"},{"taxonomy":"product_cat","embeddable":true,"href":"https:\/\/reklamni-zapalky.cz\/en\/wp-json\/wp\/v2\/product_cat?post=367"},{"taxonomy":"product_tag","embeddable":true,"href":"https:\/\/reklamni-zapalky.cz\/en\/wp-json\/wp\/v2\/product_tag?post=367"}],"curies":[{"name":"wp","href":"https:\/\/api.w.org\/{rel}","templated":true}]}}