{"id":349,"date":"2019-02-20T12:44:32","date_gmt":"2019-02-20T12:44:32","guid":{"rendered":"http:\/\/krbove-zapalky-podpalovace.cz\/?post_type=product&#038;p=349"},"modified":"2023-06-26T11:17:26","modified_gmt":"2023-06-26T11:17:26","slug":"zapalky-knizeckove-1x9-s-klopou","status":"publish","type":"product","link":"https:\/\/reklamni-zapalky.cz\/en\/reklamni-zapalky\/knizeckove-zapalky\/zapalky-knizeckove-1x9-s-klopou\/","title":{"rendered":"z\u00e1palky Kn\u00ed\u017ee\u010dkov\u00e9 1&#215;9 s klopou"},"content":{"rendered":"<p>Kn\u00ed\u017ee\u010dkov\u00e9 trhac\u00ed z\u00e1palky nab\u00edz\u00ed \u0161irokou \u0159adu proveden\u00ed, kter\u00e9 se li\u0161\u00ed v po\u010dtu z\u00e1palek v h\u0159eb\u00ednku.<\/p>","protected":false},"excerpt":{"rendered":"<p>Z\u00e1palky kn\u00ed\u017ee\u010dkov\u00e9 1 x 9 s klopou jsou vhodn\u00e9 pro poskytnut\u00ed v\u00edce informac\u00ed, pro kter\u00e9 poslou\u017e\u00ed klopa nav\u00edc.<\/p>","protected":false},"featured_media":351,"template":"","meta":[],"product_brand":[],"product_cat":[17,24],"product_tag":[62,60,57,98,61,41],"class_list":{"0":"post-349","1":"product","2":"type-product","3":"status-publish","4":"has-post-thumbnail","6":"product_cat-reklamni-zapalky","7":"product_cat-knizeckove-zapalky","8":"product_tag-klopa","9":"product_tag-knizeckove","10":"product_tag-reklamni","11":"product_tag-sirky","12":"product_tag-trhaci","13":"product_tag-zapalky","15":"first","16":"instock","17":"sold-individually","18":"shipping-taxable","19":"purchasable","20":"product-type-simple"},"_links":{"self":[{"href":"https:\/\/reklamni-zapalky.cz\/en\/wp-json\/wp\/v2\/product\/349","targetHints":{"allow":["GET"]}}],"collection":[{"href":"https:\/\/reklamni-zapalky.cz\/en\/wp-json\/wp\/v2\/product"}],"about":[{"href":"https:\/\/reklamni-zapalky.cz\/en\/wp-json\/wp\/v2\/types\/product"}],"wp:featuredmedia":[{"embeddable":true,"href":"https:\/\/reklamni-zapalky.cz\/en\/wp-json\/wp\/v2\/media\/351"}],"wp:attachment":[{"href":"https:\/\/reklamni-zapalky.cz\/en\/wp-json\/wp\/v2\/media?parent=349"}],"wp:term":[{"taxonomy":"product_brand","embeddable":true,"href":"https:\/\/reklamni-zapalky.cz\/en\/wp-json\/wp\/v2\/product_brand?post=349"},{"taxonomy":"product_cat","embeddable":true,"href":"https:\/\/reklamni-zapalky.cz\/en\/wp-json\/wp\/v2\/product_cat?post=349"},{"taxonomy":"product_tag","embeddable":true,"href":"https:\/\/reklamni-zapalky.cz\/en\/wp-json\/wp\/v2\/product_tag?post=349"}],"curies":[{"name":"wp","href":"https:\/\/api.w.org\/{rel}","templated":true}]}}