{"id":341,"date":"2019-02-20T12:33:48","date_gmt":"2019-02-20T12:33:48","guid":{"rendered":"http:\/\/krbove-zapalky-podpalovace.cz\/?post_type=product&#038;p=341"},"modified":"2023-06-26T11:21:30","modified_gmt":"2023-06-26T11:21:30","slug":"zapalky-knizeckove-1x10","status":"publish","type":"product","link":"https:\/\/reklamni-zapalky.cz\/en\/reklamni-zapalky\/knizeckove-zapalky\/zapalky-knizeckove-1x10\/","title":{"rendered":"z\u00e1palky Kn\u00ed\u017ee\u010dkov\u00e9 1&#215;10"},"content":{"rendered":"<p>Kn\u00ed\u017ee\u010dkov\u00e9 trhac\u00ed z\u00e1palky 1&#215;10 nab\u00edz\u00ed \u0161irokou \u0159adu proveden\u00ed, kter\u00e9 se li\u0161\u00ed v po\u010dtu z\u00e1palek v h\u0159eb\u00ednku.<\/p>","protected":false},"excerpt":{"rendered":"<p>Z\u00e1palky kn\u00ed\u017ee\u010dkov\u00e9 1 x 10 nab\u00edz\u00ed \u0161ir\u0161\u00ed plochu k potisku, kter\u00fd m\u016f\u017ee b\u00fdt jak z vn\u011bj\u0161\u00ed, tak vnit\u0159n\u00ed plochy.<\/p>","protected":false},"featured_media":344,"template":"","meta":[],"product_brand":[],"product_cat":[17,24],"product_tag":[273,60,57,98,61,41],"class_list":{"0":"post-341","1":"product","2":"type-product","3":"status-publish","4":"has-post-thumbnail","6":"product_cat-reklamni-zapalky","7":"product_cat-knizeckove-zapalky","8":"product_tag-1x10","9":"product_tag-knizeckove","10":"product_tag-reklamni","11":"product_tag-sirky","12":"product_tag-trhaci","13":"product_tag-zapalky","15":"first","16":"instock","17":"sold-individually","18":"shipping-taxable","19":"purchasable","20":"product-type-simple"},"_links":{"self":[{"href":"https:\/\/reklamni-zapalky.cz\/en\/wp-json\/wp\/v2\/product\/341","targetHints":{"allow":["GET"]}}],"collection":[{"href":"https:\/\/reklamni-zapalky.cz\/en\/wp-json\/wp\/v2\/product"}],"about":[{"href":"https:\/\/reklamni-zapalky.cz\/en\/wp-json\/wp\/v2\/types\/product"}],"wp:featuredmedia":[{"embeddable":true,"href":"https:\/\/reklamni-zapalky.cz\/en\/wp-json\/wp\/v2\/media\/344"}],"wp:attachment":[{"href":"https:\/\/reklamni-zapalky.cz\/en\/wp-json\/wp\/v2\/media?parent=341"}],"wp:term":[{"taxonomy":"product_brand","embeddable":true,"href":"https:\/\/reklamni-zapalky.cz\/en\/wp-json\/wp\/v2\/product_brand?post=341"},{"taxonomy":"product_cat","embeddable":true,"href":"https:\/\/reklamni-zapalky.cz\/en\/wp-json\/wp\/v2\/product_cat?post=341"},{"taxonomy":"product_tag","embeddable":true,"href":"https:\/\/reklamni-zapalky.cz\/en\/wp-json\/wp\/v2\/product_tag?post=341"}],"curies":[{"name":"wp","href":"https:\/\/api.w.org\/{rel}","templated":true}]}}