{"id":318,"date":"2019-02-20T11:42:19","date_gmt":"2019-02-20T11:42:19","guid":{"rendered":"http:\/\/krbove-zapalky-podpalovace.cz\/?post_type=product&#038;p=318"},"modified":"2023-06-26T10:48:40","modified_gmt":"2023-06-26T10:48:40","slug":"zapalky-ultra-mini","status":"publish","type":"product","link":"https:\/\/reklamni-zapalky.cz\/en\/reklamni-zapalky\/krabickove-zapalky\/zapalky-ultra-mini\/","title":{"rendered":"z\u00e1palky Ultra mini"},"content":{"rendered":"<p>Z\u00e1palky Ultra mini jsou z na\u0161\u00ed \u0159ady mal\u00fdch krabi\u010dkov\u00fdch z\u00e1palek.<\/p>","protected":false},"excerpt":{"rendered":"<p>Z\u00e1palky Ultra mini \u010dasto slou\u017e\u00ed jako obl\u00edben\u00e9 suven\u00fdry, jsou nejen funk\u010dn\u00ed, ale tak\u00e9 vtipn\u00e9.<\/p>","protected":false},"featured_media":323,"template":"","meta":[],"product_brand":[],"product_cat":[17,22],"product_tag":[42,59,57,98,41],"class_list":{"0":"post-318","1":"product","2":"type-product","3":"status-publish","4":"has-post-thumbnail","6":"product_cat-reklamni-zapalky","7":"product_cat-krabickove-zapalky","8":"product_tag-krabickove","9":"product_tag-nejmensi","10":"product_tag-reklamni","11":"product_tag-sirky","12":"product_tag-zapalky","14":"first","15":"instock","16":"featured","17":"sold-individually","18":"shipping-taxable","19":"purchasable","20":"product-type-simple"},"_links":{"self":[{"href":"https:\/\/reklamni-zapalky.cz\/en\/wp-json\/wp\/v2\/product\/318","targetHints":{"allow":["GET"]}}],"collection":[{"href":"https:\/\/reklamni-zapalky.cz\/en\/wp-json\/wp\/v2\/product"}],"about":[{"href":"https:\/\/reklamni-zapalky.cz\/en\/wp-json\/wp\/v2\/types\/product"}],"wp:featuredmedia":[{"embeddable":true,"href":"https:\/\/reklamni-zapalky.cz\/en\/wp-json\/wp\/v2\/media\/323"}],"wp:attachment":[{"href":"https:\/\/reklamni-zapalky.cz\/en\/wp-json\/wp\/v2\/media?parent=318"}],"wp:term":[{"taxonomy":"product_brand","embeddable":true,"href":"https:\/\/reklamni-zapalky.cz\/en\/wp-json\/wp\/v2\/product_brand?post=318"},{"taxonomy":"product_cat","embeddable":true,"href":"https:\/\/reklamni-zapalky.cz\/en\/wp-json\/wp\/v2\/product_cat?post=318"},{"taxonomy":"product_tag","embeddable":true,"href":"https:\/\/reklamni-zapalky.cz\/en\/wp-json\/wp\/v2\/product_tag?post=318"}],"curies":[{"name":"wp","href":"https:\/\/api.w.org\/{rel}","templated":true}]}}