{"id":312,"date":"2019-02-20T11:13:40","date_gmt":"2019-02-20T11:13:40","guid":{"rendered":"http:\/\/krbove-zapalky-podpalovace.cz\/?post_type=product&#038;p=312"},"modified":"2023-06-26T10:50:56","modified_gmt":"2023-06-26T10:50:56","slug":"zapalky-standard-maria","status":"publish","type":"product","link":"https:\/\/reklamni-zapalky.cz\/en\/reklamni-zapalky\/krabickove-zapalky\/zapalky-standard-maria\/","title":{"rendered":"z\u00e1palky Standard Maria"},"content":{"rendered":"<p>Z\u00e1palky Standard Maria pat\u0159i mezi klasick\u00e9 z\u00e1palky, kter\u00e9 jsou velmi obl\u00edben\u00e9.<\/p>","protected":false},"excerpt":{"rendered":"<p>Standard Maria jsou z\u00e1palky kompletov\u00e1ny ru\u010dn\u011b, co\u017e se odv\u00edj\u00ed na kvalit\u011b proveden\u00ed. Ve srovn\u00e1n\u00ed se z\u00e1palkami Standard p\u016fsob\u00ed luxusn\u011bji.<\/p>","protected":false},"featured_media":315,"template":"","meta":[],"product_brand":[],"product_cat":[17,22],"product_tag":[45,98,48,41],"class_list":{"0":"post-312","1":"product","2":"type-product","3":"status-publish","4":"has-post-thumbnail","6":"product_cat-reklamni-zapalky","7":"product_cat-krabickove-zapalky","8":"product_tag-reklamni-zapalky","9":"product_tag-sirky","10":"product_tag-standard","11":"product_tag-zapalky","13":"first","14":"instock","15":"sold-individually","16":"shipping-taxable","17":"purchasable","18":"product-type-simple"},"_links":{"self":[{"href":"https:\/\/reklamni-zapalky.cz\/en\/wp-json\/wp\/v2\/product\/312","targetHints":{"allow":["GET"]}}],"collection":[{"href":"https:\/\/reklamni-zapalky.cz\/en\/wp-json\/wp\/v2\/product"}],"about":[{"href":"https:\/\/reklamni-zapalky.cz\/en\/wp-json\/wp\/v2\/types\/product"}],"wp:featuredmedia":[{"embeddable":true,"href":"https:\/\/reklamni-zapalky.cz\/en\/wp-json\/wp\/v2\/media\/315"}],"wp:attachment":[{"href":"https:\/\/reklamni-zapalky.cz\/en\/wp-json\/wp\/v2\/media?parent=312"}],"wp:term":[{"taxonomy":"product_brand","embeddable":true,"href":"https:\/\/reklamni-zapalky.cz\/en\/wp-json\/wp\/v2\/product_brand?post=312"},{"taxonomy":"product_cat","embeddable":true,"href":"https:\/\/reklamni-zapalky.cz\/en\/wp-json\/wp\/v2\/product_cat?post=312"},{"taxonomy":"product_tag","embeddable":true,"href":"https:\/\/reklamni-zapalky.cz\/en\/wp-json\/wp\/v2\/product_tag?post=312"}],"curies":[{"name":"wp","href":"https:\/\/api.w.org\/{rel}","templated":true}]}}