{"id":286,"date":"2019-02-18T13:16:23","date_gmt":"2019-02-18T13:16:23","guid":{"rendered":"http:\/\/krbove-zapalky-podpalovace.cz\/?post_type=product&#038;p=286"},"modified":"2023-06-26T10:55:59","modified_gmt":"2023-06-26T10:55:59","slug":"zapalky-triangl","status":"publish","type":"product","link":"https:\/\/reklamni-zapalky.cz\/en\/reklamni-zapalky\/krabickove-zapalky\/zapalky-triangl\/","title":{"rendered":"z\u00e1palky Triangl"},"content":{"rendered":"<p>Trojhr\u00e1nek trochu jinak, to jsou z\u00e1palky Triangl.<\/p>","protected":false},"excerpt":{"rendered":"<p>Z\u00e1palky Triangl jsou dal\u0161\u00ed z nev\u0161edn\u00edch typ\u016f z\u00e1palek vhodn\u00fdch do v\u0161ech obor\u016f.<\/p>","protected":false},"featured_media":292,"template":"","meta":[],"product_brand":[],"product_cat":[17,22],"product_tag":[42,57,98,56,55,41],"class_list":{"0":"post-286","1":"product","2":"type-product","3":"status-publish","4":"has-post-thumbnail","6":"product_cat-reklamni-zapalky","7":"product_cat-krabickove-zapalky","8":"product_tag-krabickove","9":"product_tag-reklamni","10":"product_tag-sirky","11":"product_tag-triangl","12":"product_tag-trojhranek","13":"product_tag-zapalky","15":"first","16":"instock","17":"sold-individually","18":"shipping-taxable","19":"purchasable","20":"product-type-simple"},"_links":{"self":[{"href":"https:\/\/reklamni-zapalky.cz\/en\/wp-json\/wp\/v2\/product\/286","targetHints":{"allow":["GET"]}}],"collection":[{"href":"https:\/\/reklamni-zapalky.cz\/en\/wp-json\/wp\/v2\/product"}],"about":[{"href":"https:\/\/reklamni-zapalky.cz\/en\/wp-json\/wp\/v2\/types\/product"}],"wp:featuredmedia":[{"embeddable":true,"href":"https:\/\/reklamni-zapalky.cz\/en\/wp-json\/wp\/v2\/media\/292"}],"wp:attachment":[{"href":"https:\/\/reklamni-zapalky.cz\/en\/wp-json\/wp\/v2\/media?parent=286"}],"wp:term":[{"taxonomy":"product_brand","embeddable":true,"href":"https:\/\/reklamni-zapalky.cz\/en\/wp-json\/wp\/v2\/product_brand?post=286"},{"taxonomy":"product_cat","embeddable":true,"href":"https:\/\/reklamni-zapalky.cz\/en\/wp-json\/wp\/v2\/product_cat?post=286"},{"taxonomy":"product_tag","embeddable":true,"href":"https:\/\/reklamni-zapalky.cz\/en\/wp-json\/wp\/v2\/product_tag?post=286"}],"curies":[{"name":"wp","href":"https:\/\/api.w.org\/{rel}","templated":true}]}}