{"id":232,"date":"2019-02-04T11:37:21","date_gmt":"2019-02-04T11:37:21","guid":{"rendered":"http:\/\/krbove-zapalky-podpalovace.cz\/?post_type=product&#038;p=232"},"modified":"2023-06-27T11:51:59","modified_gmt":"2023-06-27T11:51:59","slug":"zapalky-cigar","status":"publish","type":"product","link":"https:\/\/reklamni-zapalky.cz\/en\/reklamni-zapalky\/krbove-zapalky\/zapalky-cigar\/","title":{"rendered":"z\u00e1palky Cigar"},"content":{"rendered":"<p>Z\u00e1palky Cigar jsou obl\u00edben\u00e9 jako z\u00e1palky k doutn\u00edk\u016fm nebo pro zapalov\u00e1n\u00ed sv\u00ed\u010dek.<\/p>\n<p>&nbsp;<\/p>","protected":false},"excerpt":{"rendered":"<p>Dlouh\u00e9 krbov\u00e9 z\u00e1palky nab\u00edz\u00edme v r\u016fzn\u00fdch proveden\u00edch od d\u00e9lky z\u00e1palek 8 cm a\u017e po 20ti centimetrov\u00e9. Jsou ned\u00edlnou pot\u0159ebou k va\u0161\u00edm krb\u016fm, gril\u016fm nebo jen k zapalov\u00e1n\u00ed sv\u00ed\u010dek.<\/p>\n<p>Pozor &#8211; na z\u00e1palky 9 cm skladem (omezen\u00e1 barva d\u0159\u00edvka a hlavi\u010dky) m\u00e1me nyn\u00ed slevu do vyprod\u00e1n\u00ed z\u00e1sob. V\u00edce info na popt\u00e1n\u00ed.<\/p>","protected":false},"featured_media":233,"template":"","meta":[],"product_brand":[],"product_cat":[17,26],"product_tag":[52,53,51,45],"class_list":{"0":"post-232","1":"product","2":"type-product","3":"status-publish","4":"has-post-thumbnail","6":"product_cat-reklamni-zapalky","7":"product_cat-krbove-zapalky","8":"product_tag-cigar","9":"product_tag-doutnikove","10":"product_tag-kuraske","11":"product_tag-reklamni-zapalky","13":"first","14":"instock","15":"sold-individually","16":"shipping-taxable","17":"purchasable","18":"product-type-simple"},"_links":{"self":[{"href":"https:\/\/reklamni-zapalky.cz\/en\/wp-json\/wp\/v2\/product\/232","targetHints":{"allow":["GET"]}}],"collection":[{"href":"https:\/\/reklamni-zapalky.cz\/en\/wp-json\/wp\/v2\/product"}],"about":[{"href":"https:\/\/reklamni-zapalky.cz\/en\/wp-json\/wp\/v2\/types\/product"}],"wp:featuredmedia":[{"embeddable":true,"href":"https:\/\/reklamni-zapalky.cz\/en\/wp-json\/wp\/v2\/media\/233"}],"wp:attachment":[{"href":"https:\/\/reklamni-zapalky.cz\/en\/wp-json\/wp\/v2\/media?parent=232"}],"wp:term":[{"taxonomy":"product_brand","embeddable":true,"href":"https:\/\/reklamni-zapalky.cz\/en\/wp-json\/wp\/v2\/product_brand?post=232"},{"taxonomy":"product_cat","embeddable":true,"href":"https:\/\/reklamni-zapalky.cz\/en\/wp-json\/wp\/v2\/product_cat?post=232"},{"taxonomy":"product_tag","embeddable":true,"href":"https:\/\/reklamni-zapalky.cz\/en\/wp-json\/wp\/v2\/product_tag?post=232"}],"curies":[{"name":"wp","href":"https:\/\/api.w.org\/{rel}","templated":true}]}}