{"id":224,"date":"2019-02-04T10:59:04","date_gmt":"2019-02-04T10:59:04","guid":{"rendered":"http:\/\/krbove-zapalky-podpalovace.cz\/?post_type=product&#038;p=224"},"modified":"2023-06-26T11:24:43","modified_gmt":"2023-06-26T11:24:43","slug":"zapalky-knizeckove-1x5","status":"publish","type":"product","link":"https:\/\/reklamni-zapalky.cz\/en\/reklamni-zapalky\/knizeckove-zapalky\/zapalky-knizeckove-1x5\/","title":{"rendered":"z\u00e1palky Kn\u00ed\u017ee\u010dkov\u00e9 1&#215;5"},"content":{"rendered":"<p>Minikn\u00ed\u017ee\u010dkov\u00e9 trhac\u00ed z\u00e1palky jsou nejmen\u0161\u00ed mo\u017enou variantou kn\u00ed\u017ee\u010dkov\u00fdch z\u00e1palek. Nab\u00edz\u00edme je v proveden\u00ed 1 x 5 nebo 2 x 5 ks z\u00e1palek.<\/p>\n<p>&nbsp;<\/p>","protected":false},"excerpt":{"rendered":"<p>Kn\u00ed\u017ee\u010dkov\u00e9 trhac\u00ed z\u00e1palky jsou klasickou mezi z\u00e1palkami. Na v\u00fdb\u011br je z n\u011bkolika proveden\u00ed, kter\u00e9 se li\u0161\u00ed v po\u010dtu z\u00e1palek. K potisku lze vyu\u017e\u00edt jak vn\u011bj\u0161\u00ed, tak vnit\u0159n\u00ed plochu kn\u00ed\u017ee\u010dky z\u00e1palek.<\/p>","protected":false},"featured_media":226,"template":"","meta":[],"product_brand":[],"product_cat":[17,24],"product_tag":[316,60,57,98,61,41],"class_list":{"0":"post-224","1":"product","2":"type-product","3":"status-publish","4":"has-post-thumbnail","6":"product_cat-reklamni-zapalky","7":"product_cat-knizeckove-zapalky","8":"product_tag-1x5","9":"product_tag-knizeckove","10":"product_tag-reklamni","11":"product_tag-sirky","12":"product_tag-trhaci","13":"product_tag-zapalky","15":"first","16":"instock","17":"featured","18":"sold-individually","19":"shipping-taxable","20":"purchasable","21":"product-type-simple"},"_links":{"self":[{"href":"https:\/\/reklamni-zapalky.cz\/en\/wp-json\/wp\/v2\/product\/224","targetHints":{"allow":["GET"]}}],"collection":[{"href":"https:\/\/reklamni-zapalky.cz\/en\/wp-json\/wp\/v2\/product"}],"about":[{"href":"https:\/\/reklamni-zapalky.cz\/en\/wp-json\/wp\/v2\/types\/product"}],"wp:featuredmedia":[{"embeddable":true,"href":"https:\/\/reklamni-zapalky.cz\/en\/wp-json\/wp\/v2\/media\/226"}],"wp:attachment":[{"href":"https:\/\/reklamni-zapalky.cz\/en\/wp-json\/wp\/v2\/media?parent=224"}],"wp:term":[{"taxonomy":"product_brand","embeddable":true,"href":"https:\/\/reklamni-zapalky.cz\/en\/wp-json\/wp\/v2\/product_brand?post=224"},{"taxonomy":"product_cat","embeddable":true,"href":"https:\/\/reklamni-zapalky.cz\/en\/wp-json\/wp\/v2\/product_cat?post=224"},{"taxonomy":"product_tag","embeddable":true,"href":"https:\/\/reklamni-zapalky.cz\/en\/wp-json\/wp\/v2\/product_tag?post=224"}],"curies":[{"name":"wp","href":"https:\/\/api.w.org\/{rel}","templated":true}]}}