{"id":1626,"date":"2022-05-04T12:02:14","date_gmt":"2022-05-04T12:02:14","guid":{"rendered":"https:\/\/reklamni-zapalky.cz\/?post_type=product&#038;p=1626"},"modified":"2023-06-26T10:41:49","modified_gmt":"2023-06-26T10:41:49","slug":"zapalky-domino","status":"publish","type":"product","link":"https:\/\/reklamni-zapalky.cz\/en\/reklamni-zapalky\/krabickove-zapalky\/zapalky-domino\/","title":{"rendered":"z\u00e1palky Domino"},"content":{"rendered":"<p>Reklamn\u00ed z\u00e1palky Domino jsou dal\u0161\u00ed z netradi\u010dn\u00edch typ\u016f z\u00e1palek, kter\u00e9 m\u016f\u017eete vyu\u017e\u00edt pro sv\u016fj potisk.<\/p>","protected":false},"excerpt":{"rendered":"<p>Domino jsou z\u00e1palky pro v\u0161estrann\u00e9 pou\u017eit\u00ed.<\/p>","protected":false},"featured_media":1629,"template":"","meta":[],"product_brand":[],"product_cat":[17,22],"product_tag":[272,42,57,262,67,98,41],"class_list":{"0":"post-1626","1":"product","2":"type-product","3":"status-publish","4":"has-post-thumbnail","6":"product_cat-reklamni-zapalky","7":"product_cat-krabickove-zapalky","8":"product_tag-domino","9":"product_tag-krabickove","10":"product_tag-reklamni","11":"product_tag-s-logem","12":"product_tag-s-potiskem","13":"product_tag-sirky","14":"product_tag-zapalky","16":"first","17":"instock","18":"featured","19":"sold-individually","20":"shipping-taxable","21":"purchasable","22":"product-type-simple"},"_links":{"self":[{"href":"https:\/\/reklamni-zapalky.cz\/en\/wp-json\/wp\/v2\/product\/1626","targetHints":{"allow":["GET"]}}],"collection":[{"href":"https:\/\/reklamni-zapalky.cz\/en\/wp-json\/wp\/v2\/product"}],"about":[{"href":"https:\/\/reklamni-zapalky.cz\/en\/wp-json\/wp\/v2\/types\/product"}],"wp:featuredmedia":[{"embeddable":true,"href":"https:\/\/reklamni-zapalky.cz\/en\/wp-json\/wp\/v2\/media\/1629"}],"wp:attachment":[{"href":"https:\/\/reklamni-zapalky.cz\/en\/wp-json\/wp\/v2\/media?parent=1626"}],"wp:term":[{"taxonomy":"product_brand","embeddable":true,"href":"https:\/\/reklamni-zapalky.cz\/en\/wp-json\/wp\/v2\/product_brand?post=1626"},{"taxonomy":"product_cat","embeddable":true,"href":"https:\/\/reklamni-zapalky.cz\/en\/wp-json\/wp\/v2\/product_cat?post=1626"},{"taxonomy":"product_tag","embeddable":true,"href":"https:\/\/reklamni-zapalky.cz\/en\/wp-json\/wp\/v2\/product_tag?post=1626"}],"curies":[{"name":"wp","href":"https:\/\/api.w.org\/{rel}","templated":true}]}}