{"id":1623,"date":"2022-05-04T11:54:38","date_gmt":"2022-05-04T11:54:38","guid":{"rendered":"https:\/\/reklamni-zapalky.cz\/?post_type=product&#038;p=1623"},"modified":"2023-06-26T10:42:46","modified_gmt":"2023-06-26T10:42:46","slug":"zapalky-quadrat-square","status":"publish","type":"product","link":"https:\/\/reklamni-zapalky.cz\/en\/reklamni-zapalky\/krabickove-zapalky\/zapalky-quadrat-square\/","title":{"rendered":"z\u00e1palky Quadrat \/ Square"},"content":{"rendered":"<p>Reklamn\u00ed z\u00e1palek Quadrat \/ Square nab\u00edz\u00ed v\u011bt\u0161\u00ed plochu pro reklamu a v\u00edce z\u00e1palek.<\/p>","protected":false},"excerpt":{"rendered":"<p>Z\u00e1palky Quadrat jsou m\u00e9n\u011b zn\u00e1m\u00e9, ale sv\u00fdm proveden\u00edm oslov\u00ed ka\u017ed\u00e9ho.<\/p>","protected":false},"featured_media":1625,"template":"","meta":[],"product_brand":[],"product_cat":[17,22],"product_tag":[42,271,57,262,67,98,41],"class_list":{"0":"post-1623","1":"product","2":"type-product","3":"status-publish","4":"has-post-thumbnail","6":"product_cat-reklamni-zapalky","7":"product_cat-krabickove-zapalky","8":"product_tag-krabickove","9":"product_tag-quadrat","10":"product_tag-reklamni","11":"product_tag-s-logem","12":"product_tag-s-potiskem","13":"product_tag-sirky","14":"product_tag-zapalky","16":"first","17":"instock","18":"featured","19":"sold-individually","20":"shipping-taxable","21":"purchasable","22":"product-type-simple"},"_links":{"self":[{"href":"https:\/\/reklamni-zapalky.cz\/en\/wp-json\/wp\/v2\/product\/1623","targetHints":{"allow":["GET"]}}],"collection":[{"href":"https:\/\/reklamni-zapalky.cz\/en\/wp-json\/wp\/v2\/product"}],"about":[{"href":"https:\/\/reklamni-zapalky.cz\/en\/wp-json\/wp\/v2\/types\/product"}],"wp:featuredmedia":[{"embeddable":true,"href":"https:\/\/reklamni-zapalky.cz\/en\/wp-json\/wp\/v2\/media\/1625"}],"wp:attachment":[{"href":"https:\/\/reklamni-zapalky.cz\/en\/wp-json\/wp\/v2\/media?parent=1623"}],"wp:term":[{"taxonomy":"product_brand","embeddable":true,"href":"https:\/\/reklamni-zapalky.cz\/en\/wp-json\/wp\/v2\/product_brand?post=1623"},{"taxonomy":"product_cat","embeddable":true,"href":"https:\/\/reklamni-zapalky.cz\/en\/wp-json\/wp\/v2\/product_cat?post=1623"},{"taxonomy":"product_tag","embeddable":true,"href":"https:\/\/reklamni-zapalky.cz\/en\/wp-json\/wp\/v2\/product_tag?post=1623"}],"curies":[{"name":"wp","href":"https:\/\/api.w.org\/{rel}","templated":true}]}}