{"id":1394,"date":"2021-06-24T11:54:48","date_gmt":"2021-06-24T11:54:48","guid":{"rendered":"http:\/\/reklamni-zapalky.cz\/?post_type=product&#038;p=1394"},"modified":"2023-06-28T09:11:22","modified_gmt":"2023-06-28T09:11:22","slug":"zapalky-svatebni-s-etiketou","status":"publish","type":"product","link":"https:\/\/reklamni-zapalky.cz\/en\/reklamni-zapalky\/zapalky-svatebni-s-etiketou\/","title":{"rendered":"z\u00e1palky Svatebn\u00ed s etiketou"},"content":{"rendered":"<p>Dopl\u0148te sv\u016fj v\u00fdjime\u010dn\u00fd den origin\u00e1ln\u00edmi d\u00e1rky pro sv\u00e9 bl\u00edzk\u00e9. Svatebn\u00ed z\u00e1palky nebo piln\u00ed\u010dky s va\u0161\u00ed grafikou na etiket\u011b m\u016f\u017eou b\u00fdt p\u011bknou upom\u00ednkou na v\u00e1\u0161 den D.<\/p>","protected":false},"excerpt":{"rendered":"<p>Svatebn\u00ed z\u00e1palky m\u016f\u017eete doplnit svatebn\u00edmi piln\u00ed\u010dky. V\u0161e ve va\u0161em designu.<\/p>","protected":false},"featured_media":1396,"template":"","meta":[],"product_brand":[],"product_cat":[17],"product_tag":[244,245,98,243,41],"class_list":{"0":"post-1394","1":"product","2":"type-product","3":"status-publish","4":"has-post-thumbnail","6":"product_cat-reklamni-zapalky","7":"product_tag-darek","8":"product_tag-oslava","9":"product_tag-sirky","10":"product_tag-svatba","11":"product_tag-zapalky","13":"first","14":"instock","15":"shipping-taxable","16":"product-type-simple"},"_links":{"self":[{"href":"https:\/\/reklamni-zapalky.cz\/en\/wp-json\/wp\/v2\/product\/1394","targetHints":{"allow":["GET"]}}],"collection":[{"href":"https:\/\/reklamni-zapalky.cz\/en\/wp-json\/wp\/v2\/product"}],"about":[{"href":"https:\/\/reklamni-zapalky.cz\/en\/wp-json\/wp\/v2\/types\/product"}],"wp:featuredmedia":[{"embeddable":true,"href":"https:\/\/reklamni-zapalky.cz\/en\/wp-json\/wp\/v2\/media\/1396"}],"wp:attachment":[{"href":"https:\/\/reklamni-zapalky.cz\/en\/wp-json\/wp\/v2\/media?parent=1394"}],"wp:term":[{"taxonomy":"product_brand","embeddable":true,"href":"https:\/\/reklamni-zapalky.cz\/en\/wp-json\/wp\/v2\/product_brand?post=1394"},{"taxonomy":"product_cat","embeddable":true,"href":"https:\/\/reklamni-zapalky.cz\/en\/wp-json\/wp\/v2\/product_cat?post=1394"},{"taxonomy":"product_tag","embeddable":true,"href":"https:\/\/reklamni-zapalky.cz\/en\/wp-json\/wp\/v2\/product_tag?post=1394"}],"curies":[{"name":"wp","href":"https:\/\/api.w.org\/{rel}","templated":true}]}}