{"id":197,"date":"2018-12-06T20:45:17","date_gmt":"2018-12-06T20:45:17","guid":{"rendered":"http:\/\/krbove-zapalky-podpalovace.cz\/?page_id=197"},"modified":"2023-03-01T13:18:02","modified_gmt":"2023-03-01T13:18:02","slug":"gdpr","status":"publish","type":"page","link":"https:\/\/reklamni-zapalky.cz\/en\/gdpr\/","title":{"rendered":"Ochrana osobn\u00edch \u00fadaj\u016f \/ GDPR"},"content":{"rendered":"<p>Spr\u00e1vcem osobn\u00edch \u00fadaj\u016f podle \u010dl. 4 bod 7 na\u0159\u00edzen\u00ed  Evropsk\u00e9ho parlamentu a Rady (EU) 2016\/679 o ochran\u011b fyzick\u00fdch osob v  souvislosti se zpracov\u00e1n\u00edm osobn\u00edch \u00fadaj\u016f a o voln\u00e9m pohybu t\u011bchto \u00fadaj\u016f  (d\u00e1le jen: \u201eGDPR je Kenwex a.s., Obr\u00e1nc\u016f M\u00edru 238\/33, 703 00 Ostrava, I\u010c  25829394, d\u00e1le jen: \u201espr\u00e1vce)<\/p>\n\n\n\n<ol class=\"wp-block-list\"><li> Kontaktn\u00ed \u00fadaje spr\u00e1vce jsou:\u00a0Kenwex a.s., Obr\u00e1cn\u016f M\u00edru 238\/33, 703 00 Ostrava V\u00edtkovice, kenwex@kenwex.cz, +420736 627 844. <\/li><li> Osobn\u00ed \u00fadaje\u00a0jsou ty \u00fadaje, kter\u00e9 n\u00e1m dobrovoln\u011b  poskytujete v\u00a0r\u00e1mci vypln\u011bn\u00ed popt\u00e1vky a jej\u00edho odesl\u00e1n\u00ed. Rozum\u00ed se jimi  tak\u00e9 ve\u0161ker\u00e9 informace, kter\u00e9 identifikuj\u00ed nebo mohou identifikovat  konkr\u00e9tn\u00ed osobu. Osobn\u00edmi \u00fadaji jsou zejm\u00e9na: <\/li><\/ol>\n\n\n\n<ul class=\"wp-block-list\"><li>\njm\u00e9no a p\u0159\u00edjmen\u00ed\n<\/li><li>\ne-mailov\u00e1 adresa\n<\/li><li>\ntelefonn\u00ed \u010d\u00edslo\n<\/li><li>\nadresa \/ s\u00eddlo\n<\/li><li>\ndatum narozen\u00ed\n<\/li><\/ul>\n\n\n\n<ol class=\"wp-block-list\"><li> Zdroje a kategorie zpracov\u00e1van\u00fdch osobn\u00edch \u00fadaj\u016f<br>Spr\u00e1vce zpracov\u00e1v\u00e1 osobn\u00ed \u00fadaje, kter\u00e9 jste mu poskytli nebo osobn\u00ed \u00fadaje,  kter\u00e9 spr\u00e1vce z\u00edskal na z\u00e1klad\u011b vypln\u011bn\u00ed Va\u0161\u00ed popt\u00e1vky.  Spr\u00e1vce zpracov\u00e1v\u00e1 Va\u0161e identifika\u010dn\u00ed a kontaktn\u00ed \u00fadaje a \u00fadaje nezbytn\u00e9 pro pln\u011bn\u00ed smlouvy. <\/li><li> Dal\u0161\u00ed \u00fadaje, kter\u00e9 z\u00edsk\u00e1v\u00e1 spr\u00e1vce automaticky  v\u00a0souvislosti s\u00a0vyu\u017e\u00edv\u00e1n\u00edm webov\u00e9ho rozhran\u00ed jsou IP adresa, typ prohl\u00ed\u017ee\u010de, za\u0159\u00edzen\u00ed a opera\u010dn\u00edho syst\u00e9mu, doba a po\u010det p\u0159\u00edstup\u016f na  webov\u00e9 rozhran\u00ed, informace z\u00edskan\u00e9 pomoc\u00ed soubor\u016f cookie a dal\u0161\u00ed obdobn\u00e9.  informace.\u00a0Tyto dal\u0161\u00ed \u00fadaje m\u016f\u017eeme z\u00edsk\u00e1vat i bez registrace a bez  ohledu na to, zda na webov\u00e9m rozhran\u00ed nakupujete nebo ne. <\/li><li> Z\u00e1konn\u00fd d\u016fvod a \u00fa\u010del zpracov\u00e1n\u00ed osobn\u00edch \u00fadaj\u016f: <\/li><\/ol>\n\n\n\n<ol class=\"wp-block-list\"><li> Z\u00e1konn\u00fdm d\u016fvodem zpracov\u00e1n\u00ed osobn\u00edch \u00fadaj\u016f je  vy\u0159\u00edzen\u00ed popt\u00e1vek a dal\u0161\u00ed pln\u011bn\u00ed ze smlouvy, pokud mezi v\u00e1mi a  prod\u00e1vaj\u00edc\u00edm dojde k uzav\u0159en\u00ed kupn\u00ed smlouvy. <\/li><li> V\u00e1\u0161 souhlas se zpracov\u00e1n\u00edm pro \u00fa\u010dely poskytov\u00e1n\u00ed  p\u0159\u00edm\u00e9ho marketingu (zejm\u00e9na pro zas\u00edl\u00e1n\u00ed obchodn\u00edch sd\u011blen\u00ed a  newsletter\u016f) podle \u010dl. 6 odst. 1 p\u00edsm. a) GDPR ve spojen\u00ed s \u00a7 7 odst. 2  z\u00e1kona \u010d. 480\/2004 Sb. <\/li><li> Doba uchov\u00e1v\u00e1n\u00ed \u00fadaj\u016f <\/li><\/ol>\n\n\n\n<p>Va\u0161e osobn\u00ed \u00fadaje budou zpracov\u00e1v\u00e1ny po dobu trv\u00e1n\u00ed \u00fa\u010dink\u016f pr\u00e1v a  povinnost\u00ed ze smlouvy a d\u00e1le po dobu nezbytn\u011b nutnou pro \u00fa\u010dely  archivov\u00e1n\u00ed podle p\u0159\u00edslu\u0161n\u00fdch obecn\u011b z\u00e1vazn\u00fdch pr\u00e1vn\u00edch p\u0159edpis\u016f,  nejd\u00e9le v\u0161ak po dobu stanovenou obecn\u011b z\u00e1vazn\u00fdmi pr\u00e1vn\u00edmi p\u0159edpisy. \u00a0 <\/p>\n\n\n\n<p>Dal\u0161\u00ed p\u0159\u00edjemci osobn\u00edch \u00fadaj\u016f<\/p>\n\n\n\n<ol class=\"wp-block-list\"><li> Va\u0161e osobn\u00ed \u00fadaje nep\u0159ed\u00e1v\u00e1me \u017e\u00e1dn\u00e9 dal\u0161\u00ed osob\u011b.  V\u00fdjimku p\u0159edstavuj\u00ed extern\u00ed dopravci a\u00a0osoby pod\u00edlej\u00edc\u00ed se na dod\u00e1n\u00ed  zbo\u017e\u00ed, p\u0159\u00edpadn\u011b poskytnut\u00ed slu\u017eby. Takov\u00fdm osob\u00e1m jsou Va\u0161e osobn\u00ed \u00fadaje  p\u0159ed\u00e1v\u00e1ny v\u00a0minim\u00e1ln\u00edm rozsahu, kter\u00fd je nutn\u00fd pro doru\u010den\u00ed zbo\u017e\u00ed nebo  poskytnut\u00ed slu\u017eby. <\/li><li> P\u0159\u00edjemci Va\u0161ich osobn\u00edch \u00fadaj\u016f zpracov\u00e1van\u00fdch za  \u00fa\u010delem pln\u011bn\u00ed povinnost\u00ed vypl\u00fdvaj\u00edc\u00edch z pr\u00e1vn\u00edch p\u0159edpis\u016f m\u016f\u017eou b\u00fdt d\u00e1le org\u00e1ny finan\u010dn\u00ed spr\u00e1vy \u010di jin\u00e9 p\u0159\u00edslu\u0161n\u00e9 \u00fa\u0159ady v p\u0159\u00edpadech, kdy tak  spr\u00e1vci ukl\u00e1daj\u00ed obecn\u011b z\u00e1vazn\u00e9 pr\u00e1vn\u00ed p\u0159edpisy. <\/li><li> Spr\u00e1vce nem\u00e1 v \u00famyslu p\u0159edat Va\u0161e osobn\u00ed \u00fadaje do t\u0159et\u00ed zem\u011b (do zem\u011b mimo EU) nebo mezin\u00e1rodn\u00ed organizaci. <\/li><li> Va\u0161e e-mailov\u00e1 adresa m\u016f\u017ee b\u00fdt d\u00e1le p\u0159ed\u00e1na  spole\u010dnosti Heureka Shopping s.r.o. za \u00fa\u010delem zasl\u00e1n\u00ed hodnot\u00edc\u00edho dotazn\u00edku v\u00a0r\u00e1mci slu\u017eby \u201eOv\u011b\u0159eno z\u00e1kazn\u00edky\u201c. Tento dotazn\u00edk V\u00e1m bude na  e-mailovou adresu zasl\u00e1n po uskute\u010dn\u011bn\u00ed n\u00e1kupu spole\u010dnost\u00ed Heureka Shopping s.r.o. a m\u016f\u017eete v n\u011bm hodnotit kvalitu na\u0161ich slu\u017eeb a  produkt\u016f. S\u00a0p\u0159ed\u00e1v\u00e1n\u00edm Va\u0161ich osobn\u00edch \u00fadaj\u016f v\u00a0rozsahu a ve smyslu \u00fa\u010delu  tohoto\u00a0odstavce v\u00fdslovn\u011b souhlas\u00edte. <\/li><li> Va\u0161e pr\u00e1va ohledn\u011b osobn\u00edch \u00fadaj\u016f<br>Za podm\u00ednek stanoven\u00fdch v\u00a0GDPR m\u00e1te <\/li><\/ol>\n\n\n\n<ul class=\"wp-block-list\"><li> pr\u00e1vo po\u017eadovat p\u0159\u00edstup k va\u0161\u00edm osobn\u00edm \u00fadaj\u016fm, <\/li><li> pr\u00e1vo na opravu nebo v\u00fdmaz va\u0161ich osobn\u00edch \u00fadaj\u016f, <\/li><li> pr\u00e1vo na omezen\u00ed jejich zpracov\u00e1n\u00ed, <\/li><li> pr\u00e1vo vzn\u00e9st n\u00e1mitku proti zpracov\u00e1n\u00ed va\u0161ich osobn\u00edch \u00fadaj\u016f, <\/li><li> pr\u00e1vo na p\u0159enositelnost \u00fadaj\u016f. <\/li><li> D\u00e1le m\u00e1te pr\u00e1vo podat st\u00ed\u017enost u dozorov\u00e9ho \u00fa\u0159adu v p\u0159\u00edpad\u011b, \u017ee se domn\u00edv\u00e1te, \u017ee bylo poru\u0161eno Va\u0161e pr\u00e1vo na ochranu osobn\u00edch \u00fadaj\u016f. <\/li><\/ul>\n\n\n\n<ol class=\"wp-block-list\"><li>\nPodm\u00ednky zabezpe\u010den\u00ed osobn\u00edch \u00fadaj\u016f\n<\/li><\/ol>\n\n\n\n<p> Spr\u00e1vce prohla\u0161uje, \u017ee p\u0159ijal ve\u0161ker\u00e1 vhodn\u00e1 technick\u00e1 a organiza\u010dn\u00ed opat\u0159en\u00ed k\u00a0zabezpe\u010den\u00ed osobn\u00edch \u00fadaj\u016f. <\/p>\n\n\n\n<p style=\"font-size:18px\">               <strong>Z\u00e1v\u011bre\u010dn\u00e1 ustanoven\u00ed<\/strong><\/p>\n\n\n\n<p>Registrac\u00ed nebo odesl\u00e1n\u00edm popt\u00e1vky z internetov\u00e9ho popt\u00e1vkov\u00e9ho formul\u00e1\u0159e potvrzujete, \u017ee jste byli sezn\u00e1meni s podm\u00ednkami ochrany  osobn\u00edch \u00fadaj\u016f, a \u017ee je v cel\u00e9m rozsahu p\u0159ij\u00edm\u00e1te.<\/p>\n\n\n\n<p style=\"font-size:18px\">              <strong>Z\u00e1v\u011bre\u010dn\u00e1 ujedn\u00e1n\u00ed<\/strong><\/p>\n\n\n\n<p><strong>1.  <\/strong>Ve\u0161ker\u00e9 vztahy t\u011bmito smluvn\u00edmi podm\u00ednkami neupraven\u00e9 se \u0159\u00edd\u00ed p\u0159\u00edslu\u0161n\u00fdmi ustanoven\u00edmi ob\u010dansk\u00e9ho z\u00e1kon\u00edku, jako\u017e i dal\u0161\u00edmi souvisej\u00edc\u00edmi pr\u00e1vn\u00edmi p\u0159edpisy.<\/p>\n\n\n\n<p><strong>2 .<\/strong>V\u00a0p\u0159\u00edpad\u011b, \u017ee jak\u00e9koliv  ustanoven\u00ed t\u011bchto obchodn\u00edch podm\u00ednek bude shled\u00e1no nez\u00e1konn\u00fdm \u010di neplatn\u00fdm, nebude t\u00edm dot\u010dena platnost respektive \u00fa\u010dinnost ostatn\u00edch  ustanoven\u00ed t\u011bchto obchodn\u00edch podm\u00ednek.<\/p>\n\n\n\n<p><strong>3. <\/strong>Ve\u0161ker\u00e1 ujedn\u00e1n\u00ed mezi  prod\u00e1vaj\u00edc\u00edm a kupuj\u00edc\u00edm obsa\u017een\u00e1 v\u00a0kupn\u00ed smlouv\u011b, maj\u00ed p\u0159ednost p\u0159ed ustanoven\u00edmi\u00a0t\u011bchto smluvn\u00edch podm\u00ednek, se kter\u00fdmi jsou v\u00a0rozporu.<\/p>","protected":false},"excerpt":{"rendered":"<p>Spr\u00e1vcem osobn\u00edch \u00fadaj\u016f podle \u010dl. 4 bod 7 na\u0159\u00edzen\u00ed Evropsk\u00e9ho parlamentu a Rady (EU) 2016\/679 o ochran\u011b fyzick\u00fdch osob v souvislosti se zpracov\u00e1n\u00edm osobn\u00edch \u00fadaj\u016f a o voln\u00e9m pohybu t\u011bchto \u00fadaj\u016f (d\u00e1le jen: \u201eGDPR je Kenwex a.s., Obr\u00e1nc\u016f M\u00edru 238\/33, 703 00 Ostrava, I\u010c 25829394, d\u00e1le jen: \u201espr\u00e1vce) Kontaktn\u00ed \u00fadaje spr\u00e1vce jsou:\u00a0Kenwex a.s., Obr\u00e1cn\u016f M\u00edru [&hellip;]<\/p>","protected":false},"author":1,"featured_media":0,"parent":0,"menu_order":0,"comment_status":"closed","ping_status":"closed","template":"","meta":{"footnotes":""},"class_list":["post-197","page","type-page","status-publish","hentry"],"_links":{"self":[{"href":"https:\/\/reklamni-zapalky.cz\/en\/wp-json\/wp\/v2\/pages\/197","targetHints":{"allow":["GET"]}}],"collection":[{"href":"https:\/\/reklamni-zapalky.cz\/en\/wp-json\/wp\/v2\/pages"}],"about":[{"href":"https:\/\/reklamni-zapalky.cz\/en\/wp-json\/wp\/v2\/types\/page"}],"author":[{"embeddable":true,"href":"https:\/\/reklamni-zapalky.cz\/en\/wp-json\/wp\/v2\/users\/1"}],"replies":[{"embeddable":true,"href":"https:\/\/reklamni-zapalky.cz\/en\/wp-json\/wp\/v2\/comments?post=197"}],"version-history":[{"count":3,"href":"https:\/\/reklamni-zapalky.cz\/en\/wp-json\/wp\/v2\/pages\/197\/revisions"}],"predecessor-version":[{"id":1868,"href":"https:\/\/reklamni-zapalky.cz\/en\/wp-json\/wp\/v2\/pages\/197\/revisions\/1868"}],"wp:attachment":[{"href":"https:\/\/reklamni-zapalky.cz\/en\/wp-json\/wp\/v2\/media?parent=197"}],"curies":[{"name":"wp","href":"https:\/\/api.w.org\/{rel}","templated":true}]}}