{"id":188,"date":"2018-12-06T20:21:25","date_gmt":"2018-12-06T20:21:25","guid":{"rendered":"http:\/\/krbove-zapalky-podpalovace.cz\/?page_id=188"},"modified":"2023-06-14T10:11:09","modified_gmt":"2023-06-14T10:11:09","slug":"kontakt","status":"publish","type":"page","link":"https:\/\/reklamni-zapalky.cz\/en\/kontakt\/","title":{"rendered":"Kontakt"},"content":{"rendered":"<figure class=\"wp-block-image\"><img loading=\"lazy\" decoding=\"async\" width=\"312\" height=\"77\" src=\"https:\/\/reklamni-zapalky.cz\/wp-content\/uploads\/2019\/03\/cropped-logo_kenwex-1-3.png\" alt=\"\" class=\"wp-image-753\" srcset=\"https:\/\/reklamni-zapalky.cz\/wp-content\/uploads\/2019\/03\/cropped-logo_kenwex-1-3.png 312w, https:\/\/reklamni-zapalky.cz\/wp-content\/uploads\/2019\/03\/cropped-logo_kenwex-1-3-300x74.png 300w\" sizes=\"auto, (max-width: 312px) 100vw, 312px\" \/><\/figure>\n\n\n\n<p><strong>Reklamn\u00ed z\u00e1palky, sladkosti, piln\u00ed\u010dky, tu\u017eky.<\/strong>&nbsp;&nbsp;&nbsp;&nbsp;&nbsp;&nbsp;&nbsp;&nbsp;&nbsp;&nbsp;&nbsp;&nbsp;&nbsp;&nbsp;&nbsp;&nbsp;&nbsp;&nbsp;&nbsp;&nbsp;&nbsp;&nbsp;&nbsp;&nbsp;&nbsp;&nbsp;&nbsp;&nbsp;&nbsp;&nbsp; <\/p>\n\n\n\n<p>kenwex(zavin\u00e1\u010d)kenwex.cz<\/p>\n\n\n\n<p>Provozn\u00ed doba:  8:30 &#8211; 15:00 h<\/p>\n\n\n\n<p><\/p>\n\n\n\n<div class=\"wp-block-columns has-2-columns is-layout-flex wp-container-core-columns-is-layout-28f84493 wp-block-columns-is-layout-flex\">\n<div class=\"wp-block-column is-layout-flow wp-block-column-is-layout-flow\">\n<div class=\"wp-block-columns has-2-columns is-layout-flex wp-container-core-columns-is-layout-28f84493 wp-block-columns-is-layout-flex\">\n<div class=\"wp-block-column is-layout-flow wp-block-column-is-layout-flow\">\n<p><strong>Bc. Pavl\u00edna \u010cern\u00e1<\/strong><br>obchodn\u00ed mana\u017eer<\/p>\n\n\n\n<p>jazyky: n\u011bm\u010dina<br>e-mail: pavlina(zavin\u00e1\u010d)kenwex.cz<br>mobil: +420 736 627 844<\/p>\n<\/div>\n\n\n\n<div class=\"wp-block-column is-layout-flow wp-block-column-is-layout-flow\">\n<p><strong>Lucie Sabelov\u00e1<\/strong><br>obchodn\u00ed mana\u017eer<\/p>\n\n\n\n<p>jazyky: angli\u010dtina<br>e-mail: lucie(zavin\u00e1\u010d)kenwex.cz<br>mobil: +420 736 627 849<\/p>\n<\/div>\n<\/div>\n<\/div>\n\n\n\n<div class=\"wp-block-column is-layout-flow wp-block-column-is-layout-flow\">\n<p><\/p>\n<\/div>\n<\/div>\n\n\n\n<div class=\"wp-block-group\"><div class=\"wp-block-group__inner-container is-layout-flow wp-block-group-is-layout-flow\">\n<h3 class=\"wp-block-heading\" style=\"font-size:24px\">Faktura\u010dn\u00ed adresa:                                                                                         <\/h3>\n\n\n\n<p><\/p>\n<\/div><\/div>\n\n\n\n<p>Kenwex a.s.                                                                                                          <br>Obr\u00e1nc\u016f m\u00edru 33                                                                                                <br>703 00  Ostrava                                                                                                    <br>\u010cesk\u00e1 Republika                                                                                                  <br><br>I\u010c: 25829394<br>DI\u010c: CZ25829394 <\/p>\n\n\n\n<p><\/p>\n\n\n\n<p style=\"font-size:24px\">                                      Dodac\u00ed adresa:<\/p>\n\n\n\n<p>Kenwex a.s.<br>Obr\u00e1nc\u016f m\u00edru 35<br>703 00 Ostrava<br>\u010cesk\u00e1 Republika<\/p>\n\n\n\n<div style=\"height:20px\" aria-hidden=\"true\" class=\"wp-block-spacer\"><\/div>\n\n\n\n<h2 class=\"wp-block-heading\">Na\u0161e dal\u0161\u00ed aktivity<\/h2>\n\n\n\n<p><strong>Od z\u00e1palek a\u017e po design &#8230;<\/strong><\/p>\n\n\n\n<figure class=\"wp-block-image\"><img loading=\"lazy\" decoding=\"async\" width=\"182\" height=\"78\" src=\"https:\/\/reklamni-zapalky.cz\/wp-content\/uploads\/2019\/05\/KenDesign-logo.png\" alt=\"\" class=\"wp-image-921\"\/><\/figure>\n\n\n\n<p>www.kendesign.cz<\/p>\n\n\n\n<p><\/p>\n\n\n\n<p><\/p>\n\n\n\n<div style=\"height:37px\" aria-hidden=\"true\" class=\"wp-block-spacer\"><\/div>\n\n\n\n<h4 class=\"wp-block-heading\"><\/h4>\n\n\n\n\n\n<p><\/p>","protected":false},"excerpt":{"rendered":"<p>Reklamn\u00ed z\u00e1palky, sladkosti, piln\u00ed\u010dky, tu\u017eky.&nbsp;&nbsp;&nbsp;&nbsp;&nbsp;&nbsp;&nbsp;&nbsp;&nbsp;&nbsp;&nbsp;&nbsp;&nbsp;&nbsp;&nbsp;&nbsp;&nbsp;&nbsp;&nbsp;&nbsp;&nbsp;&nbsp;&nbsp;&nbsp;&nbsp;&nbsp;&nbsp;&nbsp;&nbsp;&nbsp; kenwex(zavin\u00e1\u010d)kenwex.cz Provozn\u00ed doba: 8:30 &#8211; 15:00 h Bc. Pavl\u00edna \u010cern\u00e1obchodn\u00ed mana\u017eer jazyky: n\u011bm\u010dinae-mail: pavlina(zavin\u00e1\u010d)kenwex.czmobil: +420 736 627 844 Lucie Sabelov\u00e1obchodn\u00ed mana\u017eer jazyky: angli\u010dtinae-mail: lucie(zavin\u00e1\u010d)kenwex.czmobil: +420 736 627 849 Faktura\u010dn\u00ed adresa: Kenwex a.s. Obr\u00e1nc\u016f m\u00edru 33 703 00 Ostrava \u010cesk\u00e1 Republika I\u010c: 25829394DI\u010c: CZ25829394 Dodac\u00ed adresa: Kenwex a.s.Obr\u00e1nc\u016f m\u00edru 35703 00 [&hellip;]<\/p>","protected":false},"author":1,"featured_media":0,"parent":0,"menu_order":0,"comment_status":"closed","ping_status":"closed","template":"template-fullwidth.php","meta":{"footnotes":""},"class_list":["post-188","page","type-page","status-publish","hentry"],"_links":{"self":[{"href":"https:\/\/reklamni-zapalky.cz\/en\/wp-json\/wp\/v2\/pages\/188","targetHints":{"allow":["GET"]}}],"collection":[{"href":"https:\/\/reklamni-zapalky.cz\/en\/wp-json\/wp\/v2\/pages"}],"about":[{"href":"https:\/\/reklamni-zapalky.cz\/en\/wp-json\/wp\/v2\/types\/page"}],"author":[{"embeddable":true,"href":"https:\/\/reklamni-zapalky.cz\/en\/wp-json\/wp\/v2\/users\/1"}],"replies":[{"embeddable":true,"href":"https:\/\/reklamni-zapalky.cz\/en\/wp-json\/wp\/v2\/comments?post=188"}],"version-history":[{"count":52,"href":"https:\/\/reklamni-zapalky.cz\/en\/wp-json\/wp\/v2\/pages\/188\/revisions"}],"predecessor-version":[{"id":1939,"href":"https:\/\/reklamni-zapalky.cz\/en\/wp-json\/wp\/v2\/pages\/188\/revisions\/1939"}],"wp:attachment":[{"href":"https:\/\/reklamni-zapalky.cz\/en\/wp-json\/wp\/v2\/media?parent=188"}],"curies":[{"name":"wp","href":"https:\/\/api.w.org\/{rel}","templated":true}]}}