{"id":632,"date":"2019-03-07T18:25:53","date_gmt":"2019-03-07T18:25:53","guid":{"rendered":"http:\/\/krbove-zapalky-podpalovace.cz\/?post_type=product&#038;p=632"},"modified":"2022-09-20T09:02:37","modified_gmt":"2022-09-20T09:02:37","slug":"rostouci-tuzka","status":"publish","type":"product","link":"http:\/\/reklamni-zapalky.cz\/en\/eko\/reklamni-rostouci-tuzky\/rostouci-tuzka\/","title":{"rendered":"Rostouc\u00ed tu\u017eka"},"content":{"rendered":"<p>Sprout jsou tu\u017eky a pastelky, kter\u00e9 cht\u011bj\u00ed r\u016fst!!!<\/p>\n<p>&nbsp;<\/p>","protected":false},"excerpt":{"rendered":"<p>Rostouc\u00ed tu\u017eky Sprout jsou ekologick\u00e9, kr\u00e1sn\u011b von\u00ed a nav\u00edc &#8211; rostou! Ka\u017ed\u00e1 tu\u017eka obsahuje nejm\u00e9n\u011b 5 sem\u00ednek dle typu bylinky. Sem\u00ednka jsou bez pesticid\u016f a nep\u0159edstavuj\u00ed \u017e\u00e1dn\u00e9 riziko pro rostliny, spodn\u00ed vodu ani pro \u010dlov\u011bka. Tu\u017eky z\u00edskaly ji\u017e \u0159adu mezin\u00e1rodn\u00edch ocen\u011bn\u00ed.<\/p>","protected":false},"featured_media":1683,"template":"","meta":[],"product_brand":[],"product_cat":[38],"product_tag":[298,299,120,205,121,119],"class_list":{"0":"post-632","1":"product","2":"type-product","3":"status-publish","4":"has-post-thumbnail","6":"product_cat-reklamni-rostouci-tuzky","7":"product_tag-bylinky","8":"product_tag-pastelka","9":"product_tag-rostouci","10":"product_tag-seminka","11":"product_tag-sprout","12":"product_tag-tuzka","14":"first","15":"instock","16":"featured","17":"sold-individually","18":"shipping-taxable","19":"purchasable","20":"product-type-simple"},"_links":{"self":[{"href":"http:\/\/reklamni-zapalky.cz\/en\/wp-json\/wp\/v2\/product\/632","targetHints":{"allow":["GET"]}}],"collection":[{"href":"http:\/\/reklamni-zapalky.cz\/en\/wp-json\/wp\/v2\/product"}],"about":[{"href":"http:\/\/reklamni-zapalky.cz\/en\/wp-json\/wp\/v2\/types\/product"}],"wp:featuredmedia":[{"embeddable":true,"href":"http:\/\/reklamni-zapalky.cz\/en\/wp-json\/wp\/v2\/media\/1683"}],"wp:attachment":[{"href":"http:\/\/reklamni-zapalky.cz\/en\/wp-json\/wp\/v2\/media?parent=632"}],"wp:term":[{"taxonomy":"product_brand","embeddable":true,"href":"http:\/\/reklamni-zapalky.cz\/en\/wp-json\/wp\/v2\/product_brand?post=632"},{"taxonomy":"product_cat","embeddable":true,"href":"http:\/\/reklamni-zapalky.cz\/en\/wp-json\/wp\/v2\/product_cat?post=632"},{"taxonomy":"product_tag","embeddable":true,"href":"http:\/\/reklamni-zapalky.cz\/en\/wp-json\/wp\/v2\/product_tag?post=632"}],"curies":[{"name":"wp","href":"https:\/\/api.w.org\/{rel}","templated":true}]}}